{"id":3889,"date":"2021-10-19T16:06:06","date_gmt":"2021-10-19T15:06:06","guid":{"rendered":"https:\/\/apdworpress.azurewebsites.net\/rgpd\/"},"modified":"2021-11-03T11:24:09","modified_gmt":"2021-11-03T11:24:09","slug":"rgpd","status":"publish","type":"page","link":"https:\/\/apd-group.com\/it\/rgpd\/","title":{"rendered":"RGPD"},"content":{"rendered":"\t\t<div data-elementor-type=\"wp-page\" data-elementor-id=\"3889\" class=\"elementor elementor-3889 elementor-3548\" data-elementor-settings=\"{&quot;ha_cmc_init_switcher&quot;:&quot;no&quot;}\" data-elementor-post-type=\"page\">\n\t\t\t\t\t\t<section class=\"elementor-section elementor-top-section elementor-element elementor-element-52ea405 elementor-section-boxed elementor-section-height-default elementor-section-height-default\" data-id=\"52ea405\" data-element_type=\"section\" data-e-type=\"section\" data-settings=\"{&quot;background_background&quot;:&quot;classic&quot;,&quot;_ha_eqh_enable&quot;:false}\">\n\t\t\t\t\t\t<div class=\"elementor-container elementor-column-gap-default\">\n\t\t\t\t\t<div class=\"elementor-column elementor-col-100 elementor-top-column elementor-element elementor-element-78a58e9\" data-id=\"78a58e9\" data-element_type=\"column\" data-e-type=\"column\">\n\t\t\t<div class=\"elementor-widget-wrap elementor-element-populated\">\n\t\t\t\t\t\t<div class=\"elementor-element elementor-element-024fb36 elementor-widget elementor-widget-heading\" data-id=\"024fb36\" data-element_type=\"widget\" data-e-type=\"widget\" data-widget_type=\"heading.default\">\n\t\t\t\t<div class=\"elementor-widget-container\">\n\t\t\t\t\t<h1 class=\"elementor-heading-title elementor-size-default\">RGPD<\/h1>\t\t\t\t<\/div>\n\t\t\t\t<\/div>\n\t\t\t\t\t<\/div>\n\t\t<\/div>\n\t\t\t\t\t<\/div>\n\t\t<\/section>\n\t\t\t\t<section class=\"elementor-section elementor-top-section elementor-element elementor-element-eafe139 elementor-section-boxed elementor-section-height-default elementor-section-height-default\" data-id=\"eafe139\" data-element_type=\"section\" data-e-type=\"section\" data-settings=\"{&quot;_ha_eqh_enable&quot;:false}\">\n\t\t\t\t\t\t<div class=\"elementor-container elementor-column-gap-default\">\n\t\t\t\t\t<div class=\"elementor-column elementor-col-100 elementor-top-column elementor-element elementor-element-03c6e61\" data-id=\"03c6e61\" data-element_type=\"column\" data-e-type=\"column\">\n\t\t\t<div class=\"elementor-widget-wrap elementor-element-populated\">\n\t\t\t\t\t\t<div class=\"elementor-element elementor-element-b0ac4ac elementor-widget elementor-widget-heading\" data-id=\"b0ac4ac\" data-element_type=\"widget\" data-e-type=\"widget\" data-widget_type=\"heading.default\">\n\t\t\t\t<div class=\"elementor-widget-container\">\n\t\t\t\t\t<h1 class=\"elementor-heading-title elementor-size-default\">Regolamento generale sulla protezione dei dati dell'Unione Europea (RGPD)<\/h1>\t\t\t\t<\/div>\n\t\t\t\t<\/div>\n\t\t\t\t\t<\/div>\n\t\t<\/div>\n\t\t\t\t\t<\/div>\n\t\t<\/section>\n\t\t\t\t<section class=\"elementor-section elementor-top-section elementor-element elementor-element-40ea017 elementor-section-boxed elementor-section-height-default elementor-section-height-default\" data-id=\"40ea017\" data-element_type=\"section\" data-e-type=\"section\" data-settings=\"{&quot;_ha_eqh_enable&quot;:false}\">\n\t\t\t\t\t\t<div class=\"elementor-container elementor-column-gap-default\">\n\t\t\t\t\t<div class=\"elementor-column elementor-col-100 elementor-top-column elementor-element elementor-element-85610ec\" data-id=\"85610ec\" data-element_type=\"column\" data-e-type=\"column\">\n\t\t\t<div class=\"elementor-widget-wrap elementor-element-populated\">\n\t\t\t\t\t\t<div class=\"elementor-element elementor-element-172afac elementor-widget elementor-widget-text-editor\" data-id=\"172afac\" data-element_type=\"widget\" data-e-type=\"widget\" data-widget_type=\"text-editor.default\">\n\t\t\t\t<div class=\"elementor-widget-container\">\n\t\t\t\t\t\t\t\t\t<p><span style=\"font-weight: 400;\">Noi di APD ci impegniamo a mantenere la fiducia di chiunque condivida dati personali con noi tutelandone la privacy. In quanto societ\u00e0 attiva sul piano internazionale, garantiamo sempre che le informazioni personali ricevute da clienti, visitatori e dipendenti\/collaboratori siano trattate nel rispetto del Regolamento generale sulla protezione dei dati dell&#8217;Unione Europea (RGPD), introdotto a maggio 2018.<\/span><\/p>\n<p><span style=\"font-weight: 400;\">L&#8217;RGPD incarna i principi riconosciuti di trasparenza, equit\u00e0 e responsabilit\u00e0. Rende possibile l&#8217;innovazione e la partecipazione all&#8217;economia digitale globale, rispettando al contempo i diritti umani.<\/span><\/p>\n<p><span style=\"font-weight: 400;\">Come parte della nostra continua attenzione a sicurezza delle informazioni e privacy a livello dei dati, qui illustriamo come garantiamo la compliance:<\/span><\/p>\n\t\t\t\t\t\t\t\t<\/div>\n\t\t\t\t<\/div>\n\t\t\t\t\t<\/div>\n\t\t<\/div>\n\t\t\t\t\t<\/div>\n\t\t<\/section>\n\t\t\t\t<section class=\"elementor-section elementor-top-section elementor-element elementor-element-916726e elementor-section-boxed elementor-section-height-default elementor-section-height-default\" data-id=\"916726e\" data-element_type=\"section\" data-e-type=\"section\" data-settings=\"{&quot;_ha_eqh_enable&quot;:false}\">\n\t\t\t\t\t\t<div class=\"elementor-container elementor-column-gap-default\">\n\t\t\t\t\t<div class=\"elementor-column elementor-col-50 elementor-top-column elementor-element elementor-element-2dc1d8e\" data-id=\"2dc1d8e\" data-element_type=\"column\" data-e-type=\"column\">\n\t\t\t<div class=\"elementor-widget-wrap elementor-element-populated\">\n\t\t\t\t\t\t<div class=\"elementor-element elementor-element-a1f934e elementor-widget elementor-widget-accordion\" data-id=\"a1f934e\" data-element_type=\"widget\" data-e-type=\"widget\" data-widget_type=\"accordion.default\">\n\t\t\t\t<div class=\"elementor-widget-container\">\n\t\t\t\t\t\t\t<div class=\"elementor-accordion\">\n\t\t\t\t\t\t\t<div class=\"elementor-accordion-item\">\n\t\t\t\t\t<div id=\"elementor-tab-title-1691\" class=\"elementor-tab-title\" data-tab=\"1\" role=\"button\" aria-controls=\"elementor-tab-content-1691\" aria-expanded=\"false\">\n\t\t\t\t\t\t\t\t\t\t\t\t\t<span class=\"elementor-accordion-icon elementor-accordion-icon-right\" aria-hidden=\"true\">\n\t\t\t\t\t\t\t\t\t\t\t\t\t\t\t<span class=\"elementor-accordion-icon-closed\"><i class=\"fas fa-caret-down\"><\/i><\/span>\n\t\t\t\t\t\t\t\t<span class=\"elementor-accordion-icon-opened\"><i class=\"fas fa-caret-up\"><\/i><\/span>\n\t\t\t\t\t\t\t\t\t\t\t\t\t\t<\/span>\n\t\t\t\t\t\t\t\t\t\t\t\t<a class=\"elementor-accordion-title\" tabindex=\"0\">Informative e procedure<\/a>\n\t\t\t\t\t<\/div>\n\t\t\t\t\t<div id=\"elementor-tab-content-1691\" class=\"elementor-tab-content elementor-clearfix\" data-tab=\"1\" role=\"region\" aria-labelledby=\"elementor-tab-title-1691\"><p><span style=\"font-weight: 400;\">Tutti i nostri standard e processi ci consentono di definire il ciclo di vita delle informazioni personali, aiutandoci a garantire la trasparenza, l&#8217;accuratezza, l&#8217;accessibilit\u00e0, la completezza, la sicurezza e la coerenza dei dati. La nostra informativa sulla privacy riflette i requisiti dell&#8217;RGPD e definisce il contesto legato a come otteniamo, archiviamo e utilizziamo le informazioni relative ai nostri clienti e ai nostri dipendenti\/collaboratori.<\/span><\/p>\n<\/div>\n\t\t\t\t<\/div>\n\t\t\t\t\t\t\t<div class=\"elementor-accordion-item\">\n\t\t\t\t\t<div id=\"elementor-tab-title-1692\" class=\"elementor-tab-title\" data-tab=\"2\" role=\"button\" aria-controls=\"elementor-tab-content-1692\" aria-expanded=\"false\">\n\t\t\t\t\t\t\t\t\t\t\t\t\t<span class=\"elementor-accordion-icon elementor-accordion-icon-right\" aria-hidden=\"true\">\n\t\t\t\t\t\t\t\t\t\t\t\t\t\t\t<span class=\"elementor-accordion-icon-closed\"><i class=\"fas fa-caret-down\"><\/i><\/span>\n\t\t\t\t\t\t\t\t<span class=\"elementor-accordion-icon-opened\"><i class=\"fas fa-caret-up\"><\/i><\/span>\n\t\t\t\t\t\t\t\t\t\t\t\t\t\t<\/span>\n\t\t\t\t\t\t\t\t\t\t\t\t<a class=\"elementor-accordion-title\" tabindex=\"0\">Privacy by design<\/a>\n\t\t\t\t\t<\/div>\n\t\t\t\t\t<div id=\"elementor-tab-content-1692\" class=\"elementor-tab-content elementor-clearfix\" data-tab=\"2\" role=\"region\" aria-labelledby=\"elementor-tab-title-1692\"><p><span style=\"font-weight: 400;\">Integrazione dei requisiti legati a tutela dei dati, privacy e sicurezza nelle metodologie di progettazione e sviluppo di un prodotto. I requisiti legati alla privacy sono integrati nel ciclo di sviluppo: dall&#8217;ideazione alla certificazione, passando per la realizzazione concreta e il lancio.<\/span><\/p>\n<\/div>\n\t\t\t\t<\/div>\n\t\t\t\t\t\t\t<div class=\"elementor-accordion-item\">\n\t\t\t\t\t<div id=\"elementor-tab-title-1693\" class=\"elementor-tab-title\" data-tab=\"3\" role=\"button\" aria-controls=\"elementor-tab-content-1693\" aria-expanded=\"false\">\n\t\t\t\t\t\t\t\t\t\t\t\t\t<span class=\"elementor-accordion-icon elementor-accordion-icon-right\" aria-hidden=\"true\">\n\t\t\t\t\t\t\t\t\t\t\t\t\t\t\t<span class=\"elementor-accordion-icon-closed\"><i class=\"fas fa-caret-down\"><\/i><\/span>\n\t\t\t\t\t\t\t\t<span class=\"elementor-accordion-icon-opened\"><i class=\"fas fa-caret-up\"><\/i><\/span>\n\t\t\t\t\t\t\t\t\t\t\t\t\t\t<\/span>\n\t\t\t\t\t\t\t\t\t\t\t\t<a class=\"elementor-accordion-title\" tabindex=\"0\">Sicurezza delle informazioni<\/a>\n\t\t\t\t\t<\/div>\n\t\t\t\t\t<div id=\"elementor-tab-content-1693\" class=\"elementor-tab-content elementor-clearfix\" data-tab=\"3\" role=\"region\" aria-labelledby=\"elementor-tab-title-1693\"><p><span style=\"font-weight: 400;\">Ci impegniamo per migliorare costantemente il quadro di sicurezza informatica in modo da garantire che i processi di risposta agli incidenti continuino a essere efficienti e che la confidenzialit\u00e0, l&#8217;integrit\u00e0 e la disponibilit\u00e0 dei dati personali siano assicurate attraverso appropriate misure tecniche e organizzative.<\/span><\/p>\n<\/div>\n\t\t\t\t<\/div>\n\t\t\t\t\t\t\t<div class=\"elementor-accordion-item\">\n\t\t\t\t\t<div id=\"elementor-tab-title-1694\" class=\"elementor-tab-title\" data-tab=\"4\" role=\"button\" aria-controls=\"elementor-tab-content-1694\" aria-expanded=\"false\">\n\t\t\t\t\t\t\t\t\t\t\t\t\t<span class=\"elementor-accordion-icon elementor-accordion-icon-right\" aria-hidden=\"true\">\n\t\t\t\t\t\t\t\t\t\t\t\t\t\t\t<span class=\"elementor-accordion-icon-closed\"><i class=\"fas fa-caret-down\"><\/i><\/span>\n\t\t\t\t\t\t\t\t<span class=\"elementor-accordion-icon-opened\"><i class=\"fas fa-caret-up\"><\/i><\/span>\n\t\t\t\t\t\t\t\t\t\t\t\t\t\t<\/span>\n\t\t\t\t\t\t\t\t\t\t\t\t<a class=\"elementor-accordion-title\" tabindex=\"0\">Governance delle informazioni<\/a>\n\t\t\t\t\t<\/div>\n\t\t\t\t\t<div id=\"elementor-tab-content-1694\" class=\"elementor-tab-content elementor-clearfix\" data-tab=\"4\" role=\"region\" aria-labelledby=\"elementor-tab-title-1694\"><p><span style=\"font-weight: 400;\">Tutti i dati che archiviamo sono categorizzati. In questo modo abbiamo accesso immediato a una serie di informazioni: cosa abbiamo a disposizione, cosa ne facciamo, dove si trova, dove va a finire e chi ha accesso. Le tipologie di dati sono classificate, con periodi di conservazione definiti e integrati nei sistemi e nei processi.<\/span><\/p>\n<\/div>\n\t\t\t\t<\/div>\n\t\t\t\t\t\t\t\t<\/div>\n\t\t\t\t\t\t<\/div>\n\t\t\t\t<\/div>\n\t\t\t\t\t<\/div>\n\t\t<\/div>\n\t\t\t\t<div class=\"elementor-column elementor-col-50 elementor-top-column elementor-element elementor-element-f73ef6b\" data-id=\"f73ef6b\" data-element_type=\"column\" data-e-type=\"column\">\n\t\t\t<div class=\"elementor-widget-wrap elementor-element-populated\">\n\t\t\t\t\t\t<div class=\"elementor-element elementor-element-de46676 elementor-widget elementor-widget-accordion\" data-id=\"de46676\" data-element_type=\"widget\" data-e-type=\"widget\" data-widget_type=\"accordion.default\">\n\t\t\t\t<div class=\"elementor-widget-container\">\n\t\t\t\t\t\t\t<div class=\"elementor-accordion\">\n\t\t\t\t\t\t\t<div class=\"elementor-accordion-item\">\n\t\t\t\t\t<div id=\"elementor-tab-title-2331\" class=\"elementor-tab-title\" data-tab=\"1\" role=\"button\" aria-controls=\"elementor-tab-content-2331\" aria-expanded=\"false\">\n\t\t\t\t\t\t\t\t\t\t\t\t\t<span class=\"elementor-accordion-icon elementor-accordion-icon-right\" aria-hidden=\"true\">\n\t\t\t\t\t\t\t\t\t\t\t\t\t\t\t<span class=\"elementor-accordion-icon-closed\"><i class=\"fas fa-caret-down\"><\/i><\/span>\n\t\t\t\t\t\t\t\t<span class=\"elementor-accordion-icon-opened\"><i class=\"fas fa-caret-up\"><\/i><\/span>\n\t\t\t\t\t\t\t\t\t\t\t\t\t\t<\/span>\n\t\t\t\t\t\t\t\t\t\t\t\t<a class=\"elementor-accordion-title\" tabindex=\"0\">Richieste di accesso ai dati dei soggetti<\/a>\n\t\t\t\t\t<\/div>\n\t\t\t\t\t<div id=\"elementor-tab-content-2331\" class=\"elementor-tab-content elementor-clearfix\" data-tab=\"1\" role=\"region\" aria-labelledby=\"elementor-tab-title-2331\"><p><span style=\"font-weight: 400;\">La nostra procedura legata alle richieste di accesso ai dati dei soggetti (Subject Access Request, SAR) \u00e8 stata rivista e migliorata. Eventuali richieste di accesso ai dati dei soggetti vanno presentate al responsabile della protezione dei dati nominato, che seguir\u00e0 la procedura per il rilascio di un modulo SAR al soggetto. Il nostro team legale ci aiuter\u00e0 in ogni procedura SAR. In questo modo garantiamo il rispetto dei requisiti stabiliti dall&#8217;RGPD.<\/span><\/p>\n<\/div>\n\t\t\t\t<\/div>\n\t\t\t\t\t\t\t<div class=\"elementor-accordion-item\">\n\t\t\t\t\t<div id=\"elementor-tab-title-2332\" class=\"elementor-tab-title\" data-tab=\"2\" role=\"button\" aria-controls=\"elementor-tab-content-2332\" aria-expanded=\"false\">\n\t\t\t\t\t\t\t\t\t\t\t\t\t<span class=\"elementor-accordion-icon elementor-accordion-icon-right\" aria-hidden=\"true\">\n\t\t\t\t\t\t\t\t\t\t\t\t\t\t\t<span class=\"elementor-accordion-icon-closed\"><i class=\"fas fa-caret-down\"><\/i><\/span>\n\t\t\t\t\t\t\t\t<span class=\"elementor-accordion-icon-opened\"><i class=\"fas fa-caret-up\"><\/i><\/span>\n\t\t\t\t\t\t\t\t\t\t\t\t\t\t<\/span>\n\t\t\t\t\t\t\t\t\t\t\t\t<a class=\"elementor-accordion-title\" tabindex=\"0\">Base legale del trattamento dei dati personali<\/a>\n\t\t\t\t\t<\/div>\n\t\t\t\t\t<div id=\"elementor-tab-content-2332\" class=\"elementor-tab-content elementor-clearfix\" data-tab=\"2\" role=\"region\" aria-labelledby=\"elementor-tab-title-2332\"><p><span style=\"font-weight: 400;\">Le basi legali nell&#8217;RGPD corrispondono ampiamente alle condizioni del trattamento definite nella normativa in materia di protezione dei dati. Abbiamo una solida base legale per il trattamento dei dati in qualit\u00e0 sia di titolare del trattamento, sia di responsabile del trattamento. Questi sono definiti nei nostri documenti di data audit e nell&#8217;informativa sulla privacy presenti nei siti web dell&#8217;azienda e dei vari prodotti.<\/span><\/p>\n<\/div>\n\t\t\t\t<\/div>\n\t\t\t\t\t\t\t<div class=\"elementor-accordion-item\">\n\t\t\t\t\t<div id=\"elementor-tab-title-2333\" class=\"elementor-tab-title\" data-tab=\"3\" role=\"button\" aria-controls=\"elementor-tab-content-2333\" aria-expanded=\"false\">\n\t\t\t\t\t\t\t\t\t\t\t\t\t<span class=\"elementor-accordion-icon elementor-accordion-icon-right\" aria-hidden=\"true\">\n\t\t\t\t\t\t\t\t\t\t\t\t\t\t\t<span class=\"elementor-accordion-icon-closed\"><i class=\"fas fa-caret-down\"><\/i><\/span>\n\t\t\t\t\t\t\t\t<span class=\"elementor-accordion-icon-opened\"><i class=\"fas fa-caret-up\"><\/i><\/span>\n\t\t\t\t\t\t\t\t\t\t\t\t\t\t<\/span>\n\t\t\t\t\t\t\t\t\t\t\t\t<a class=\"elementor-accordion-title\" tabindex=\"0\">Consenso<\/a>\n\t\t\t\t\t<\/div>\n\t\t\t\t\t<div id=\"elementor-tab-content-2333\" class=\"elementor-tab-content elementor-clearfix\" data-tab=\"3\" role=\"region\" aria-labelledby=\"elementor-tab-title-2333\"><p><span style=\"font-weight: 400;\">Il consenso \u00e8 un atto con il quale l&#8217;interessato manifesta l&#8217;intenzione libera, specifica, informata e inequivocabile di accettare il trattamento dei dati. Deve essere separato dagli altri termini e condizioni. Nei nostri siti web dedicati ai prodotti promuoviamo l&#8217;informativa sulla privacy. In questo modo garantiamo la massima trasparenza (quali dati possediamo e cosa ne facciamo). Al momento del conferimento dei dati, gli utenti confermano esplicitamente l&#8217;intenzione di essere contattati spuntando la casella corrispondente. I dati personali acquisiti attraverso i siti web dedicati ai prodotti sono quelli minimi richiesti per convalidare in sicurezza un account utente e ci consentono di contattare i clienti nel caso abbiano bisogno di supporto. I dati personali relativi al nostro staff rappresentano il requisito legale per l&#8217;assunzione. La nostra informativa sulla privacy chiarisce che in ogni caso abbiamo una base legale valida per la raccolta e il trattamento e che i dati personali non sono utilizzati per finalit\u00e0 di profilazione\/marketing, non vengono rivenduti a terzi e non vengono messi pubblicamente a disposizione.<\/span><\/p>\n<\/div>\n\t\t\t\t<\/div>\n\t\t\t\t\t\t\t\t<\/div>\n\t\t\t\t\t\t<\/div>\n\t\t\t\t<\/div>\n\t\t\t\t\t<\/div>\n\t\t<\/div>\n\t\t\t\t\t<\/div>\n\t\t<\/section>\n\t\t\t\t<section class=\"elementor-section elementor-top-section elementor-element elementor-element-0d1c8a7 elementor-section-boxed elementor-section-height-default elementor-section-height-default\" data-id=\"0d1c8a7\" data-element_type=\"section\" data-e-type=\"section\" data-settings=\"{&quot;_ha_eqh_enable&quot;:false}\">\n\t\t\t\t\t\t<div class=\"elementor-container elementor-column-gap-default\">\n\t\t\t\t\t<div class=\"elementor-column elementor-col-100 elementor-top-column elementor-element elementor-element-05ed336\" data-id=\"05ed336\" data-element_type=\"column\" data-e-type=\"column\">\n\t\t\t<div class=\"elementor-widget-wrap elementor-element-populated\">\n\t\t\t\t\t\t<div class=\"elementor-element elementor-element-b9e3716 elementor-widget elementor-widget-html\" data-id=\"b9e3716\" data-element_type=\"widget\" data-e-type=\"widget\" data-widget_type=\"html.default\">\n\t\t\t\t<div class=\"elementor-widget-container\">\n\t\t\t\t\t<script> \r\njQuery(document).ready(function($) { \r\nvar delay = 100; setTimeout(function() { \r\n$('.elementor-tab-title').removeClass('elementor-active');\r\n $('.elementor-tab-content').css('display', 'none'); }, delay); \r\n}); \r\n<\/script>\t\t\t\t<\/div>\n\t\t\t\t<\/div>\n\t\t\t\t\t<\/div>\n\t\t<\/div>\n\t\t\t\t\t<\/div>\n\t\t<\/section>\n\t\t\t\t<\/div>\n\t\t","protected":false},"excerpt":{"rendered":"<p>RGPD Regolamento generale sulla protezione dei dati dell&#8217;Unione Europea (RGPD) Noi di APD ci impegniamo a mantenere la fiducia di chiunque condivida dati personali con noi tutelandone la privacy. In quanto societ\u00e0 attiva sul piano internazionale, garantiamo sempre che le informazioni personali ricevute da clienti, visitatori e dipendenti\/collaboratori siano trattate nel rispetto del Regolamento generale [&hellip;]<\/p>\n","protected":false},"author":10,"featured_media":0,"parent":0,"menu_order":0,"comment_status":"closed","ping_status":"closed","template":"elementor_header_footer","meta":{"footnotes":""},"class_list":["post-3889","page","type-page","status-publish","hentry"],"yoast_head":"<!-- This site is optimized with the Yoast SEO plugin v26.9 - https:\/\/yoast.com\/product\/yoast-seo-wordpress\/ -->\n<title>RGPD - APD Group Ltd<\/title>\n<meta name=\"robots\" content=\"index, follow, max-snippet:-1, max-image-preview:large, max-video-preview:-1\" \/>\n<link rel=\"canonical\" href=\"https:\/\/apd-group.com\/it\/rgpd\/\" \/>\n<meta property=\"og:locale\" content=\"it_IT\" \/>\n<meta property=\"og:type\" content=\"article\" \/>\n<meta property=\"og:title\" content=\"RGPD - APD Group Ltd\" \/>\n<meta property=\"og:description\" content=\"RGPD Regolamento generale sulla protezione dei dati dell&#8217;Unione Europea (RGPD) Noi di APD ci impegniamo a mantenere la fiducia di chiunque condivida dati personali con noi tutelandone la privacy. In quanto societ\u00e0 attiva sul piano internazionale, garantiamo sempre che le informazioni personali ricevute da clienti, visitatori e dipendenti\/collaboratori siano trattate nel rispetto del Regolamento generale [&hellip;]\" \/>\n<meta property=\"og:url\" content=\"https:\/\/apd-group.com\/it\/rgpd\/\" \/>\n<meta property=\"og:site_name\" content=\"APD Group Ltd\" \/>\n<meta property=\"article:modified_time\" content=\"2021-11-03T11:24:09+00:00\" \/>\n<meta name=\"twitter:card\" content=\"summary_large_image\" \/>\n<meta name=\"twitter:label1\" content=\"Tempo di lettura stimato\" \/>\n\t<meta name=\"twitter:data1\" content=\"3 minutes\" \/>\n<script type=\"application\/ld+json\" class=\"yoast-schema-graph\">{\"@context\":\"https:\/\/schema.org\",\"@graph\":[{\"@type\":\"WebPage\",\"@id\":\"https:\/\/apd-group.com\/it\/rgpd\/\",\"url\":\"https:\/\/apd-group.com\/it\/rgpd\/\",\"name\":\"RGPD - APD Group Ltd\",\"isPartOf\":{\"@id\":\"https:\/\/apd-group.com\/it\/#website\"},\"datePublished\":\"2021-10-19T15:06:06+00:00\",\"dateModified\":\"2021-11-03T11:24:09+00:00\",\"breadcrumb\":{\"@id\":\"https:\/\/apd-group.com\/it\/rgpd\/#breadcrumb\"},\"inLanguage\":\"it-IT\",\"potentialAction\":[{\"@type\":\"ReadAction\",\"target\":[\"https:\/\/apd-group.com\/it\/rgpd\/\"]}]},{\"@type\":\"BreadcrumbList\",\"@id\":\"https:\/\/apd-group.com\/it\/rgpd\/#breadcrumb\",\"itemListElement\":[{\"@type\":\"ListItem\",\"position\":1,\"name\":\"Home\",\"item\":\"https:\/\/apd-group.com\/it\/\"},{\"@type\":\"ListItem\",\"position\":2,\"name\":\"RGPD\"}]},{\"@type\":\"WebSite\",\"@id\":\"https:\/\/apd-group.com\/it\/#website\",\"url\":\"https:\/\/apd-group.com\/it\/\",\"name\":\"APD Group Ltd\",\"description\":\"Automotive Business Management\",\"publisher\":{\"@id\":\"https:\/\/apd-group.com\/it\/#organization\"},\"potentialAction\":[{\"@type\":\"SearchAction\",\"target\":{\"@type\":\"EntryPoint\",\"urlTemplate\":\"https:\/\/apd-group.com\/it\/?s={search_term_string}\"},\"query-input\":{\"@type\":\"PropertyValueSpecification\",\"valueRequired\":true,\"valueName\":\"search_term_string\"}}],\"inLanguage\":\"it-IT\"},{\"@type\":\"Organization\",\"@id\":\"https:\/\/apd-group.com\/it\/#organization\",\"name\":\"APD Group Ltd\",\"url\":\"https:\/\/apd-group.com\/it\/\",\"logo\":{\"@type\":\"ImageObject\",\"inLanguage\":\"it-IT\",\"@id\":\"https:\/\/apd-group.com\/it\/#\/schema\/logo\/image\/\",\"url\":\"https:\/\/apd-group.com\/wp-content\/uploads\/2021\/05\/Group-245.png\",\"contentUrl\":\"https:\/\/apd-group.com\/wp-content\/uploads\/2021\/05\/Group-245.png\",\"width\":208,\"height\":59,\"caption\":\"APD Group Ltd\"},\"image\":{\"@id\":\"https:\/\/apd-group.com\/it\/#\/schema\/logo\/image\/\"}}]}<\/script>\n<!-- \/ Yoast SEO plugin. -->","yoast_head_json":{"title":"RGPD - APD Group Ltd","robots":{"index":"index","follow":"follow","max-snippet":"max-snippet:-1","max-image-preview":"max-image-preview:large","max-video-preview":"max-video-preview:-1"},"canonical":"https:\/\/apd-group.com\/it\/rgpd\/","og_locale":"it_IT","og_type":"article","og_title":"RGPD - APD Group Ltd","og_description":"RGPD Regolamento generale sulla protezione dei dati dell&#8217;Unione Europea (RGPD) Noi di APD ci impegniamo a mantenere la fiducia di chiunque condivida dati personali con noi tutelandone la privacy. In quanto societ\u00e0 attiva sul piano internazionale, garantiamo sempre che le informazioni personali ricevute da clienti, visitatori e dipendenti\/collaboratori siano trattate nel rispetto del Regolamento generale [&hellip;]","og_url":"https:\/\/apd-group.com\/it\/rgpd\/","og_site_name":"APD Group Ltd","article_modified_time":"2021-11-03T11:24:09+00:00","twitter_card":"summary_large_image","twitter_misc":{"Tempo di lettura stimato":"3 minutes"},"schema":{"@context":"https:\/\/schema.org","@graph":[{"@type":"WebPage","@id":"https:\/\/apd-group.com\/it\/rgpd\/","url":"https:\/\/apd-group.com\/it\/rgpd\/","name":"RGPD - APD Group Ltd","isPartOf":{"@id":"https:\/\/apd-group.com\/it\/#website"},"datePublished":"2021-10-19T15:06:06+00:00","dateModified":"2021-11-03T11:24:09+00:00","breadcrumb":{"@id":"https:\/\/apd-group.com\/it\/rgpd\/#breadcrumb"},"inLanguage":"it-IT","potentialAction":[{"@type":"ReadAction","target":["https:\/\/apd-group.com\/it\/rgpd\/"]}]},{"@type":"BreadcrumbList","@id":"https:\/\/apd-group.com\/it\/rgpd\/#breadcrumb","itemListElement":[{"@type":"ListItem","position":1,"name":"Home","item":"https:\/\/apd-group.com\/it\/"},{"@type":"ListItem","position":2,"name":"RGPD"}]},{"@type":"WebSite","@id":"https:\/\/apd-group.com\/it\/#website","url":"https:\/\/apd-group.com\/it\/","name":"APD Group Ltd","description":"Automotive Business Management","publisher":{"@id":"https:\/\/apd-group.com\/it\/#organization"},"potentialAction":[{"@type":"SearchAction","target":{"@type":"EntryPoint","urlTemplate":"https:\/\/apd-group.com\/it\/?s={search_term_string}"},"query-input":{"@type":"PropertyValueSpecification","valueRequired":true,"valueName":"search_term_string"}}],"inLanguage":"it-IT"},{"@type":"Organization","@id":"https:\/\/apd-group.com\/it\/#organization","name":"APD Group Ltd","url":"https:\/\/apd-group.com\/it\/","logo":{"@type":"ImageObject","inLanguage":"it-IT","@id":"https:\/\/apd-group.com\/it\/#\/schema\/logo\/image\/","url":"https:\/\/apd-group.com\/wp-content\/uploads\/2021\/05\/Group-245.png","contentUrl":"https:\/\/apd-group.com\/wp-content\/uploads\/2021\/05\/Group-245.png","width":208,"height":59,"caption":"APD Group Ltd"},"image":{"@id":"https:\/\/apd-group.com\/it\/#\/schema\/logo\/image\/"}}]}},"_links":{"self":[{"href":"https:\/\/apd-group.com\/it\/wp-json\/wp\/v2\/pages\/3889","targetHints":{"allow":["GET"]}}],"collection":[{"href":"https:\/\/apd-group.com\/it\/wp-json\/wp\/v2\/pages"}],"about":[{"href":"https:\/\/apd-group.com\/it\/wp-json\/wp\/v2\/types\/page"}],"author":[{"embeddable":true,"href":"https:\/\/apd-group.com\/it\/wp-json\/wp\/v2\/users\/10"}],"replies":[{"embeddable":true,"href":"https:\/\/apd-group.com\/it\/wp-json\/wp\/v2\/comments?post=3889"}],"version-history":[{"count":0,"href":"https:\/\/apd-group.com\/it\/wp-json\/wp\/v2\/pages\/3889\/revisions"}],"wp:attachment":[{"href":"https:\/\/apd-group.com\/it\/wp-json\/wp\/v2\/media?parent=3889"}],"curies":[{"name":"wp","href":"https:\/\/api.w.org\/{rel}","templated":true}]}}