{"id":3863,"date":"2021-10-19T16:05:44","date_gmt":"2021-10-19T15:05:44","guid":{"rendered":"https:\/\/apdworpress.azurewebsites.net\/privacy-e-cookie\/"},"modified":"2023-12-15T21:03:27","modified_gmt":"2023-12-15T21:03:27","slug":"privacy-e-cookie","status":"publish","type":"page","link":"https:\/\/apd-group.com\/it\/privacy-e-cookie\/","title":{"rendered":"Privacy e cookie"},"content":{"rendered":"\t\t<div data-elementor-type=\"wp-page\" data-elementor-id=\"3863\" class=\"elementor elementor-3863 elementor-3590\" data-elementor-settings=\"{&quot;ha_cmc_init_switcher&quot;:&quot;no&quot;}\" data-elementor-post-type=\"page\">\n\t\t\t\t\t\t<section class=\"elementor-section elementor-top-section elementor-element elementor-element-52ea405 elementor-section-boxed elementor-section-height-default elementor-section-height-default\" data-id=\"52ea405\" data-element_type=\"section\" data-e-type=\"section\" data-settings=\"{&quot;background_background&quot;:&quot;classic&quot;,&quot;_ha_eqh_enable&quot;:false}\">\n\t\t\t\t\t\t<div class=\"elementor-container elementor-column-gap-default\">\n\t\t\t\t\t<div class=\"elementor-column elementor-col-100 elementor-top-column elementor-element elementor-element-78a58e9\" data-id=\"78a58e9\" data-element_type=\"column\" data-e-type=\"column\">\n\t\t\t<div class=\"elementor-widget-wrap elementor-element-populated\">\n\t\t\t\t\t\t<div class=\"elementor-element elementor-element-024fb36 elementor-widget elementor-widget-heading\" data-id=\"024fb36\" data-element_type=\"widget\" data-e-type=\"widget\" data-widget_type=\"heading.default\">\n\t\t\t\t<div class=\"elementor-widget-container\">\n\t\t\t\t\t<h1 class=\"elementor-heading-title elementor-size-default\">Privacy e cookie<\/h1>\t\t\t\t<\/div>\n\t\t\t\t<\/div>\n\t\t\t\t\t<\/div>\n\t\t<\/div>\n\t\t\t\t\t<\/div>\n\t\t<\/section>\n\t\t\t\t<section class=\"elementor-section elementor-top-section elementor-element elementor-element-eafe139 elementor-section-boxed elementor-section-height-default elementor-section-height-default\" data-id=\"eafe139\" data-element_type=\"section\" data-e-type=\"section\" data-settings=\"{&quot;_ha_eqh_enable&quot;:false}\">\n\t\t\t\t\t\t<div class=\"elementor-container elementor-column-gap-default\">\n\t\t\t\t\t<div class=\"elementor-column elementor-col-100 elementor-top-column elementor-element elementor-element-03c6e61\" data-id=\"03c6e61\" data-element_type=\"column\" data-e-type=\"column\">\n\t\t\t<div class=\"elementor-widget-wrap elementor-element-populated\">\n\t\t\t\t\t\t<div class=\"elementor-element elementor-element-b0ac4ac elementor-widget elementor-widget-heading\" data-id=\"b0ac4ac\" data-element_type=\"widget\" data-e-type=\"widget\" data-widget_type=\"heading.default\">\n\t\t\t\t<div class=\"elementor-widget-container\">\n\t\t\t\t\t<h1 class=\"elementor-heading-title elementor-size-default\">Privacy e cookie<\/h1>\t\t\t\t<\/div>\n\t\t\t\t<\/div>\n\t\t\t\t\t<\/div>\n\t\t<\/div>\n\t\t\t\t\t<\/div>\n\t\t<\/section>\n\t\t\t\t<section class=\"elementor-section elementor-top-section elementor-element elementor-element-40ea017 elementor-section-boxed elementor-section-height-default elementor-section-height-default\" data-id=\"40ea017\" data-element_type=\"section\" data-e-type=\"section\" data-settings=\"{&quot;_ha_eqh_enable&quot;:false}\">\n\t\t\t\t\t\t<div class=\"elementor-container elementor-column-gap-default\">\n\t\t\t\t\t<div class=\"elementor-column elementor-col-100 elementor-top-column elementor-element elementor-element-85610ec\" data-id=\"85610ec\" data-element_type=\"column\" data-e-type=\"column\">\n\t\t\t<div class=\"elementor-widget-wrap elementor-element-populated\">\n\t\t\t\t\t\t<div class=\"elementor-element elementor-element-172afac elementor-widget elementor-widget-text-editor\" data-id=\"172afac\" data-element_type=\"widget\" data-e-type=\"widget\" data-widget_type=\"text-editor.default\">\n\t\t\t\t<div class=\"elementor-widget-container\">\n\t\t\t\t\t\t\t\t\t<h4>Chi siamo<\/h4>\n<p>Il sito \u00e8 gestito da APD Group Ltd. (n. registrazione societ\u00e0 07423847), una societ\u00e0 costituita in Inghilterra, sede legale: Arkwright House Arkwright Road, Groundwell Industrial Estate, Swindon, Wilts, Inghilterra, SN25 5AB. I riferimenti a APD Group Ltd. includono APD Business Management Ltd. (n. registrazione societ\u00e0 06005270). Per le finalit\u00e0 della normativa in materia di protezione dei dati del 1998 (&#8220;la normativa&#8221;), il titolare del trattamento \u00e8 APD Business Management Ltd. (per i dati personali controllati da quest&#8217;ultima), registrata nel registro dei trattamenti dell&#8217;Information Commissioner&#8217;s Office con il numero ZA228275.<\/p>\n<p>Come visitatore stimato dei nostri siti web o abbonato\/utente dei nostri servizi, ci impegniamo a mantenere la sua privacy e a essere chiari e trasparenti in merito all&#8217;uso dei cookie e dei dati personali in nostro possesso. La presente informativa sulla privacy illustra la nostra linea di condotta in merito all&#8217;uso delle informazioni personali raccolte attraverso l&#8217;uso di questo sito.<\/p>\n<hr>\n<h4>Raccolta delle informazioni<\/h4>\n<p>Compilando un modulo in questo sito web, puoi essere invitato a fornire determinate informazioni personali: &#8220;Dati personali&#8221; (come nome, indirizzo, e-mail, numero di telefono o informazioni di carattere commerciale).<\/p>\n<p>Fornendoci i tuoi dati personali, acconsenti alla raccolta, all&#8217;archiviazione e al trattamento delle informazioni nei modi definiti nella presente informativa sulla privacy.<\/p>\n<hr>\n<h4>Per cosa utilizziamo le informazioni<\/h4>\n<p>Utilizzeremo i dati personali per fornirti le informazioni o i servizi richiesti nell&#8217;ambito della nostra offerta, per contattarti per prestarti aiuto e per comunicarti la pubblicazione dei prodotti a cui sei abbonato. Possiamo anche usare e analizzare le informazioni raccolte per gestire, promuovere e migliorare i siti Internet e servizi da noi offerti e per comunicarti eventuali modifiche.<\/p>\n<p>Possiamo trattare le informazioni personali per i nostri interessi commerciali legittimi. Gli interessi legittimi sono la raccolta, l&#8217;analisi, il benchmarking e l&#8217;esame del comportamento dei visitatori di questo sito web al fine di migliorare i nostri servizi per i clienti.<\/p>\n<p>Hai il diritto di opporti al trattamento e, se lo desideri, ti invitiamo a contattare il nostro responsabile della protezione dei dati (vedere sotto). Tuttavia, nel caso ti opponessi, non saremo in grado di fornirti servizi n\u00e9 prodotti.<\/p>\n<p>Quando trattiamo le tue informazioni personali per i nostri interessi legittimi, assicuriamo di tenere in considerazione e valutare l&#8217;eventuale impatto di questa operazione su di te (sia positivo, sia negativo), rispettando i tuoi diritti definiti dalle leggi sulla protezione dei dati. I nostri interessi commerciali legittimi non prevalgono automaticamente sui tuoi.<\/p>\n<hr>\n<h4>Condivisione delle informazioni<\/h4>\n<p>Le informazioni raccolte attraverso il presente sito web non vengono condivise a terzi. Inoltre, solo il personale autorizzato ha accesso ai dati personali per gli scopi del trattamento\/dell&#8217;analisi dei dati e della fornitura dei prodotti e servizi per cui si \u00e8 sottoscritto l&#8217;abbonamento.<\/p>\n<p>Il trasferimento dei dati personali a Paesi al di fuori dello Spazio economico europeo (SEE) \u00e8 possibile solo il Paese in questione \u00e8 soggetto a una decisione di adeguatezza da parte della Commissione Europea o assicura in altro modo un livello adeguato di protezione dei diritti e delle libert\u00e0 dei soggetti in relazione al trattamento dei dati personali. Fornendoci i tuoi dati personali, acconsenti a questo genere di trasferimento.<\/p>\n<hr>\n<h4>Dove archiviamo i dati personali<\/h4>\n<p>I dati raccolti attraverso i nostri siti Internet vengono archiviati su server situati nell&#8217;Europa occidentale. Assicuriamo la segretezza delle informazioni personali prendendo appropriate misure tecniche e organizzative contro il trattamento non autorizzato e illecito e contro la perdita, la distruzione o il danneggiamento accidentale. Purtroppo Internet non \u00e8 sempre sicuro. Anche se ci impegniamo fortemente per tutelare i dati personali, non possiamo quindi garantire la sicurezza dei dati trasmessi ai nostri siti web o agli altri prodotti e servizi attraverso un collegamento Internet o simile. La trasmissione \u00e8 a tuo rischio. Condividendo i tuoi dati personali, acconsenti al trasferimento, all&#8217;archiviazione e al trattamento in questo senso.<\/p>\n<hr>\n<h4>Aggiornamento delle informazioni personali<\/h4>\n<p>Ti invitiamo a comunicarci eventuali errori o modifiche delle informazioni in nostro possesso. In questo modo possiamo avere registri precisi e aggiornati. Contattaci usando la pagina &#8220;Contattaci&#8221; dei nostri siti web.<\/p>\n<hr>\n<h4>Diritti personali<\/h4>\n<p>Se vuoi accedere alle tue informazioni personali in nostro possesso, scrivici all&#8217;indirizzo riportato sotto per avere una copia della nostra &#8220;Richiesta di accesso ai dati dei soggetti&#8221;. In linea con gli standard accettati definiti dal Commissario per l&#8217;informazione, fino al 25 maggio 2018 le richieste di accesso sono soggette a un costo di \u00a310, da versare a &#8220;APD Business Management Ltd.&#8221; per coprire i costi amministrazione e di elaborazione. Dopo aver ricevuto il modulo compilato e la tariffa dovuta e aver valutato la richiesta considerandola valida, forniremo le informazioni entro 40 giorni. Dal 25 maggio 2018, la richiesta sar\u00e0 a titolo gratuito e si applicher\u00e0 un periodo di 30 giorni.<\/p>\n<p>I dati personali vengono conservati solo per il tempo necessario. Questo tempo non supera la durata del contratto con il cliente rilevante.<\/p>\n<p>A seconda della base legale per il trattamento, avrai i seguenti diritti in relazione alle informazioni personali in nostro possesso, in aggiunta al diritto di accesso descritto in precedenza:<\/p>\n<ul>\n<li>Diritto di correzione: il diritto di correggere o completare i dati personali imprecisi o incompleti in nostro possesso.<\/li>\n<li>Diritto all&#8217;oblio: puoi richiedere la cancellazione dei dati personali in nostro possesso se non pi\u00f9 necessari per gli scopi per il quale erano stati raccolti; se hai ritirato il consenso (se applicabile) o ti sei opposto al trattamento e non sono presenti altre giustificazione per il trattamento dei dati; se i dati sono stati trattati in maniera illegale o se abbiamo l&#8217;obbligo legale di cancellarli. Se una di queste motivazioni \u00e8 valida e non abbiamo motivo di conservare e trattare i dati personali, procederemo tempestivamente alla cancellazione.<\/li>\n<li>Diritto alla limitazione: si applica se si contesta l&#8217;accuratezza dei dati personali in nostro possesso, fino a quando non siamo in grado di verificarne l&#8217;accuratezza; se il trattamento \u00e8 illegale; se vuoi che conserviamo tali dati per un&#8217;azione legale o se ti opponi al trattamento sulla base di nostri interessi legittimi o di interessi di terzi, fino a quando non decideremo quali interessi prevalgono. Ti invieremo una comunicazione prima di abolire una limitazione.<\/li>\n<li>Diritto di opposizione: puoi opporti al trattamento dei dati personali per finalit\u00e0 statistiche, ma questo avr\u00e0 impatto sui servizi che possiamo fornire. Cesseremo il trattamento a meno che non saremo in grado di dimostrare un valido motivo cogente.<\/li>\n<\/ul>\n<hr>\n<h4>Link a siti terzi<\/h4>\n<p>Il nostro sito pu\u00f2 occasionalmente contenere link a o da siti web esterni. Non siamo responsabili del contenuto dei siti web collegati tramite link. Accedendo a un sito terzo, \u00e8 tua responsabilit\u00e0 garantire di aver letto l&#8217;informativa sulla privacy, nonch\u00e9 i termini e le condizioni legali validi per tale sito.<\/p>\n<hr>\n<h4>Cosa sono i cookie?<\/h4>\n<p>I cookie sono parti di codici informatici che vengono salvate sul computer e consentono di riconoscere la visita del nostro sito web da parte di un utente. Questi cookie non sono funzionali, in altre parole non &#8220;compiono&#8221; azioni sul dispositivo, ma fungono semplicemente da &#8220;etichette&#8221;.<\/p>\n<hr>\n<h4>Utilizzo dei cookie<\/h4>\n<p>Utilizziamo i cookie per riconoscere i visitatori dei siti Internet e salvare informazioni su come i visitatori utilizzano i nostri siti. In questo modo possiamo analizzare l&#8217;attivit\u00e0 sui nostri siti, ottimizzando l&#8217;esperienza degli utenti e garantendo di offrire i contenuti migliori per i visitatori. Utilizziamo i cookie per avere informazioni sul numero di visitatori delle varie parti dei siti web, monitorando cos\u00ec le aree pi\u00f9 utili.<\/p>\n<p>Per le nostre applicazioni web, impieghiamo cookie di sessione, grazie ai quali l&#8217;utente non deve effettuare nuovamente il login al sito Internet a ogni visita.<\/p>\n<hr>\n<h4>Disattivazione dei cookie<\/h4>\n<p>Normalmente \u00e8 possibile disattivare i cookie modificando le impostazioni corrispondenti del browser. In questo modo, non si accettano pi\u00f9 i cookie. La maggior parte dei browser web consente la disattivazione tramite le impostazioni.<\/p>\n<p>Si pu\u00f2 impedire che Google raccolga e tratti i dati (incluso l&#8217;indirizzo IP) scaricando l&#8217;estensione del browser disponibile <a href=\"https:\/\/tools.google.com\/dlpage\/gaoptout?hl=it\" target=\"_blank\" rel=\"noopener\">qui.<\/a><\/p>\n<p>Tuttavia, facendolo alcune funzioni di questo sito (o di altri) potrebbero non funzionare correttamente, limitando l&#8217;esperienza dell&#8217;utente.<\/p>\n<hr>\n<h4>Modifiche all&#8217;informativa<\/h4>\n<p>La nostra informativa sulla privacy pu\u00f2 essere modificata in qualunque momento e la versione rivista verr\u00e0 pubblicata in questa pagina. Puoi visionare la versione attuale dell&#8217;informativa a ogni visita del nostro sito web<\/p>\t\t\t\t\t\t\t\t<\/div>\n\t\t\t\t<\/div>\n\t\t\t\t<div class=\"elementor-element elementor-element-3d496e4 elementor-widget elementor-widget-text-editor\" data-id=\"3d496e4\" data-element_type=\"widget\" data-e-type=\"widget\" data-widget_type=\"text-editor.default\">\n\t\t\t\t<div class=\"elementor-widget-container\">\n\t\t\t\t\t\t\t\t\t<h4>Dettagli di contatto<\/h4><p>Puoi contattare il nostro responsabile della protezione dei dati, che \u00e8 responsabile delle questioni legate a tutela dei dati e privacy, per eventuali domande o dubbi.<\/p><p>Via posta:<\/p><address>Data Protection Officer<br \/>APD Group Limited<br \/>Arkwright House<br \/>Arkwright Road<br \/>Groundwell Industrial Estate<br \/>Swindon<br \/>Wiltshire<br \/>SN25 5AB<br \/>Regno Unito<p>\u00a0<\/p><p>Tel: +44 (0)1793 832660<br \/>E-mail: <a href=\"mailto:dataprotection@apd-bm.com\">dataprotection@apd-bm.com<\/a><\/p><\/address><p><span style=\"caret-color: #000000; font-family: 'Calibri Light', sans-serif; font-size: 14.6667px;\">Nuovo rappresentante UE per la protezione dei dati in attesa &#8211; si prega di utilizzare il contatto nel Regno Unito sopra indicato.<\/span><\/p><address>\u00a0<\/address>\t\t\t\t\t\t\t\t<\/div>\n\t\t\t\t<\/div>\n\t\t\t\t\t<\/div>\n\t\t<\/div>\n\t\t\t\t\t<\/div>\n\t\t<\/section>\n\t\t\t\t<\/div>\n\t\t","protected":false},"excerpt":{"rendered":"<p>Privacy e cookie Privacy e cookie Chi siamo Il sito \u00e8 gestito da APD Group Ltd. (n. registrazione societ\u00e0 07423847), una societ\u00e0 costituita in Inghilterra, sede legale: Arkwright House Arkwright Road, Groundwell Industrial Estate, Swindon, Wilts, Inghilterra, SN25 5AB. I riferimenti a APD Group Ltd. includono APD Business Management Ltd. (n. registrazione societ\u00e0 06005270). Per [&hellip;]<\/p>\n","protected":false},"author":10,"featured_media":0,"parent":0,"menu_order":0,"comment_status":"closed","ping_status":"closed","template":"elementor_header_footer","meta":{"footnotes":""},"class_list":["post-3863","page","type-page","status-publish","hentry"],"yoast_head":"<!-- This site is optimized with the Yoast SEO plugin v26.9 - https:\/\/yoast.com\/product\/yoast-seo-wordpress\/ -->\n<title>Privacy e cookie - APD Group Ltd<\/title>\n<meta name=\"robots\" content=\"index, follow, max-snippet:-1, max-image-preview:large, max-video-preview:-1\" \/>\n<link rel=\"canonical\" href=\"https:\/\/apd-group.com\/it\/privacy-e-cookie\/\" \/>\n<meta property=\"og:locale\" content=\"it_IT\" \/>\n<meta property=\"og:type\" content=\"article\" \/>\n<meta property=\"og:title\" content=\"Privacy e cookie - APD Group Ltd\" \/>\n<meta property=\"og:description\" content=\"Privacy e cookie Privacy e cookie Chi siamo Il sito \u00e8 gestito da APD Group Ltd. (n. registrazione societ\u00e0 07423847), una societ\u00e0 costituita in Inghilterra, sede legale: Arkwright House Arkwright Road, Groundwell Industrial Estate, Swindon, Wilts, Inghilterra, SN25 5AB. I riferimenti a APD Group Ltd. includono APD Business Management Ltd. (n. registrazione societ\u00e0 06005270). Per [&hellip;]\" \/>\n<meta property=\"og:url\" content=\"https:\/\/apd-group.com\/it\/privacy-e-cookie\/\" \/>\n<meta property=\"og:site_name\" content=\"APD Group Ltd\" \/>\n<meta property=\"article:modified_time\" content=\"2023-12-15T21:03:27+00:00\" \/>\n<meta name=\"twitter:card\" content=\"summary_large_image\" \/>\n<meta name=\"twitter:label1\" content=\"Tempo di lettura stimato\" \/>\n\t<meta name=\"twitter:data1\" content=\"8 minutes\" \/>\n<script type=\"application\/ld+json\" class=\"yoast-schema-graph\">{\"@context\":\"https:\/\/schema.org\",\"@graph\":[{\"@type\":\"WebPage\",\"@id\":\"https:\/\/apd-group.com\/it\/privacy-e-cookie\/\",\"url\":\"https:\/\/apd-group.com\/it\/privacy-e-cookie\/\",\"name\":\"Privacy e cookie - APD Group Ltd\",\"isPartOf\":{\"@id\":\"https:\/\/apd-group.com\/it\/#website\"},\"datePublished\":\"2021-10-19T15:05:44+00:00\",\"dateModified\":\"2023-12-15T21:03:27+00:00\",\"breadcrumb\":{\"@id\":\"https:\/\/apd-group.com\/it\/privacy-e-cookie\/#breadcrumb\"},\"inLanguage\":\"it-IT\",\"potentialAction\":[{\"@type\":\"ReadAction\",\"target\":[\"https:\/\/apd-group.com\/it\/privacy-e-cookie\/\"]}]},{\"@type\":\"BreadcrumbList\",\"@id\":\"https:\/\/apd-group.com\/it\/privacy-e-cookie\/#breadcrumb\",\"itemListElement\":[{\"@type\":\"ListItem\",\"position\":1,\"name\":\"Home\",\"item\":\"https:\/\/apd-group.com\/it\/\"},{\"@type\":\"ListItem\",\"position\":2,\"name\":\"Privacy e cookie\"}]},{\"@type\":\"WebSite\",\"@id\":\"https:\/\/apd-group.com\/it\/#website\",\"url\":\"https:\/\/apd-group.com\/it\/\",\"name\":\"APD Group Ltd\",\"description\":\"Automotive Business Management\",\"publisher\":{\"@id\":\"https:\/\/apd-group.com\/it\/#organization\"},\"potentialAction\":[{\"@type\":\"SearchAction\",\"target\":{\"@type\":\"EntryPoint\",\"urlTemplate\":\"https:\/\/apd-group.com\/it\/?s={search_term_string}\"},\"query-input\":{\"@type\":\"PropertyValueSpecification\",\"valueRequired\":true,\"valueName\":\"search_term_string\"}}],\"inLanguage\":\"it-IT\"},{\"@type\":\"Organization\",\"@id\":\"https:\/\/apd-group.com\/it\/#organization\",\"name\":\"APD Group Ltd\",\"url\":\"https:\/\/apd-group.com\/it\/\",\"logo\":{\"@type\":\"ImageObject\",\"inLanguage\":\"it-IT\",\"@id\":\"https:\/\/apd-group.com\/it\/#\/schema\/logo\/image\/\",\"url\":\"https:\/\/apd-group.com\/wp-content\/uploads\/2021\/05\/Group-245.png\",\"contentUrl\":\"https:\/\/apd-group.com\/wp-content\/uploads\/2021\/05\/Group-245.png\",\"width\":208,\"height\":59,\"caption\":\"APD Group Ltd\"},\"image\":{\"@id\":\"https:\/\/apd-group.com\/it\/#\/schema\/logo\/image\/\"}}]}<\/script>\n<!-- \/ Yoast SEO plugin. -->","yoast_head_json":{"title":"Privacy e cookie - APD Group Ltd","robots":{"index":"index","follow":"follow","max-snippet":"max-snippet:-1","max-image-preview":"max-image-preview:large","max-video-preview":"max-video-preview:-1"},"canonical":"https:\/\/apd-group.com\/it\/privacy-e-cookie\/","og_locale":"it_IT","og_type":"article","og_title":"Privacy e cookie - APD Group Ltd","og_description":"Privacy e cookie Privacy e cookie Chi siamo Il sito \u00e8 gestito da APD Group Ltd. (n. registrazione societ\u00e0 07423847), una societ\u00e0 costituita in Inghilterra, sede legale: Arkwright House Arkwright Road, Groundwell Industrial Estate, Swindon, Wilts, Inghilterra, SN25 5AB. I riferimenti a APD Group Ltd. includono APD Business Management Ltd. (n. registrazione societ\u00e0 06005270). Per [&hellip;]","og_url":"https:\/\/apd-group.com\/it\/privacy-e-cookie\/","og_site_name":"APD Group Ltd","article_modified_time":"2023-12-15T21:03:27+00:00","twitter_card":"summary_large_image","twitter_misc":{"Tempo di lettura stimato":"8 minutes"},"schema":{"@context":"https:\/\/schema.org","@graph":[{"@type":"WebPage","@id":"https:\/\/apd-group.com\/it\/privacy-e-cookie\/","url":"https:\/\/apd-group.com\/it\/privacy-e-cookie\/","name":"Privacy e cookie - APD Group Ltd","isPartOf":{"@id":"https:\/\/apd-group.com\/it\/#website"},"datePublished":"2021-10-19T15:05:44+00:00","dateModified":"2023-12-15T21:03:27+00:00","breadcrumb":{"@id":"https:\/\/apd-group.com\/it\/privacy-e-cookie\/#breadcrumb"},"inLanguage":"it-IT","potentialAction":[{"@type":"ReadAction","target":["https:\/\/apd-group.com\/it\/privacy-e-cookie\/"]}]},{"@type":"BreadcrumbList","@id":"https:\/\/apd-group.com\/it\/privacy-e-cookie\/#breadcrumb","itemListElement":[{"@type":"ListItem","position":1,"name":"Home","item":"https:\/\/apd-group.com\/it\/"},{"@type":"ListItem","position":2,"name":"Privacy e cookie"}]},{"@type":"WebSite","@id":"https:\/\/apd-group.com\/it\/#website","url":"https:\/\/apd-group.com\/it\/","name":"APD Group Ltd","description":"Automotive Business Management","publisher":{"@id":"https:\/\/apd-group.com\/it\/#organization"},"potentialAction":[{"@type":"SearchAction","target":{"@type":"EntryPoint","urlTemplate":"https:\/\/apd-group.com\/it\/?s={search_term_string}"},"query-input":{"@type":"PropertyValueSpecification","valueRequired":true,"valueName":"search_term_string"}}],"inLanguage":"it-IT"},{"@type":"Organization","@id":"https:\/\/apd-group.com\/it\/#organization","name":"APD Group Ltd","url":"https:\/\/apd-group.com\/it\/","logo":{"@type":"ImageObject","inLanguage":"it-IT","@id":"https:\/\/apd-group.com\/it\/#\/schema\/logo\/image\/","url":"https:\/\/apd-group.com\/wp-content\/uploads\/2021\/05\/Group-245.png","contentUrl":"https:\/\/apd-group.com\/wp-content\/uploads\/2021\/05\/Group-245.png","width":208,"height":59,"caption":"APD Group Ltd"},"image":{"@id":"https:\/\/apd-group.com\/it\/#\/schema\/logo\/image\/"}}]}},"_links":{"self":[{"href":"https:\/\/apd-group.com\/it\/wp-json\/wp\/v2\/pages\/3863","targetHints":{"allow":["GET"]}}],"collection":[{"href":"https:\/\/apd-group.com\/it\/wp-json\/wp\/v2\/pages"}],"about":[{"href":"https:\/\/apd-group.com\/it\/wp-json\/wp\/v2\/types\/page"}],"author":[{"embeddable":true,"href":"https:\/\/apd-group.com\/it\/wp-json\/wp\/v2\/users\/10"}],"replies":[{"embeddable":true,"href":"https:\/\/apd-group.com\/it\/wp-json\/wp\/v2\/comments?post=3863"}],"version-history":[{"count":0,"href":"https:\/\/apd-group.com\/it\/wp-json\/wp\/v2\/pages\/3863\/revisions"}],"wp:attachment":[{"href":"https:\/\/apd-group.com\/it\/wp-json\/wp\/v2\/media?parent=3863"}],"curies":[{"name":"wp","href":"https:\/\/api.w.org\/{rel}","templated":true}]}}