{"id":3851,"date":"2021-10-19T16:05:18","date_gmt":"2021-10-19T15:05:18","guid":{"rendered":"https:\/\/apdworpress.azurewebsites.net\/exigences-relatives-au-systeme\/"},"modified":"2021-10-19T16:05:32","modified_gmt":"2021-10-19T15:05:32","slug":"exigences-relatives-au-systeme","status":"publish","type":"page","link":"https:\/\/apd-group.com\/fr\/exigences-relatives-au-systeme\/","title":{"rendered":"Exigences relatives au syst\u00e8me"},"content":{"rendered":"\t\t<div data-elementor-type=\"wp-page\" data-elementor-id=\"3851\" class=\"elementor elementor-3851 elementor-3599\" data-elementor-settings=\"{&quot;ha_cmc_init_switcher&quot;:&quot;no&quot;}\" data-elementor-post-type=\"page\">\n\t\t\t\t\t\t<section class=\"elementor-section elementor-top-section elementor-element elementor-element-52ea405 elementor-section-boxed elementor-section-height-default elementor-section-height-default\" data-id=\"52ea405\" data-element_type=\"section\" data-e-type=\"section\" data-settings=\"{&quot;background_background&quot;:&quot;classic&quot;,&quot;_ha_eqh_enable&quot;:false}\">\n\t\t\t\t\t\t<div class=\"elementor-container elementor-column-gap-default\">\n\t\t\t\t\t<div class=\"elementor-column elementor-col-100 elementor-top-column elementor-element elementor-element-78a58e9\" data-id=\"78a58e9\" data-element_type=\"column\" data-e-type=\"column\">\n\t\t\t<div class=\"elementor-widget-wrap elementor-element-populated\">\n\t\t\t\t\t\t<div class=\"elementor-element elementor-element-024fb36 elementor-widget elementor-widget-heading\" data-id=\"024fb36\" data-element_type=\"widget\" data-e-type=\"widget\" data-widget_type=\"heading.default\">\n\t\t\t\t<div class=\"elementor-widget-container\">\n\t\t\t\t\t<h1 class=\"elementor-heading-title elementor-size-default\">Exigences relatives au syst\u00e8me<\/h1>\t\t\t\t<\/div>\n\t\t\t\t<\/div>\n\t\t\t\t\t<\/div>\n\t\t<\/div>\n\t\t\t\t\t<\/div>\n\t\t<\/section>\n\t\t\t\t<section class=\"elementor-section elementor-top-section elementor-element elementor-element-eafe139 elementor-section-boxed elementor-section-height-default elementor-section-height-default\" data-id=\"eafe139\" data-element_type=\"section\" data-e-type=\"section\" data-settings=\"{&quot;_ha_eqh_enable&quot;:false}\">\n\t\t\t\t\t\t<div class=\"elementor-container elementor-column-gap-default\">\n\t\t\t\t\t<div class=\"elementor-column elementor-col-100 elementor-top-column elementor-element elementor-element-03c6e61\" data-id=\"03c6e61\" data-element_type=\"column\" data-e-type=\"column\">\n\t\t\t<div class=\"elementor-widget-wrap elementor-element-populated\">\n\t\t\t\t\t\t<div class=\"elementor-element elementor-element-b0ac4ac elementor-widget elementor-widget-heading\" data-id=\"b0ac4ac\" data-element_type=\"widget\" data-e-type=\"widget\" data-widget_type=\"heading.default\">\n\t\t\t\t<div class=\"elementor-widget-container\">\n\t\t\t\t\t<h1 class=\"elementor-heading-title elementor-size-default\">Navigateurs pris en charge<\/h1>\t\t\t\t<\/div>\n\t\t\t\t<\/div>\n\t\t\t\t\t<\/div>\n\t\t<\/div>\n\t\t\t\t\t<\/div>\n\t\t<\/section>\n\t\t\t\t<section class=\"elementor-section elementor-top-section elementor-element elementor-element-40ea017 elementor-section-boxed elementor-section-height-default elementor-section-height-default\" data-id=\"40ea017\" data-element_type=\"section\" data-e-type=\"section\" data-settings=\"{&quot;_ha_eqh_enable&quot;:false}\">\n\t\t\t\t\t\t<div class=\"elementor-container elementor-column-gap-default\">\n\t\t\t\t\t<div class=\"elementor-column elementor-col-100 elementor-top-column elementor-element elementor-element-85610ec\" data-id=\"85610ec\" data-element_type=\"column\" data-e-type=\"column\">\n\t\t\t<div class=\"elementor-widget-wrap elementor-element-populated\">\n\t\t\t\t\t\t<div class=\"elementor-element elementor-element-172afac elementor-widget elementor-widget-text-editor\" data-id=\"172afac\" data-element_type=\"widget\" data-e-type=\"widget\" data-widget_type=\"text-editor.default\">\n\t\t\t\t<div class=\"elementor-widget-container\">\n\t\t\t\t\t\t\t\t\t<p>Les sites et les applications&nbsp;Web d\u2019APD prennent en charge les navigateurs de bureau suivants&nbsp;:<\/p>\n\t\t\t\t\t\t\t\t<\/div>\n\t\t\t\t<\/div>\n\t\t\t\t<div class=\"elementor-element elementor-element-098250c elementor-icon-list--layout-traditional elementor-list-item-link-full_width elementor-widget elementor-widget-icon-list\" data-id=\"098250c\" data-element_type=\"widget\" data-e-type=\"widget\" data-widget_type=\"icon-list.default\">\n\t\t\t\t<div class=\"elementor-widget-container\">\n\t\t\t\t\t\t\t<ul class=\"elementor-icon-list-items\">\n\t\t\t\t\t\t\t<li class=\"elementor-icon-list-item\">\n\t\t\t\t\t\t\t\t\t\t\t<span class=\"elementor-icon-list-icon\">\n\t\t\t\t\t\t\t<i aria-hidden=\"true\" class=\"fab fa-internet-explorer\"><\/i>\t\t\t\t\t\t<\/span>\n\t\t\t\t\t\t\t\t\t\t<span class=\"elementor-icon-list-text\">Microsoft Internet Explorer \u2013 derni\u00e8re version prise en charge sur le syst\u00e8me d\u2019exploitation Microsoft Windows<br>Microsoft Internet Explorer applique automatiquement les mises \u00e0 jour de la derni\u00e8re version<\/span>\n\t\t\t\t\t\t\t\t\t<\/li>\n\t\t\t\t\t\t\t\t<li class=\"elementor-icon-list-item\">\n\t\t\t\t\t\t\t\t\t\t\t<span class=\"elementor-icon-list-icon\">\n\t\t\t\t\t\t\t<i aria-hidden=\"true\" class=\"fab fa-edge\"><\/i>\t\t\t\t\t\t<\/span>\n\t\t\t\t\t\t\t\t\t\t<span class=\"elementor-icon-list-text\">Microsoft Edge \u2013 derni\u00e8re version prise en charge sur le syst\u00e8me d\u2019exploitation Microsoft Windows<br> Microsoft Edge applique automatiquement les mises \u00e0 jour de la derni\u00e8re version<\/span>\n\t\t\t\t\t\t\t\t\t<\/li>\n\t\t\t\t\t\t\t\t<li class=\"elementor-icon-list-item\">\n\t\t\t\t\t\t\t\t\t\t\t<span class=\"elementor-icon-list-icon\">\n\t\t\t\t\t\t\t<i aria-hidden=\"true\" class=\"fab fa-firefox-browser\"><\/i>\t\t\t\t\t\t<\/span>\n\t\t\t\t\t\t\t\t\t\t<span class=\"elementor-icon-list-text\">Mozilla Firefox \u2013 derni\u00e8re version prise en charge sur le syst\u00e8me d\u2019exploitation Microsoft Windows<br> Mozilla Firefox applique automatiquement les mises \u00e0 jour de la derni\u00e8re version<\/span>\n\t\t\t\t\t\t\t\t\t<\/li>\n\t\t\t\t\t\t\t\t<li class=\"elementor-icon-list-item\">\n\t\t\t\t\t\t\t\t\t\t\t<span class=\"elementor-icon-list-icon\">\n\t\t\t\t\t\t\t<i aria-hidden=\"true\" class=\"fab fa-chrome\"><\/i>\t\t\t\t\t\t<\/span>\n\t\t\t\t\t\t\t\t\t\t<span class=\"elementor-icon-list-text\">Google Chrome \u2013 derni\u00e8re version prise en charge sur le syst\u00e8me d\u2019exploitation Microsoft Windows<br> Google Chrome applique automatiquement les mises \u00e0 jour de la derni\u00e8re version<\/span>\n\t\t\t\t\t\t\t\t\t<\/li>\n\t\t\t\t\t\t\t\t<li class=\"elementor-icon-list-item\">\n\t\t\t\t\t\t\t\t\t\t\t<span class=\"elementor-icon-list-icon\">\n\t\t\t\t\t\t\t<i aria-hidden=\"true\" class=\"fab fa-safari\"><\/i>\t\t\t\t\t\t<\/span>\n\t\t\t\t\t\t\t\t\t\t<span class=\"elementor-icon-list-text\">Apple Safari \u2013 derni\u00e8re version prise en charge sur le syst\u00e8me d\u2019exploitation Apple MacOS<br> Apple Safari applique automatiquement les mises \u00e0 jour de la derni\u00e8re version<\/span>\n\t\t\t\t\t\t\t\t\t<\/li>\n\t\t\t\t\t\t\t\t<li class=\"elementor-icon-list-item\">\n\t\t\t\t\t\t\t\t\t\t\t<span class=\"elementor-icon-list-icon\">\n\t\t\t\t\t\t\t<i aria-hidden=\"true\" class=\"fab fa-opera\"><\/i>\t\t\t\t\t\t<\/span>\n\t\t\t\t\t\t\t\t\t\t<span class=\"elementor-icon-list-text\">Opera \u2013 derni\u00e8re version prise en charge sur le syst\u00e8me d\u2019exploitation Microsoft Windows<br> Opera applique automatiquement les mises \u00e0 jour de la derni\u00e8re version<\/span>\n\t\t\t\t\t\t\t\t\t<\/li>\n\t\t\t\t\t\t<\/ul>\n\t\t\t\t\t\t<\/div>\n\t\t\t\t<\/div>\n\t\t\t\t<div class=\"elementor-element elementor-element-d54903e elementor-widget elementor-widget-text-editor\" data-id=\"d54903e\" data-element_type=\"widget\" data-e-type=\"widget\" data-widget_type=\"text-editor.default\">\n\t\t\t\t<div class=\"elementor-widget-container\">\n\t\t\t\t\t\t\t\t\t<p>Pour l\u2019ensemble des navigateurs, vous devez activer JavaScript, les cookies, et TLS 1.2. Nous recommandons une connexion Internet avec une vitesse de t\u00e9l\u00e9chargement d\u2019au moins 4&nbsp;Mb\/s.<\/p>\n<p><strong>Appareils mobiles et tablettes<\/strong><\/p>\n<ul>\n<li>\n<p>L\u2019application&nbsp;Web des tableaux de bord d\u2019APD est con\u00e7ue pour \u00eatre compatible avec les tablettes et appareils mobiles.<\/p>\n<\/li>\n<li>\n<p>Nous recommandons l\u2019utilisation des applications&nbsp;Web d\u2019APD avec un navigateur de bureau plein \u00e9cran.<\/p>\n<\/li>\n<\/ul>\n\t\t\t\t\t\t\t\t<\/div>\n\t\t\t\t<\/div>\n\t\t\t\t\t<\/div>\n\t\t<\/div>\n\t\t\t\t\t<\/div>\n\t\t<\/section>\n\t\t\t\t<section class=\"elementor-section elementor-top-section elementor-element elementor-element-191a855 elementor-section-boxed elementor-section-height-default elementor-section-height-default\" data-id=\"191a855\" data-element_type=\"section\" data-e-type=\"section\" data-settings=\"{&quot;_ha_eqh_enable&quot;:false}\">\n\t\t\t\t\t\t<div class=\"elementor-container elementor-column-gap-default\">\n\t\t\t\t\t<div class=\"elementor-column elementor-col-100 elementor-top-column elementor-element elementor-element-c4b5199\" data-id=\"c4b5199\" data-element_type=\"column\" data-e-type=\"column\">\n\t\t\t<div class=\"elementor-widget-wrap elementor-element-populated\">\n\t\t\t\t\t\t<div class=\"elementor-element elementor-element-6b5d463 elementor-widget elementor-widget-heading\" data-id=\"6b5d463\" data-element_type=\"widget\" data-e-type=\"widget\" data-widget_type=\"heading.default\">\n\t\t\t\t<div class=\"elementor-widget-container\">\n\t\t\t\t\t<h1 class=\"elementor-heading-title elementor-size-default\">Applications de bureau<\/h1>\t\t\t\t<\/div>\n\t\t\t\t<\/div>\n\t\t\t\t<div class=\"elementor-element elementor-element-6ac2f69 elementor-widget elementor-widget-text-editor\" data-id=\"6ac2f69\" data-element_type=\"widget\" data-e-type=\"widget\" data-widget_type=\"text-editor.default\">\n\t\t\t\t<div class=\"elementor-widget-container\">\n\t\t\t\t\t\t\t\t\t<p>Les applications de bureau fournies par APD doivent \u00eatre install\u00e9es sur un syst\u00e8me d\u2019exploitation Microsoft Windows. Les exigences minimales relatives au syst\u00e8me sont \u00e9nonc\u00e9es ci-dessous. N\u00e9anmoins, comme pour la plupart des applications&nbsp;: plus l\u2019ordinateur h\u00f4te est puissant, plus la performance est \u00e9lev\u00e9e.<\/p>\n<ul>\n<li>Syst\u00e8me d\u2019exploitation&nbsp;: Microsoft Windows&nbsp;10 (derni\u00e8re version prise en charge)<\/li>\n<li>Processeur&nbsp;: Intel Pentium 1,2&nbsp;GHz<\/li>\n<li>M\u00e9moire RAM&nbsp;: 2&nbsp;Go<\/li>\n<li>Stockage&nbsp;: 1&nbsp;Go<\/li>\n<\/ul>\n\t\t\t\t\t\t\t\t<\/div>\n\t\t\t\t<\/div>\n\t\t\t\t\t<\/div>\n\t\t<\/div>\n\t\t\t\t\t<\/div>\n\t\t<\/section>\n\t\t\t\t<section class=\"elementor-section elementor-top-section elementor-element elementor-element-4e1459f elementor-section-boxed elementor-section-height-default elementor-section-height-default\" data-id=\"4e1459f\" data-element_type=\"section\" data-e-type=\"section\" data-settings=\"{&quot;_ha_eqh_enable&quot;:false}\">\n\t\t\t\t\t\t<div class=\"elementor-container elementor-column-gap-default\">\n\t\t\t\t\t<div class=\"elementor-column elementor-col-100 elementor-top-column elementor-element elementor-element-0413421\" data-id=\"0413421\" data-element_type=\"column\" data-e-type=\"column\">\n\t\t\t<div class=\"elementor-widget-wrap elementor-element-populated\">\n\t\t\t\t\t\t<div class=\"elementor-element elementor-element-49681f1 elementor-widget elementor-widget-heading\" data-id=\"49681f1\" data-element_type=\"widget\" data-e-type=\"widget\" data-widget_type=\"heading.default\">\n\t\t\t\t<div class=\"elementor-widget-container\">\n\t\t\t\t\t<h1 class=\"elementor-heading-title elementor-size-default\">Rapports<\/h1>\t\t\t\t<\/div>\n\t\t\t\t<\/div>\n\t\t\t\t<div class=\"elementor-element elementor-element-689db04 elementor-widget elementor-widget-text-editor\" data-id=\"689db04\" data-element_type=\"widget\" data-e-type=\"widget\" data-widget_type=\"text-editor.default\">\n\t\t\t\t<div class=\"elementor-widget-container\">\n\t\t\t\t\t\t\t\t\t<p>Les rapports de synth\u00e8se et les rapports des comptes de gestion sont publi\u00e9s sous les formats suivants&nbsp;:<\/p>\n<ul>\n<li>Microsoft Excel<\/li>\n<li>Adobe PDF<\/li>\n<\/ul>\n<p>Pour afficher les rapports de synth\u00e8se, vous devez avoir&nbsp;:<\/p>\n<ul>\n<li>un utilitaire pour la d\u00e9compression des fichiers .zip (e.g. WinZip)<\/li>\n<li>Microsoft Excel&nbsp;2010 ou une version sup\u00e9rieure, dans un environnement d\u2019exploitation Microsoft Windows<\/li>\n<\/ul>\n<p><em>Notez que la fonctionnalit\u00e9 dynamique des rapports de synth\u00e8se sur Microsoft Excel est enti\u00e8rement prise en charge sur une plateforme de syst\u00e8me d\u2019exploitation Microsoft Windows. APD ne garantit en aucun cas le fonctionnement int\u00e9gral de la fonctionnalit\u00e9 dynamique sur des syst\u00e8mes d\u2019exploitation autres que Microsoft Windows.<\/em><\/p>\n\t\t\t\t\t\t\t\t<\/div>\n\t\t\t\t<\/div>\n\t\t\t\t\t<\/div>\n\t\t<\/div>\n\t\t\t\t\t<\/div>\n\t\t<\/section>\n\t\t\t\t<\/div>\n\t\t","protected":false},"excerpt":{"rendered":"<p>Exigences relatives au syst\u00e8me Navigateurs pris en charge Les sites et les applications&nbsp;Web d\u2019APD prennent en charge les navigateurs de bureau suivants&nbsp;: Microsoft Internet Explorer \u2013 derni\u00e8re version prise en charge sur le syst\u00e8me d\u2019exploitation Microsoft WindowsMicrosoft Internet Explorer applique automatiquement les mises \u00e0 jour de la derni\u00e8re version Microsoft Edge \u2013 derni\u00e8re version prise [&hellip;]<\/p>\n","protected":false},"author":10,"featured_media":0,"parent":0,"menu_order":0,"comment_status":"closed","ping_status":"closed","template":"elementor_header_footer","meta":{"footnotes":""},"class_list":["post-3851","page","type-page","status-publish","hentry"],"yoast_head":"<!-- This site is optimized with the Yoast SEO plugin v26.9 - https:\/\/yoast.com\/product\/yoast-seo-wordpress\/ -->\n<title>Exigences relatives au syst\u00e8me - APD Group Ltd<\/title>\n<meta name=\"robots\" content=\"index, follow, max-snippet:-1, max-image-preview:large, max-video-preview:-1\" \/>\n<link rel=\"canonical\" href=\"https:\/\/apd-group.com\/fr\/exigences-relatives-au-systeme\/\" \/>\n<meta property=\"og:locale\" content=\"fr_FR\" \/>\n<meta property=\"og:type\" content=\"article\" \/>\n<meta property=\"og:title\" content=\"Exigences relatives au syst\u00e8me - APD Group Ltd\" \/>\n<meta property=\"og:description\" content=\"Exigences relatives au syst\u00e8me Navigateurs pris en charge Les sites et les applications&nbsp;Web d\u2019APD prennent en charge les navigateurs de bureau suivants&nbsp;: Microsoft Internet Explorer \u2013 derni\u00e8re version prise en charge sur le syst\u00e8me d\u2019exploitation Microsoft WindowsMicrosoft Internet Explorer applique automatiquement les mises \u00e0 jour de la derni\u00e8re version Microsoft Edge \u2013 derni\u00e8re version prise [&hellip;]\" \/>\n<meta property=\"og:url\" content=\"https:\/\/apd-group.com\/fr\/exigences-relatives-au-systeme\/\" \/>\n<meta property=\"og:site_name\" content=\"APD Group Ltd\" \/>\n<meta property=\"article:modified_time\" content=\"2021-10-19T15:05:32+00:00\" \/>\n<meta name=\"twitter:card\" content=\"summary_large_image\" \/>\n<meta name=\"twitter:label1\" content=\"Dur\u00e9e de lecture estim\u00e9e\" \/>\n\t<meta name=\"twitter:data1\" content=\"2 minutes\" \/>\n<script type=\"application\/ld+json\" class=\"yoast-schema-graph\">{\"@context\":\"https:\/\/schema.org\",\"@graph\":[{\"@type\":\"WebPage\",\"@id\":\"https:\/\/apd-group.com\/fr\/exigences-relatives-au-systeme\/\",\"url\":\"https:\/\/apd-group.com\/fr\/exigences-relatives-au-systeme\/\",\"name\":\"Exigences relatives au syst\u00e8me - APD Group Ltd\",\"isPartOf\":{\"@id\":\"https:\/\/apd-group.com\/fr\/#website\"},\"datePublished\":\"2021-10-19T15:05:18+00:00\",\"dateModified\":\"2021-10-19T15:05:32+00:00\",\"breadcrumb\":{\"@id\":\"https:\/\/apd-group.com\/fr\/exigences-relatives-au-systeme\/#breadcrumb\"},\"inLanguage\":\"fr-FR\",\"potentialAction\":[{\"@type\":\"ReadAction\",\"target\":[\"https:\/\/apd-group.com\/fr\/exigences-relatives-au-systeme\/\"]}]},{\"@type\":\"BreadcrumbList\",\"@id\":\"https:\/\/apd-group.com\/fr\/exigences-relatives-au-systeme\/#breadcrumb\",\"itemListElement\":[{\"@type\":\"ListItem\",\"position\":1,\"name\":\"Home\",\"item\":\"https:\/\/apd-group.com\/fr\/\"},{\"@type\":\"ListItem\",\"position\":2,\"name\":\"Exigences relatives au syst\u00e8me\"}]},{\"@type\":\"WebSite\",\"@id\":\"https:\/\/apd-group.com\/fr\/#website\",\"url\":\"https:\/\/apd-group.com\/fr\/\",\"name\":\"APD Group Ltd\",\"description\":\"Automotive Business Management\",\"publisher\":{\"@id\":\"https:\/\/apd-group.com\/fr\/#organization\"},\"potentialAction\":[{\"@type\":\"SearchAction\",\"target\":{\"@type\":\"EntryPoint\",\"urlTemplate\":\"https:\/\/apd-group.com\/fr\/?s={search_term_string}\"},\"query-input\":{\"@type\":\"PropertyValueSpecification\",\"valueRequired\":true,\"valueName\":\"search_term_string\"}}],\"inLanguage\":\"fr-FR\"},{\"@type\":\"Organization\",\"@id\":\"https:\/\/apd-group.com\/fr\/#organization\",\"name\":\"APD Group Ltd\",\"url\":\"https:\/\/apd-group.com\/fr\/\",\"logo\":{\"@type\":\"ImageObject\",\"inLanguage\":\"fr-FR\",\"@id\":\"https:\/\/apd-group.com\/fr\/#\/schema\/logo\/image\/\",\"url\":\"https:\/\/apd-group.com\/wp-content\/uploads\/2021\/05\/Group-245.png\",\"contentUrl\":\"https:\/\/apd-group.com\/wp-content\/uploads\/2021\/05\/Group-245.png\",\"width\":208,\"height\":59,\"caption\":\"APD Group Ltd\"},\"image\":{\"@id\":\"https:\/\/apd-group.com\/fr\/#\/schema\/logo\/image\/\"}}]}<\/script>\n<!-- \/ Yoast SEO plugin. -->","yoast_head_json":{"title":"Exigences relatives au syst\u00e8me - APD Group Ltd","robots":{"index":"index","follow":"follow","max-snippet":"max-snippet:-1","max-image-preview":"max-image-preview:large","max-video-preview":"max-video-preview:-1"},"canonical":"https:\/\/apd-group.com\/fr\/exigences-relatives-au-systeme\/","og_locale":"fr_FR","og_type":"article","og_title":"Exigences relatives au syst\u00e8me - APD Group Ltd","og_description":"Exigences relatives au syst\u00e8me Navigateurs pris en charge Les sites et les applications&nbsp;Web d\u2019APD prennent en charge les navigateurs de bureau suivants&nbsp;: Microsoft Internet Explorer \u2013 derni\u00e8re version prise en charge sur le syst\u00e8me d\u2019exploitation Microsoft WindowsMicrosoft Internet Explorer applique automatiquement les mises \u00e0 jour de la derni\u00e8re version Microsoft Edge \u2013 derni\u00e8re version prise [&hellip;]","og_url":"https:\/\/apd-group.com\/fr\/exigences-relatives-au-systeme\/","og_site_name":"APD Group Ltd","article_modified_time":"2021-10-19T15:05:32+00:00","twitter_card":"summary_large_image","twitter_misc":{"Dur\u00e9e de lecture estim\u00e9e":"2 minutes"},"schema":{"@context":"https:\/\/schema.org","@graph":[{"@type":"WebPage","@id":"https:\/\/apd-group.com\/fr\/exigences-relatives-au-systeme\/","url":"https:\/\/apd-group.com\/fr\/exigences-relatives-au-systeme\/","name":"Exigences relatives au syst\u00e8me - APD Group Ltd","isPartOf":{"@id":"https:\/\/apd-group.com\/fr\/#website"},"datePublished":"2021-10-19T15:05:18+00:00","dateModified":"2021-10-19T15:05:32+00:00","breadcrumb":{"@id":"https:\/\/apd-group.com\/fr\/exigences-relatives-au-systeme\/#breadcrumb"},"inLanguage":"fr-FR","potentialAction":[{"@type":"ReadAction","target":["https:\/\/apd-group.com\/fr\/exigences-relatives-au-systeme\/"]}]},{"@type":"BreadcrumbList","@id":"https:\/\/apd-group.com\/fr\/exigences-relatives-au-systeme\/#breadcrumb","itemListElement":[{"@type":"ListItem","position":1,"name":"Home","item":"https:\/\/apd-group.com\/fr\/"},{"@type":"ListItem","position":2,"name":"Exigences relatives au syst\u00e8me"}]},{"@type":"WebSite","@id":"https:\/\/apd-group.com\/fr\/#website","url":"https:\/\/apd-group.com\/fr\/","name":"APD Group Ltd","description":"Automotive Business Management","publisher":{"@id":"https:\/\/apd-group.com\/fr\/#organization"},"potentialAction":[{"@type":"SearchAction","target":{"@type":"EntryPoint","urlTemplate":"https:\/\/apd-group.com\/fr\/?s={search_term_string}"},"query-input":{"@type":"PropertyValueSpecification","valueRequired":true,"valueName":"search_term_string"}}],"inLanguage":"fr-FR"},{"@type":"Organization","@id":"https:\/\/apd-group.com\/fr\/#organization","name":"APD Group Ltd","url":"https:\/\/apd-group.com\/fr\/","logo":{"@type":"ImageObject","inLanguage":"fr-FR","@id":"https:\/\/apd-group.com\/fr\/#\/schema\/logo\/image\/","url":"https:\/\/apd-group.com\/wp-content\/uploads\/2021\/05\/Group-245.png","contentUrl":"https:\/\/apd-group.com\/wp-content\/uploads\/2021\/05\/Group-245.png","width":208,"height":59,"caption":"APD Group Ltd"},"image":{"@id":"https:\/\/apd-group.com\/fr\/#\/schema\/logo\/image\/"}}]}},"_links":{"self":[{"href":"https:\/\/apd-group.com\/fr\/wp-json\/wp\/v2\/pages\/3851","targetHints":{"allow":["GET"]}}],"collection":[{"href":"https:\/\/apd-group.com\/fr\/wp-json\/wp\/v2\/pages"}],"about":[{"href":"https:\/\/apd-group.com\/fr\/wp-json\/wp\/v2\/types\/page"}],"author":[{"embeddable":true,"href":"https:\/\/apd-group.com\/fr\/wp-json\/wp\/v2\/users\/10"}],"replies":[{"embeddable":true,"href":"https:\/\/apd-group.com\/fr\/wp-json\/wp\/v2\/comments?post=3851"}],"version-history":[{"count":0,"href":"https:\/\/apd-group.com\/fr\/wp-json\/wp\/v2\/pages\/3851\/revisions"}],"wp:attachment":[{"href":"https:\/\/apd-group.com\/fr\/wp-json\/wp\/v2\/media?parent=3851"}],"curies":[{"name":"wp","href":"https:\/\/api.w.org\/{rel}","templated":true}]}}