{"id":3849,"date":"2021-10-19T16:05:17","date_gmt":"2021-10-19T15:05:17","guid":{"rendered":"https:\/\/apdworpress.azurewebsites.net\/esclavage-moderne\/"},"modified":"2021-10-19T16:05:22","modified_gmt":"2021-10-19T15:05:22","slug":"esclavage-moderne","status":"publish","type":"page","link":"https:\/\/apd-group.com\/fr\/esclavage-moderne\/","title":{"rendered":"Esclavage moderne"},"content":{"rendered":"\t\t<div data-elementor-type=\"wp-page\" data-elementor-id=\"3849\" class=\"elementor elementor-3849 elementor-3646\" data-elementor-settings=\"{&quot;ha_cmc_init_switcher&quot;:&quot;no&quot;}\" data-elementor-post-type=\"page\">\n\t\t\t\t\t\t<section class=\"elementor-section elementor-top-section elementor-element elementor-element-52ea405 elementor-section-boxed elementor-section-height-default elementor-section-height-default\" data-id=\"52ea405\" data-element_type=\"section\" data-e-type=\"section\" data-settings=\"{&quot;background_background&quot;:&quot;classic&quot;,&quot;_ha_eqh_enable&quot;:false}\">\n\t\t\t\t\t\t<div class=\"elementor-container elementor-column-gap-default\">\n\t\t\t\t\t<div class=\"elementor-column elementor-col-100 elementor-top-column elementor-element elementor-element-78a58e9\" data-id=\"78a58e9\" data-element_type=\"column\" data-e-type=\"column\">\n\t\t\t<div class=\"elementor-widget-wrap elementor-element-populated\">\n\t\t\t\t\t\t<div class=\"elementor-element elementor-element-024fb36 elementor-widget elementor-widget-heading\" data-id=\"024fb36\" data-element_type=\"widget\" data-e-type=\"widget\" data-widget_type=\"heading.default\">\n\t\t\t\t<div class=\"elementor-widget-container\">\n\t\t\t\t\t<h1 class=\"elementor-heading-title elementor-size-default\">Esclavage moderne<\/h1>\t\t\t\t<\/div>\n\t\t\t\t<\/div>\n\t\t\t\t\t<\/div>\n\t\t<\/div>\n\t\t\t\t\t<\/div>\n\t\t<\/section>\n\t\t\t\t<section class=\"elementor-section elementor-top-section elementor-element elementor-element-eafe139 elementor-section-boxed elementor-section-height-default elementor-section-height-default\" data-id=\"eafe139\" data-element_type=\"section\" data-e-type=\"section\" data-settings=\"{&quot;_ha_eqh_enable&quot;:false}\">\n\t\t\t\t\t\t<div class=\"elementor-container elementor-column-gap-default\">\n\t\t\t\t\t<div class=\"elementor-column elementor-col-100 elementor-top-column elementor-element elementor-element-03c6e61\" data-id=\"03c6e61\" data-element_type=\"column\" data-e-type=\"column\">\n\t\t\t<div class=\"elementor-widget-wrap elementor-element-populated\">\n\t\t\t\t\t\t<div class=\"elementor-element elementor-element-b0ac4ac elementor-widget elementor-widget-heading\" data-id=\"b0ac4ac\" data-element_type=\"widget\" data-e-type=\"widget\" data-widget_type=\"heading.default\">\n\t\t\t\t<div class=\"elementor-widget-container\">\n\t\t\t\t\t<h1 class=\"elementor-heading-title elementor-size-default\">D\u00e9claration de 2019 en mati\u00e8re de lutte contre l\u2019esclavage et la traite d\u2019\u00eatres humains<\/h1>\t\t\t\t<\/div>\n\t\t\t\t<\/div>\n\t\t\t\t\t<\/div>\n\t\t<\/div>\n\t\t\t\t\t<\/div>\n\t\t<\/section>\n\t\t\t\t<section class=\"elementor-section elementor-top-section elementor-element elementor-element-40ea017 elementor-section-boxed elementor-section-height-default elementor-section-height-default\" data-id=\"40ea017\" data-element_type=\"section\" data-e-type=\"section\" data-settings=\"{&quot;_ha_eqh_enable&quot;:false}\">\n\t\t\t\t\t\t<div class=\"elementor-container elementor-column-gap-default\">\n\t\t\t\t\t<div class=\"elementor-column elementor-col-100 elementor-top-column elementor-element elementor-element-85610ec\" data-id=\"85610ec\" data-element_type=\"column\" data-e-type=\"column\">\n\t\t\t<div class=\"elementor-widget-wrap elementor-element-populated\">\n\t\t\t\t\t\t<div class=\"elementor-element elementor-element-172afac elementor-widget elementor-widget-text-editor\" data-id=\"172afac\" data-element_type=\"widget\" data-e-type=\"widget\" data-widget_type=\"text-editor.default\">\n\t\t\t\t<div class=\"elementor-widget-container\">\n\t\t\t\t\t\t\t\t\t<p><b>Introduction<\/b><\/p>\n<p><span style=\"font-weight: 400;\">La pr\u00e9sente D\u00e9claration est faite au nom des soci\u00e9t\u00e9s \u00e9tablies au Royaume-Uni, APD Group Limited et APD business management Limited, ci-apr\u00e8s d\u00e9sign\u00e9es \u00ab&nbsp;APD&nbsp;\u00bb, en r\u00e9f\u00e9rence \u00e0 la clause&nbsp;45&nbsp;(1) du Modern Slavery Act (la loi en mati\u00e8re de lutte contre l\u2019esclavage moderne en vigueur en Royaume-Uni) adopt\u00e9 en 2015.<\/span><\/p>\n<p><span style=\"font-weight: 400;\">Si\u00e8ge social&nbsp;: 10 Queen Street Place, Londres, EC4R 1AG, Royaume-Uni.<\/span><\/p>\n<p><span style=\"font-weight: 400;\">APD s\u2019engage \u00e0 am\u00e9liorer en continu ses pratiques en mati\u00e8re de lutte contre l\u2019esclavage et la traite d\u2019\u00eatres humains et ne tol\u00e8re aucune forme d\u2019esclavage moderne au sein de sa soci\u00e9t\u00e9 et de ses cha\u00eenes d\u2019approvisionnement.<\/span><\/p>\n<p><span style=\"font-weight: 400;\">Il s\u2019agit de notre premi\u00e8re d\u00e9claration en mati\u00e8re de lutte contre l\u2019esclavage moderne apr\u00e8s l\u2019adoption du Modern Slavery Act en 2015. <\/span><span style=\"font-weight: 400;\">Comme son chiffre d\u2019affaires annuel est inf\u00e9rieur \u00e0 36&nbsp;millions de livres, APD<\/span><span style=\"font-weight: 400;\">,<\/span><span style=\"font-weight: 400;\"> n\u2019est pas soumise \u00e0 la clause&nbsp;54&nbsp;(6) du Modern Slavery Act. En tant que fournisseur et employeur responsable, la soci\u00e9t\u00e9 souhaite n\u00e9anmoins prononcer la d\u00e9claration suivante en mati\u00e8re de lutte contre l\u2019esclavage et la traite d\u2019\u00eatres humains <\/span><span style=\"font-weight: 400;\">pour l\u2019exercice se terminant le 31&nbsp;d\u00e9cembre&nbsp;2018.<\/span><\/p>\n<p><span style=\"font-weight: 400;\">APD tient \u00e0 \u00eatre transparente sur son approche \u00e0 l\u2019\u00e9gard de l\u2019esclavage moderne et la pr\u00e9sente D\u00e9claration d\u00e9crit ses perspectives en mati\u00e8re de lutte contre l\u2019esclavage moderne, le cas \u00e9ch\u00e9ant.<\/span><\/p>\n<p><b>Notre soci\u00e9t\u00e9 \u2013 structure, activit\u00e9s et cha\u00eenes d\u2019approvisionnement<\/b><\/p>\n<p><span style=\"font-weight: 400;\">APD Group Limited est la soci\u00e9t\u00e9 m\u00e8re d\u2019APD Business Management Limited, une soci\u00e9t\u00e9 sp\u00e9cialis\u00e9e dans l\u2019offre de services de gestion d\u2019entreprise, la technologie et la formation pour l\u2019industrie automobile et le secteur des loisirs. D\u00e9termin\u00e9e \u00e0 collaborer avec ses r\u00e9seaux de fabricants, distributeurs et d\u00e9taillants, la soci\u00e9t\u00e9 offre des solutions innovantes \u00e9prouv\u00e9es dans plus de 80&nbsp;pays.<\/span><\/p>\n<p><span style=\"font-weight: 400;\">APD exerce en Europe, en Afrique, en Asie et en Am\u00e9rique du Sud, et son si\u00e8ge social est situ\u00e9 au Royaume-Uni.<\/span><\/p>\n<p><b>Gestion des cha\u00eenes d\u2019approvisionnement<\/b><\/p>\n<p><span style=\"font-weight: 400;\">En tant que fournisseur de logiciels et de services professionnels, APD ne d\u00e9tient aucune cha\u00eene d\u2019approvisionnement (locale ou internationale) qui pr\u00e9senterait un risque d\u2019esclavage moderne et de traite d\u2019\u00eatres humains. En r\u00e8gle g\u00e9n\u00e9rale, les entrepreneurs et les fournisseurs auxquels APD fait appel ne risquent donc pas d\u2019\u00eatre expos\u00e9s \u00e0 ces pratiques.<\/span><\/p>\n<p><span style=\"font-weight: 400;\">APD s\u2019engage \u00e0 agir de mani\u00e8re \u00e9thique et int\u00e8gre dans toutes ses relations commerciales et \u00e0 mettre en \u0153uvre et renforcer des syst\u00e8mes et contr\u00f4les efficaces pour assurer l\u2019absence de pratiques li\u00e9es \u00e0 l\u2019esclavage et la traite d\u2019\u00eatres humains au sein de sa soci\u00e9t\u00e9 ou de ses cha\u00eenes d\u2019approvisionnement.<\/span><\/p>\n<p><b>Politiques li\u00e9es \u00e0 l\u2019esclavage et la traite d\u2019\u00eatres humains<\/b><\/p>\n<p><span style=\"font-weight: 400;\">La politique d\u2019APD \u00e0 cet effet est incluse dans les manuels des employ\u00e9s et sous-traitants, conform\u00e9ment \u00e0&nbsp;:<\/span><\/p>\n<ul>\n<li style=\"font-weight: 400;\" aria-level=\"1\"><span style=\"font-weight: 400;\">la D\u00e9claration en mati\u00e8re de responsabilit\u00e9 sociale des entreprises&nbsp;;<\/span><\/li>\n<li style=\"font-weight: 400;\" aria-level=\"1\"><span style=\"font-weight: 400;\">la Politique en mati\u00e8re de lutte contre la corruption&nbsp;; et<\/span><\/li>\n<li style=\"font-weight: 400;\" aria-level=\"1\"><span style=\"font-weight: 400;\">notre Politique en mati\u00e8re d\u2019\u00e9galit\u00e9 des chances.<\/span><\/li>\n<\/ul>\n<p><span style=\"font-weight: 400;\"><br \/>Les employ\u00e9s peuvent acc\u00e9der auxdites politiques sur nos syst\u00e8mes internes et en cas de modification, elles seront publi\u00e9es \u00e0 nouveau.<\/span><\/p>\n<p><b>Identification des risques et prise de mesures pour emp\u00eacher et g\u00e9rer les risques<\/b><\/p>\n<p><span style=\"font-weight: 400;\">APD examine actuellement <\/span><span style=\"font-weight: 400;\">les syst\u00e8mes et contr\u00f4les de lutte contre l\u2019esclavage pour&nbsp;:<\/span><\/p>\n<ul>\n<li style=\"font-weight: 400;\" aria-level=\"1\"><span style=\"font-weight: 400;\">Identifier, \u00e9valuer et surveiller les secteurs \u00e9ventuellement \u00e0 risque dans les cha\u00eenes d\u2019approvisionnement.<\/span><\/li>\n<li style=\"font-weight: 400;\" aria-level=\"1\"><span style=\"font-weight: 400;\">Limiter le risque d\u2019esclavage et de traite d\u2019\u00eatres humains dans l\u2019ensemble des cha\u00eenes d\u2019approvisionnement.<\/span><\/li>\n<li style=\"font-weight: 400;\" aria-level=\"1\"><span style=\"font-weight: 400;\">\u00c9tablir une politique sp\u00e9cifique en mati\u00e8re de lutte contre l\u2019esclavage moderne et l\u2019int\u00e9grer \u00e0 tous nos manuels internationaux.<\/span><\/li>\n<li style=\"font-weight: 400;\" aria-level=\"1\"><span style=\"font-weight: 400;\">\u00c9tablir une politique en mati\u00e8re de d\u00e9nonciation pour encourager les employ\u00e9s \u00e0 prendre la parole et \u00e0 signaler tout acte r\u00e9pr\u00e9hensible.<\/span><\/li>\n<\/ul>\n<p><span style=\"font-weight: 400;\"><br \/>Ces mesures appuieront les politiques en vigueur et l\u2019approche d\u2019APD concernant l\u2019inclusion et la diversit\u00e9, le bien-\u00eatre des employ\u00e9s et la consultation et la participation des employ\u00e9s.<\/span><\/p>\n<p><b>Processus de vigilance appropri\u00e9e concernant l\u2019esclavage et la traite d\u2019\u00eatres humains au sein de notre soci\u00e9t\u00e9 et des cha\u00eenes d\u2019approvisionnement<\/b><\/p>\n<p><span style=\"font-weight: 400;\">Dans le cadre de notre d\u00e9termination \u00e0 identifier et r\u00e9duire les risques&nbsp;:<\/span><\/p>\n<ul>\n<li style=\"font-weight: 400;\" aria-level=\"1\"><span style=\"font-weight: 400;\">APD continuera de surveiller et d\u2019\u00e9valuer les \u00e9ventuels risques au sein de sa soci\u00e9t\u00e9 et de ses cha\u00eenes d\u2019approvisionnement.<\/span><\/li>\n<li style=\"font-weight: 400;\" aria-level=\"1\"><span style=\"font-weight: 400;\">L\u2019\u00e9quipe charg\u00e9e de l\u2019approvisionnement et des ventes int\u00e9grera des \u00e9valuations des risques dans ses processus et signalera tout \u00e9ventuel risque.<\/span><\/li>\n<li style=\"font-weight: 400;\" aria-level=\"1\"><span style=\"font-weight: 400;\">Mise en \u0153uvre de notre Politique en mati\u00e8re de d\u00e9nonciation et protection de tous les auteurs de signalement.<\/span><\/li>\n<li style=\"font-weight: 400;\" aria-level=\"1\"><span style=\"font-weight: 400;\">Int\u00e9gration de la Politique en mati\u00e8re de lutte contre l\u2019esclavage moderne dans tous les manuels.<\/span><\/li>\n<\/ul>\n<p><b><br \/>Recrutement et S\u00e9lection<\/b><\/p>\n<p><span style=\"font-weight: 400;\">APD suit un processus de recrutement et de s\u00e9lection clairement d\u00e9fini et s\u2019assure que les employ\u00e9s proviennent uniquement d\u2019organisations reconnues.<\/span><\/p>\n<p><span style=\"font-weight: 400;\">Toutes les filiales d\u2019APD aideront \u00e0 garantir la mise en \u0153uvre de contr\u00f4les appropri\u00e9s pour permettre aux employ\u00e9s d\u2019exercer leur droit au travail, et elles seront ainsi prot\u00e9g\u00e9es par les r\u00e9glementations du travail pertinentes, y compris, sans toutefois s\u2019y limiter lors de la v\u00e9rification des documents de droit au travail, des visas et des passeports.<\/span><\/p>\n<p><b>Efficacit\u00e9 de la lutte contre l\u2019esclavage et la traite d\u2019\u00eatres humains<\/b><\/p>\n<p><span style=\"font-weight: 400;\">APD comprend qu\u2019elle doit continuer \u00e0 \u00e9valuer et r\u00e9duire le risque d\u2019esclavage moderne. Tandis qu\u2019APD continue d\u2019avancer dans ce domaine, les objectifs des d\u00e9veloppements futurs seront de comprendre la nature de ce risque, d\u2019\u00e9tablir des politiques et de mettre en \u0153uvre des contr\u00f4les pour g\u00e9rer tout risque qui se pose.<\/span><\/p>\n<p><span style=\"font-weight: 400;\">APD tient \u00e0&nbsp;:<\/span><\/p>\n<ul>\n<li style=\"font-weight: 400;\" aria-level=\"1\"><span style=\"font-weight: 400;\">\u00c9tendre la formation sur la lutte contre l\u2019esclavage moderne \u00e0 tous les employ\u00e9s.<\/span><\/li>\n<li style=\"font-weight: 400;\" aria-level=\"1\"><span style=\"font-weight: 400;\">Suivre les perspectives et les approches des meilleures pratiques en mati\u00e8re de lutte contre l\u2019esclavage moderne, y compris celles des clients d\u2019APD, et veiller \u00e0 ce qu\u2019APD respecte ces approches si elles s\u2019appliquent \u00e0 nos activit\u00e9s.<\/span><\/li>\n<\/ul>\n<p><b><br \/>Formation sur la lutte contre l\u2019esclavage et la traite d\u2019\u00eatres humains<\/b><\/p>\n<ul>\n<li style=\"font-weight: 400;\" aria-level=\"1\"><span style=\"font-weight: 400;\">D\u00e9tails des mises \u00e0 jour de la formation distribu\u00e9s \u00e0 tous les employ\u00e9s concern\u00e9s des \u00e9quipes charg\u00e9es de l\u2019approvisionnement&nbsp;\/&nbsp;des ventes<\/span><\/li>\n<li style=\"font-weight: 400;\" aria-level=\"1\"><span style=\"font-weight: 400;\">Mises \u00e0 jour de notre plateforme de formation interne pour que l\u2019ensemble des employ\u00e9s puissent approfondir leurs connaissances dans ce domaine critique<\/span><\/li>\n<\/ul>\n<p><span style=\"font-weight: 400;\"><br \/>La pr\u00e9sente d\u00e9claration est conforme \u00e0 la clause&nbsp;54&nbsp;(1) du Modern Slavery Act adopt\u00e9 en 2015 et constitue la D\u00e9claration en mati\u00e8re de lutte contre l\u2019esclavage et la traite d\u2019\u00eatres humains de la soci\u00e9t\u00e9 <\/span><span style=\"font-weight: 400;\">pour l\u2019exercice se terminant le 31&nbsp;d\u00e9cembre&nbsp;2018.<\/span><\/p>\n<p><span style=\"font-weight: 400;\">D\u00e9claration sign\u00e9e par Jonno&nbsp;Francis, Directeur des op\u00e9rations<\/span><\/p>\n\t\t\t\t\t\t\t\t<\/div>\n\t\t\t\t<\/div>\n\t\t\t\t\t<\/div>\n\t\t<\/div>\n\t\t\t\t\t<\/div>\n\t\t<\/section>\n\t\t\t\t<\/div>\n\t\t","protected":false},"excerpt":{"rendered":"<p>Esclavage moderne D\u00e9claration de 2019 en mati\u00e8re de lutte contre l\u2019esclavage et la traite d\u2019\u00eatres humains Introduction La pr\u00e9sente D\u00e9claration est faite au nom des soci\u00e9t\u00e9s \u00e9tablies au Royaume-Uni, APD Group Limited et APD business management Limited, ci-apr\u00e8s d\u00e9sign\u00e9es \u00ab&nbsp;APD&nbsp;\u00bb, en r\u00e9f\u00e9rence \u00e0 la clause&nbsp;45&nbsp;(1) du Modern Slavery Act (la loi en mati\u00e8re de lutte [&hellip;]<\/p>\n","protected":false},"author":10,"featured_media":0,"parent":0,"menu_order":0,"comment_status":"closed","ping_status":"closed","template":"elementor_header_footer","meta":{"footnotes":""},"class_list":["post-3849","page","type-page","status-publish","hentry"],"yoast_head":"<!-- This site is optimized with the Yoast SEO plugin v26.9 - https:\/\/yoast.com\/product\/yoast-seo-wordpress\/ -->\n<title>Esclavage moderne - APD Group Ltd<\/title>\n<meta name=\"robots\" content=\"index, follow, max-snippet:-1, max-image-preview:large, max-video-preview:-1\" \/>\n<link rel=\"canonical\" href=\"https:\/\/apd-group.com\/fr\/esclavage-moderne\/\" \/>\n<meta property=\"og:locale\" content=\"fr_FR\" \/>\n<meta property=\"og:type\" content=\"article\" \/>\n<meta property=\"og:title\" content=\"Esclavage moderne - APD Group Ltd\" \/>\n<meta property=\"og:description\" content=\"Esclavage moderne D\u00e9claration de 2019 en mati\u00e8re de lutte contre l\u2019esclavage et la traite d\u2019\u00eatres humains Introduction La pr\u00e9sente D\u00e9claration est faite au nom des soci\u00e9t\u00e9s \u00e9tablies au Royaume-Uni, APD Group Limited et APD business management Limited, ci-apr\u00e8s d\u00e9sign\u00e9es \u00ab&nbsp;APD&nbsp;\u00bb, en r\u00e9f\u00e9rence \u00e0 la clause&nbsp;45&nbsp;(1) du Modern Slavery Act (la loi en mati\u00e8re de lutte [&hellip;]\" \/>\n<meta property=\"og:url\" content=\"https:\/\/apd-group.com\/fr\/esclavage-moderne\/\" \/>\n<meta property=\"og:site_name\" content=\"APD Group Ltd\" \/>\n<meta property=\"article:modified_time\" content=\"2021-10-19T15:05:22+00:00\" \/>\n<meta name=\"twitter:card\" content=\"summary_large_image\" \/>\n<meta name=\"twitter:label1\" content=\"Dur\u00e9e de lecture estim\u00e9e\" \/>\n\t<meta name=\"twitter:data1\" content=\"6 minutes\" \/>\n<script type=\"application\/ld+json\" class=\"yoast-schema-graph\">{\"@context\":\"https:\/\/schema.org\",\"@graph\":[{\"@type\":\"WebPage\",\"@id\":\"https:\/\/apd-group.com\/fr\/esclavage-moderne\/\",\"url\":\"https:\/\/apd-group.com\/fr\/esclavage-moderne\/\",\"name\":\"Esclavage moderne - APD Group Ltd\",\"isPartOf\":{\"@id\":\"https:\/\/apd-group.com\/fr\/#website\"},\"datePublished\":\"2021-10-19T15:05:17+00:00\",\"dateModified\":\"2021-10-19T15:05:22+00:00\",\"breadcrumb\":{\"@id\":\"https:\/\/apd-group.com\/fr\/esclavage-moderne\/#breadcrumb\"},\"inLanguage\":\"fr-FR\",\"potentialAction\":[{\"@type\":\"ReadAction\",\"target\":[\"https:\/\/apd-group.com\/fr\/esclavage-moderne\/\"]}]},{\"@type\":\"BreadcrumbList\",\"@id\":\"https:\/\/apd-group.com\/fr\/esclavage-moderne\/#breadcrumb\",\"itemListElement\":[{\"@type\":\"ListItem\",\"position\":1,\"name\":\"Home\",\"item\":\"https:\/\/apd-group.com\/fr\/\"},{\"@type\":\"ListItem\",\"position\":2,\"name\":\"Esclavage moderne\"}]},{\"@type\":\"WebSite\",\"@id\":\"https:\/\/apd-group.com\/fr\/#website\",\"url\":\"https:\/\/apd-group.com\/fr\/\",\"name\":\"APD Group Ltd\",\"description\":\"Automotive Business Management\",\"publisher\":{\"@id\":\"https:\/\/apd-group.com\/fr\/#organization\"},\"potentialAction\":[{\"@type\":\"SearchAction\",\"target\":{\"@type\":\"EntryPoint\",\"urlTemplate\":\"https:\/\/apd-group.com\/fr\/?s={search_term_string}\"},\"query-input\":{\"@type\":\"PropertyValueSpecification\",\"valueRequired\":true,\"valueName\":\"search_term_string\"}}],\"inLanguage\":\"fr-FR\"},{\"@type\":\"Organization\",\"@id\":\"https:\/\/apd-group.com\/fr\/#organization\",\"name\":\"APD Group Ltd\",\"url\":\"https:\/\/apd-group.com\/fr\/\",\"logo\":{\"@type\":\"ImageObject\",\"inLanguage\":\"fr-FR\",\"@id\":\"https:\/\/apd-group.com\/fr\/#\/schema\/logo\/image\/\",\"url\":\"https:\/\/apd-group.com\/wp-content\/uploads\/2021\/05\/Group-245.png\",\"contentUrl\":\"https:\/\/apd-group.com\/wp-content\/uploads\/2021\/05\/Group-245.png\",\"width\":208,\"height\":59,\"caption\":\"APD Group Ltd\"},\"image\":{\"@id\":\"https:\/\/apd-group.com\/fr\/#\/schema\/logo\/image\/\"}}]}<\/script>\n<!-- \/ Yoast SEO plugin. -->","yoast_head_json":{"title":"Esclavage moderne - APD Group Ltd","robots":{"index":"index","follow":"follow","max-snippet":"max-snippet:-1","max-image-preview":"max-image-preview:large","max-video-preview":"max-video-preview:-1"},"canonical":"https:\/\/apd-group.com\/fr\/esclavage-moderne\/","og_locale":"fr_FR","og_type":"article","og_title":"Esclavage moderne - APD Group Ltd","og_description":"Esclavage moderne D\u00e9claration de 2019 en mati\u00e8re de lutte contre l\u2019esclavage et la traite d\u2019\u00eatres humains Introduction La pr\u00e9sente D\u00e9claration est faite au nom des soci\u00e9t\u00e9s \u00e9tablies au Royaume-Uni, APD Group Limited et APD business management Limited, ci-apr\u00e8s d\u00e9sign\u00e9es \u00ab&nbsp;APD&nbsp;\u00bb, en r\u00e9f\u00e9rence \u00e0 la clause&nbsp;45&nbsp;(1) du Modern Slavery Act (la loi en mati\u00e8re de lutte [&hellip;]","og_url":"https:\/\/apd-group.com\/fr\/esclavage-moderne\/","og_site_name":"APD Group Ltd","article_modified_time":"2021-10-19T15:05:22+00:00","twitter_card":"summary_large_image","twitter_misc":{"Dur\u00e9e de lecture estim\u00e9e":"6 minutes"},"schema":{"@context":"https:\/\/schema.org","@graph":[{"@type":"WebPage","@id":"https:\/\/apd-group.com\/fr\/esclavage-moderne\/","url":"https:\/\/apd-group.com\/fr\/esclavage-moderne\/","name":"Esclavage moderne - APD Group Ltd","isPartOf":{"@id":"https:\/\/apd-group.com\/fr\/#website"},"datePublished":"2021-10-19T15:05:17+00:00","dateModified":"2021-10-19T15:05:22+00:00","breadcrumb":{"@id":"https:\/\/apd-group.com\/fr\/esclavage-moderne\/#breadcrumb"},"inLanguage":"fr-FR","potentialAction":[{"@type":"ReadAction","target":["https:\/\/apd-group.com\/fr\/esclavage-moderne\/"]}]},{"@type":"BreadcrumbList","@id":"https:\/\/apd-group.com\/fr\/esclavage-moderne\/#breadcrumb","itemListElement":[{"@type":"ListItem","position":1,"name":"Home","item":"https:\/\/apd-group.com\/fr\/"},{"@type":"ListItem","position":2,"name":"Esclavage moderne"}]},{"@type":"WebSite","@id":"https:\/\/apd-group.com\/fr\/#website","url":"https:\/\/apd-group.com\/fr\/","name":"APD Group Ltd","description":"Automotive Business Management","publisher":{"@id":"https:\/\/apd-group.com\/fr\/#organization"},"potentialAction":[{"@type":"SearchAction","target":{"@type":"EntryPoint","urlTemplate":"https:\/\/apd-group.com\/fr\/?s={search_term_string}"},"query-input":{"@type":"PropertyValueSpecification","valueRequired":true,"valueName":"search_term_string"}}],"inLanguage":"fr-FR"},{"@type":"Organization","@id":"https:\/\/apd-group.com\/fr\/#organization","name":"APD Group Ltd","url":"https:\/\/apd-group.com\/fr\/","logo":{"@type":"ImageObject","inLanguage":"fr-FR","@id":"https:\/\/apd-group.com\/fr\/#\/schema\/logo\/image\/","url":"https:\/\/apd-group.com\/wp-content\/uploads\/2021\/05\/Group-245.png","contentUrl":"https:\/\/apd-group.com\/wp-content\/uploads\/2021\/05\/Group-245.png","width":208,"height":59,"caption":"APD Group Ltd"},"image":{"@id":"https:\/\/apd-group.com\/fr\/#\/schema\/logo\/image\/"}}]}},"_links":{"self":[{"href":"https:\/\/apd-group.com\/fr\/wp-json\/wp\/v2\/pages\/3849","targetHints":{"allow":["GET"]}}],"collection":[{"href":"https:\/\/apd-group.com\/fr\/wp-json\/wp\/v2\/pages"}],"about":[{"href":"https:\/\/apd-group.com\/fr\/wp-json\/wp\/v2\/types\/page"}],"author":[{"embeddable":true,"href":"https:\/\/apd-group.com\/fr\/wp-json\/wp\/v2\/users\/10"}],"replies":[{"embeddable":true,"href":"https:\/\/apd-group.com\/fr\/wp-json\/wp\/v2\/comments?post=3849"}],"version-history":[{"count":0,"href":"https:\/\/apd-group.com\/fr\/wp-json\/wp\/v2\/pages\/3849\/revisions"}],"wp:attachment":[{"href":"https:\/\/apd-group.com\/fr\/wp-json\/wp\/v2\/media?parent=3849"}],"curies":[{"name":"wp","href":"https:\/\/api.w.org\/{rel}","templated":true}]}}