{"id":3844,"date":"2021-10-19T16:05:10","date_gmt":"2021-10-19T15:05:10","guid":{"rendered":"https:\/\/apdworpress.azurewebsites.net\/confidentialite-et-cookies\/"},"modified":"2023-12-15T21:00:49","modified_gmt":"2023-12-15T21:00:49","slug":"confidentialite-et-cookies","status":"publish","type":"page","link":"https:\/\/apd-group.com\/fr\/confidentialite-et-cookies\/","title":{"rendered":"Confidentialit\u00e9 et cookies"},"content":{"rendered":"\t\t<div data-elementor-type=\"wp-page\" data-elementor-id=\"3844\" class=\"elementor elementor-3844 elementor-3590\" data-elementor-settings=\"{&quot;ha_cmc_init_switcher&quot;:&quot;no&quot;}\" data-elementor-post-type=\"page\">\n\t\t\t\t\t\t<section class=\"elementor-section elementor-top-section elementor-element elementor-element-52ea405 elementor-section-boxed elementor-section-height-default elementor-section-height-default\" data-id=\"52ea405\" data-element_type=\"section\" data-e-type=\"section\" data-settings=\"{&quot;background_background&quot;:&quot;classic&quot;,&quot;_ha_eqh_enable&quot;:false}\">\n\t\t\t\t\t\t<div class=\"elementor-container elementor-column-gap-default\">\n\t\t\t\t\t<div class=\"elementor-column elementor-col-100 elementor-top-column elementor-element elementor-element-78a58e9\" data-id=\"78a58e9\" data-element_type=\"column\" data-e-type=\"column\">\n\t\t\t<div class=\"elementor-widget-wrap elementor-element-populated\">\n\t\t\t\t\t\t<div class=\"elementor-element elementor-element-024fb36 elementor-widget elementor-widget-heading\" data-id=\"024fb36\" data-element_type=\"widget\" data-e-type=\"widget\" data-widget_type=\"heading.default\">\n\t\t\t\t<div class=\"elementor-widget-container\">\n\t\t\t\t\t<h1 class=\"elementor-heading-title elementor-size-default\">Confidentialit\u00e9 et cookies<\/h1>\t\t\t\t<\/div>\n\t\t\t\t<\/div>\n\t\t\t\t\t<\/div>\n\t\t<\/div>\n\t\t\t\t\t<\/div>\n\t\t<\/section>\n\t\t\t\t<section class=\"elementor-section elementor-top-section elementor-element elementor-element-eafe139 elementor-section-boxed elementor-section-height-default elementor-section-height-default\" data-id=\"eafe139\" data-element_type=\"section\" data-e-type=\"section\" data-settings=\"{&quot;_ha_eqh_enable&quot;:false}\">\n\t\t\t\t\t\t<div class=\"elementor-container elementor-column-gap-default\">\n\t\t\t\t\t<div class=\"elementor-column elementor-col-100 elementor-top-column elementor-element elementor-element-03c6e61\" data-id=\"03c6e61\" data-element_type=\"column\" data-e-type=\"column\">\n\t\t\t<div class=\"elementor-widget-wrap elementor-element-populated\">\n\t\t\t\t\t\t<div class=\"elementor-element elementor-element-b0ac4ac elementor-widget elementor-widget-heading\" data-id=\"b0ac4ac\" data-element_type=\"widget\" data-e-type=\"widget\" data-widget_type=\"heading.default\">\n\t\t\t\t<div class=\"elementor-widget-container\">\n\t\t\t\t\t<h1 class=\"elementor-heading-title elementor-size-default\">Confidentialit\u00e9 et cookies<\/h1>\t\t\t\t<\/div>\n\t\t\t\t<\/div>\n\t\t\t\t\t<\/div>\n\t\t<\/div>\n\t\t\t\t\t<\/div>\n\t\t<\/section>\n\t\t\t\t<section class=\"elementor-section elementor-top-section elementor-element elementor-element-40ea017 elementor-section-boxed elementor-section-height-default elementor-section-height-default\" data-id=\"40ea017\" data-element_type=\"section\" data-e-type=\"section\" data-settings=\"{&quot;_ha_eqh_enable&quot;:false}\">\n\t\t\t\t\t\t<div class=\"elementor-container elementor-column-gap-default\">\n\t\t\t\t\t<div class=\"elementor-column elementor-col-100 elementor-top-column elementor-element elementor-element-85610ec\" data-id=\"85610ec\" data-element_type=\"column\" data-e-type=\"column\">\n\t\t\t<div class=\"elementor-widget-wrap elementor-element-populated\">\n\t\t\t\t\t\t<div class=\"elementor-element elementor-element-172afac elementor-widget elementor-widget-text-editor\" data-id=\"172afac\" data-element_type=\"widget\" data-e-type=\"widget\" data-widget_type=\"text-editor.default\">\n\t\t\t\t<div class=\"elementor-widget-container\">\n\t\t\t\t\t\t\t\t\t<h4>Qui sommes-nous&nbsp;?<\/h4>\n<p>Ce site est g\u00e9r\u00e9 par APD Group Ltd. (num\u00e9ro de soci\u00e9t\u00e9 : 07423847), une soci\u00e9t\u00e9 enregistr\u00e9e en Angleterre et dont le si\u00e8ge social est sis Arkwright House Arkwright Road, Groundwell Industrial Estate, Swindon, Wilts, Angleterre, SN25 5AB. Toute r\u00e9f\u00e9rence \u00e0 \u00ab APD Group Ltd. \u00bb comprend APD Business Management Ltd. (num\u00e9ro de soci\u00e9t\u00e9 : 06005270). Conform\u00e9ment au Data Protection Act (la loi en mati\u00e8re de protection des donn\u00e9es en vigueur au Royaume-Uni) adopt\u00e9 en 1998 (ci-apr\u00e8s d\u00e9sign\u00e9 \u00ab l\u2019Acte \u00bb), le Responsable du traitement (des donn\u00e9es \u00e0 caract\u00e8re personnel) est APD Business Management Ltd., une soci\u00e9t\u00e9 enregistr\u00e9e comme responsable du traitement aupr\u00e8s de l\u2019organisme Information Commissioner Office, sous le num\u00e9ro ZA228275.<\/p>\n<p>Nous nous engageons \u00e0 pr\u00e9server votre vie priv\u00e9e, en tant que visiteur de valeur&nbsp;\/utilisateur de nos sites&nbsp;Web ou abonn\u00e9 \u00e0 nos services, et \u00e0 faire preuve de clart\u00e9 et de transparence quant aux modalit\u00e9s d\u2019utilisation des cookies et de toute donn\u00e9e \u00e0 caract\u00e8re personnel transmise. La pr\u00e9sente D\u00e9claration de confidentialit\u00e9 d\u00e9crit notre politique d\u2019utilisation de vos informations \u00e0 caract\u00e8re personnel collect\u00e9es dans le cadre de votre utilisation de ce site.<\/p>\n<hr>\n<h4>Collecte d\u2019informations<\/h4>\n<p>Si vous remplissez un formulaire sur ce site&nbsp;Web, vous devrez \u00e9ventuellement fournir certaines informations vous concernant&nbsp;: les \u00ab&nbsp;donn\u00e9es \u00e0 caract\u00e8re personnel&nbsp;\u00bb (comme votre nom, votre emplacement, votre adresse e-mail, votre num\u00e9ro de t\u00e9l\u00e9phone ou des renseignements commerciaux).<\/p>\n<p>Si vous nous communiquez certaines donn\u00e9es \u00e0 caract\u00e8re personnel, vous consentez \u00e0 la collecte, au stockage et au traitement de vos informations, tel qu\u2019\u00e9nonc\u00e9 dans la pr\u00e9sente Politique en mati\u00e8re de confidentialit\u00e9.<\/p>\n<hr>\n<h4>Utilisation de vos informations<\/h4>\n<p>Nous utilisons vos donn\u00e9es \u00e0 caract\u00e8re personnel pour r\u00e9pondre \u00e0 toute demande d\u2019information ou de service concernant notre portefeuille de produits, pour vous contacter et r\u00e9pondre \u00e0 une demande d\u2019assistance et pour vous informer de la publication de produits auxquels vous \u00eates abonn\u00e9. Nous pouvons \u00e9galement utiliser et analyser les informations collect\u00e9es pour administrer, g\u00e9rer, et am\u00e9liorer nos sites&nbsp;Web et les services que nous offrons, et vous informer de toute modification.<\/p>\n<p>Nous sommes susceptibles de traiter vos informations \u00e0 caract\u00e8re personnel pour nos int\u00e9r\u00eats commerciaux l\u00e9gitimes. Les int\u00e9r\u00eats l\u00e9gitimes sont la collecte, l\u2019analyse, l\u2019analyse comparative et l\u2019examen des comportements des visiteurs sur ce site en vue de nous aider \u00e0 am\u00e9liorer les services que nous offrons \u00e0 nos clients.<\/p>\n<p>Vous \u00eates en droit de contester ce traitement. Le cas \u00e9ch\u00e9ant, veuillez contacter notre D\u00e9l\u00e9gu\u00e9 \u00e0 la protection des donn\u00e9es (voir ci-dessous). Si toutefois vous contestez le traitement, nous ne pourrons plus vous fournir nos produits ou services.<\/p>\n<p>Lorsque nous traitons vos informations \u00e0 caract\u00e8re personnel pour nos int\u00e9r\u00eats l\u00e9gitimes, nous veillons \u00e0 prendre en compte et compenser tout \u00e9ventuel impact (positif ou n\u00e9gatif) sur vous et vos droits conform\u00e9ment aux lois en mati\u00e8re de protection des donn\u00e9es. Nos int\u00e9r\u00eats commerciaux l\u00e9gitimes ne l\u2019emportent pas automatiquement sur vos int\u00e9r\u00eats.<\/p>\n<hr>\n<h4>Partage de vos informations<\/h4>\n<p>Les informations collect\u00e9es sur ce site&nbsp;Web ne sont partag\u00e9es avec aucun tiers. En outre, seul notre personnel autoris\u00e9 a acc\u00e8s \u00e0 vos donn\u00e9es aux fins du traitement pour analyser les donn\u00e9es et offrir les services associ\u00e9s aux produits et services auxquels vous \u00eates abonn\u00e9.<\/p>\n<p>Les transferts de donn\u00e9es \u00e0 caract\u00e8re personnel aux pays situ\u00e9s hors de l\u2019Espace \u00e9conomique europ\u00e9en (EEE) sont possibles uniquement sur d\u00e9cision d\u2019ad\u00e9quation de la Commission europ\u00e9enne ou si le pays garantit un niveau ad\u00e9quat de protection des droits et libert\u00e9s des personnes concern\u00e9es dans le cadre du traitement des donn\u00e9es \u00e0 caract\u00e8re personnel. En nous communiquant vos donn\u00e9es \u00e0 caract\u00e8re personnel, vous consentez auxdits transferts.<\/p>\n<hr>\n<h4>Stockage de vos donn\u00e9es \u00e0 caract\u00e8re personnel<\/h4>\n<p>Les donn\u00e9es que nous collectons vous concernant sur nos sites&nbsp;Web sont stock\u00e9es sur des serveurs situ\u00e9s en Europe de l\u2019Ouest. Nous pr\u00e9servons la s\u00e9curit\u00e9 de vos informations en prenant des mesures techniques et organisationnelles appropri\u00e9es pour les prot\u00e9ger contre tout traitement non autoris\u00e9 ou illicite et contre la perte, la destruction ou les d\u00e9g\u00e2ts d\u2019origine accidentelle. Malheureusement, Internet n\u2019est pas toujours s\u00e9curis\u00e9 et m\u00eame si nous faisons au mieux pour prot\u00e9ger vos donn\u00e9es \u00e0 caract\u00e8re personnel, nous ne pouvons garantir la s\u00e9curit\u00e9 de vos donn\u00e9es transmises \u00e0 nos sites&nbsp;Web ou autres produits et services par une connexion Internet ou autre. Par cons\u00e9quent, tout transfert d\u2019informations est \u00e0 vos risques et p\u00e9rils. En envoyant vos donn\u00e9es \u00e0 caract\u00e8re personnel, vous acceptez ledit transfert, stockage ou traitement de cette mani\u00e8re.<\/p>\n<hr>\n<h4>Mise \u00e0 jour de vos informations<\/h4>\n<p>Si nous d\u00e9tenons des informations incorrectes vous concernant ou si vous souhaitez apporter des modifications, veuillez nous informer pour que nous puissions mettre \u00e0 jour nos enregistrements et assurer l\u2019exactitude des informations. Pour ce faire, consultez la page \u00ab&nbsp;Nous contacter&nbsp;\u00bb sur nos sites&nbsp;Web.<\/p>\n<hr>\n<h4>Vos droits<\/h4>\n<p>Si vous souhaitez acc\u00e9der aux informations \u00e0 caract\u00e8re personnel que nous d\u00e9tenons vous concernant, contactez-nous \u00e0 l\u2019adresse ci-dessous pour recevoir une copie de notre formulaire \u00ab&nbsp;Demande d\u2019acc\u00e8s aux donn\u00e9es&nbsp;\u00bb. Conform\u00e9ment \u00e0 la norme accept\u00e9e \u00e9nonc\u00e9e par le Commissaire \u00e0 l\u2019information, jusqu\u2019au 25&nbsp;mai&nbsp;2018, les demandes d\u2019acc\u00e8s occasionnaient des frais de 10&nbsp;\u00a3 dus \u00e0 \u00ab&nbsp;APD Business Management Ltd.&nbsp;\u00bb pour couvrir les frais d\u2019administration et de traitement. D\u00e8s la r\u00e9ception du formulaire d\u00fbment rempli, le versement des frais et l\u2019acceptation de votre demande, nous vous envoyions les informations dans un d\u00e9lai de 40&nbsp;jours. Depuis le 25&nbsp;mai&nbsp;2018, une demande standard est gratuite et vous recevez les informations dans un d\u00e9lai de 30&nbsp;jours.<\/p>\n<p>Les donn\u00e9es \u00e0 caract\u00e8re personnel sont conserv\u00e9es pendant une dur\u00e9e n\u2019exc\u00e9dant pas celle n\u00e9cessaire. Elle n\u2019exc\u00e8de pas non plus la dur\u00e9e du contrat conclu avec le client concern\u00e9.<\/p>\n<p>Selon le fondement juridique du traitement, vous disposez des droits suivants en lien avec les informations \u00e0 caract\u00e8re personnel que nous d\u00e9tenons vous concernant (en plus du droit d\u2019acc\u00e8s susmentionn\u00e9)&nbsp;:<\/p>\n<ul>\n<li>Droit de correction \u2013 droit de corriger ou compl\u00e9ter toute donn\u00e9e \u00e0 caract\u00e8re personnel inexacte que nous d\u00e9tenons&nbsp;;<\/li>\n<li>Droit \u00e0 l\u2019effacement \u2013 vous pouvez demander l\u2019effacement de vos donn\u00e9es \u00e0 caract\u00e8re personnel que nous d\u00e9tenons si elles ne sont plus utiles aux fins du traitement&nbsp;; vous avez retir\u00e9 votre consentement (le cas \u00e9ch\u00e9ant) ou vous vous opposez au traitement et nous n\u2019avons aucune autre justification au traitement des donn\u00e9es&nbsp;; les donn\u00e9es ont \u00e9t\u00e9 trait\u00e9es de mani\u00e8re illicite ou nous sommes dans l\u2019obligation de les effacer. Si l\u2019un de ces motifs existe et que nous n\u2019avons aucune raison de conserver ou traiter vos donn\u00e9es \u00e0 caract\u00e8re personnel, nous les effacerons sans attendre.<\/li>\n<li>Droit \u00e0 la limitation \u2013 applicable si vous contestez l\u2019exactitude des donn\u00e9es \u00e0 caract\u00e8re personnel que nous d\u00e9tenons vous concernant, et ce, jusqu\u2019\u00e0 notre v\u00e9rification desdites donn\u00e9es&nbsp;; si le traitement est illicite&nbsp;; si vous souhaitez que nous pr\u00e9servions les donn\u00e9es pour une action en justice ou si vous vous opposez au traitement selon nos int\u00e9r\u00eats l\u00e9gitimes ou ceux d\u2019un tiers, et ce, jusqu\u2019\u00e0 ce que nous d\u00e9terminions quels int\u00e9r\u00eats l\u2019emportent. Nous vous informerons avant la lev\u00e9e d\u2019une restriction.<\/li>\n<li>Droit d\u2019opposition \u2013 vous pouvez vous opposer au traitement de vos donn\u00e9es \u00e0 caract\u00e8re personnel \u00e0 des fins statistiques, mais nos prestations de services en seront affect\u00e9es&nbsp;; nous cesserons le traitement, sauf si nous pouvons d\u00e9montrer des raisons l\u00e9gitimes et imp\u00e9rieuses.<\/li>\n<\/ul>\n<hr>\n<h4>Liens vers des sites tiers<\/h4>\n<p>Notre site peut parfois contenir des liens vers et depuis d\u2019autres sites&nbsp;Web externes. Nous ne sommes aucunement responsables du contenu de tout site&nbsp;Web en lien avec ce site. Lorsque vous consultez un site&nbsp;Web tiers, vous devez vous assurer de lire la politique en mati\u00e8re de confidentialit\u00e9 et les conditions juridiques applicables audit site.<\/p>\n<hr>\n<h4>Qu\u2019est-ce qu\u2019un cookie&nbsp;?<\/h4>\n<p>Les cookies sont des parties de code informatique stock\u00e9es sur votre ordinateur qui nous permettent de savoir que vous avez consult\u00e9 notre site&nbsp;Web. Ces cookies n\u2019ont aucune fonction, ils ne \u00ab&nbsp;font rien&nbsp;\u00bb sur votre appareil, mais ils servent uniquement \u00ab&nbsp;d\u2019\u00e9tiquette&nbsp;\u00bb.<\/p>\n<hr>\n<h4>Utilisation des cookies<\/h4>\n<p>Nous utilisons les cookies pour reconna\u00eetre les visiteurs du site&nbsp;Web et pour enregistrer la mani\u00e8re dont les visiteurs consultent nos sites&nbsp;Web. Cela nous permet d\u2019analyser l\u2019activit\u00e9 sur le site&nbsp;Web afin d\u2019optimiser l\u2019exp\u00e9rience utilisateur et de nous assurer d\u2019offrir le meilleur contenu aux visiteurs. Nous utilisons les cookies pour obtenir des informations quant au nombre de visiteurs sur diff\u00e9rentes parties de nos sites&nbsp;Web et ainsi surveiller lesquelles sont les plus utiles.<\/p>\n<p>Concernant nos applications&nbsp;Web, nous utilisons des cookies de session qui vous permettent de rester connect\u00e9 au site&nbsp;Web pour l\u2019utiliser.<\/p>\n<hr>\n<h4>D\u00e9sactivation des cookies<\/h4>\n<p>Vous pouvez g\u00e9n\u00e9ralement d\u00e9sactiver la plupart des cookies en r\u00e9glant les param\u00e8tres de votre navigateur pour ne plus accepter des cookies. La plupart des navigateurs&nbsp;Web vous permettent de le faire en modifiant leurs param\u00e8tres.<\/p>\n<p>Vous pouvez emp\u00eacher Google de collecter et traiter les donn\u00e9es (y compris votre adresse IP) en t\u00e9l\u00e9chargeant <a href=\"https:\/\/tools.google.com\/dlpage\/gaoptout?hl=fr\" target=\"_blank\" rel=\"noopener\">ici<\/a> un module externe de navigation.<\/p>\n<p>Certaines fonctionnalit\u00e9s de ce site (et d\u2019autres sites) risquent n\u00e9anmoins de ne pas fonctionner correctement et votre exp\u00e9rience utilisateur risque d\u2019\u00eatre limit\u00e9e.<\/p>\n<hr>\n<h4>Modifications de la pr\u00e9sente Politique<\/h4>\n<p>Notre Politique en mati\u00e8re de confidentialit\u00e9 peut \u00eatre modifi\u00e9e \u00e0 tout moment et la version r\u00e9vis\u00e9e sera publi\u00e9e sur cette page. Nous vous conseillons de v\u00e9rifier la version actuelle de ladite politique chaque fois que vous consultez notre site&nbsp;Web<\/p>\t\t\t\t\t\t\t\t<\/div>\n\t\t\t\t<\/div>\n\t\t\t\t<div class=\"elementor-element elementor-element-3d496e4 elementor-widget elementor-widget-text-editor\" data-id=\"3d496e4\" data-element_type=\"widget\" data-e-type=\"widget\" data-widget_type=\"text-editor.default\">\n\t\t\t\t<div class=\"elementor-widget-container\">\n\t\t\t\t\t\t\t\t\t<h4>Coordonn\u00e9es<\/h4><p>En cas de questions ou demandes, vous pouvez contacter notre D\u00e9l\u00e9gu\u00e9 \u00e0 la protection des donn\u00e9es qui est charg\u00e9 des questions de protection et de confidentialit\u00e9 des donn\u00e9es.<\/p><p>Par courrier\u00a0:<\/p><address>D\u00e9l\u00e9gu\u00e9 \u00e0 la protection des donn\u00e9es<br \/>APD Group Limited<br \/>Arkwright House<br \/>Arkwright Road<br \/>Groundwell Industrial Estate<br \/>Swindon<br \/>Wiltshire<br \/>SN25 5AB<br \/>Royaume-Uni<p>\u00a0<\/p><p>T\u00e9l.\u00a0: +44 (0)1793 832660<br \/>E-mail\u00a0: <a href=\"mailto:dataprotection@apd-bm.com\">dataprotection@apd-bm.com<\/a><\/p><\/address><p><span style=\"caret-color: #000000; font-family: 'Calibri Light', sans-serif; font-size: 14.6667px;\">Nouveau repr\u00e9sentant de l&#8217;UE de la protection des donn\u00e9es en attente &#8211; veuillez utiliser le contact du Royaume-Uni ci-dessus<\/span><\/p><address>\u00a0<\/address>\t\t\t\t\t\t\t\t<\/div>\n\t\t\t\t<\/div>\n\t\t\t\t\t<\/div>\n\t\t<\/div>\n\t\t\t\t\t<\/div>\n\t\t<\/section>\n\t\t\t\t<\/div>\n\t\t","protected":false},"excerpt":{"rendered":"<p>Confidentialit\u00e9 et cookies Confidentialit\u00e9 et cookies Qui sommes-nous&nbsp;? Ce site est g\u00e9r\u00e9 par APD Group Ltd. (num\u00e9ro de soci\u00e9t\u00e9 : 07423847), une soci\u00e9t\u00e9 enregistr\u00e9e en Angleterre et dont le si\u00e8ge social est sis Arkwright House Arkwright Road, Groundwell Industrial Estate, Swindon, Wilts, Angleterre, SN25 5AB. Toute r\u00e9f\u00e9rence \u00e0 \u00ab APD Group Ltd. \u00bb comprend APD [&hellip;]<\/p>\n","protected":false},"author":10,"featured_media":0,"parent":0,"menu_order":0,"comment_status":"closed","ping_status":"closed","template":"elementor_header_footer","meta":{"footnotes":""},"class_list":["post-3844","page","type-page","status-publish","hentry"],"yoast_head":"<!-- This site is optimized with the Yoast SEO plugin v26.9 - https:\/\/yoast.com\/product\/yoast-seo-wordpress\/ -->\n<title>Confidentialit\u00e9 et cookies - APD Group Ltd<\/title>\n<meta name=\"robots\" content=\"index, follow, max-snippet:-1, max-image-preview:large, max-video-preview:-1\" \/>\n<link rel=\"canonical\" href=\"https:\/\/apd-group.com\/fr\/confidentialite-et-cookies\/\" \/>\n<meta property=\"og:locale\" content=\"fr_FR\" \/>\n<meta property=\"og:type\" content=\"article\" \/>\n<meta property=\"og:title\" content=\"Confidentialit\u00e9 et cookies - APD Group Ltd\" \/>\n<meta property=\"og:description\" content=\"Confidentialit\u00e9 et cookies Confidentialit\u00e9 et cookies Qui sommes-nous&nbsp;? Ce site est g\u00e9r\u00e9 par APD Group Ltd. (num\u00e9ro de soci\u00e9t\u00e9 : 07423847), une soci\u00e9t\u00e9 enregistr\u00e9e en Angleterre et dont le si\u00e8ge social est sis Arkwright House Arkwright Road, Groundwell Industrial Estate, Swindon, Wilts, Angleterre, SN25 5AB. Toute r\u00e9f\u00e9rence \u00e0 \u00ab APD Group Ltd. \u00bb comprend APD [&hellip;]\" \/>\n<meta property=\"og:url\" content=\"https:\/\/apd-group.com\/fr\/confidentialite-et-cookies\/\" \/>\n<meta property=\"og:site_name\" content=\"APD Group Ltd\" \/>\n<meta property=\"article:modified_time\" content=\"2023-12-15T21:00:49+00:00\" \/>\n<meta name=\"twitter:card\" content=\"summary_large_image\" \/>\n<meta name=\"twitter:label1\" content=\"Dur\u00e9e de lecture estim\u00e9e\" \/>\n\t<meta name=\"twitter:data1\" content=\"9 minutes\" \/>\n<script type=\"application\/ld+json\" class=\"yoast-schema-graph\">{\"@context\":\"https:\/\/schema.org\",\"@graph\":[{\"@type\":\"WebPage\",\"@id\":\"https:\/\/apd-group.com\/fr\/confidentialite-et-cookies\/\",\"url\":\"https:\/\/apd-group.com\/fr\/confidentialite-et-cookies\/\",\"name\":\"Confidentialit\u00e9 et cookies - APD Group Ltd\",\"isPartOf\":{\"@id\":\"https:\/\/apd-group.com\/fr\/#website\"},\"datePublished\":\"2021-10-19T15:05:10+00:00\",\"dateModified\":\"2023-12-15T21:00:49+00:00\",\"breadcrumb\":{\"@id\":\"https:\/\/apd-group.com\/fr\/confidentialite-et-cookies\/#breadcrumb\"},\"inLanguage\":\"fr-FR\",\"potentialAction\":[{\"@type\":\"ReadAction\",\"target\":[\"https:\/\/apd-group.com\/fr\/confidentialite-et-cookies\/\"]}]},{\"@type\":\"BreadcrumbList\",\"@id\":\"https:\/\/apd-group.com\/fr\/confidentialite-et-cookies\/#breadcrumb\",\"itemListElement\":[{\"@type\":\"ListItem\",\"position\":1,\"name\":\"Home\",\"item\":\"https:\/\/apd-group.com\/fr\/\"},{\"@type\":\"ListItem\",\"position\":2,\"name\":\"Confidentialit\u00e9 et cookies\"}]},{\"@type\":\"WebSite\",\"@id\":\"https:\/\/apd-group.com\/fr\/#website\",\"url\":\"https:\/\/apd-group.com\/fr\/\",\"name\":\"APD Group Ltd\",\"description\":\"Automotive Business Management\",\"publisher\":{\"@id\":\"https:\/\/apd-group.com\/fr\/#organization\"},\"potentialAction\":[{\"@type\":\"SearchAction\",\"target\":{\"@type\":\"EntryPoint\",\"urlTemplate\":\"https:\/\/apd-group.com\/fr\/?s={search_term_string}\"},\"query-input\":{\"@type\":\"PropertyValueSpecification\",\"valueRequired\":true,\"valueName\":\"search_term_string\"}}],\"inLanguage\":\"fr-FR\"},{\"@type\":\"Organization\",\"@id\":\"https:\/\/apd-group.com\/fr\/#organization\",\"name\":\"APD Group Ltd\",\"url\":\"https:\/\/apd-group.com\/fr\/\",\"logo\":{\"@type\":\"ImageObject\",\"inLanguage\":\"fr-FR\",\"@id\":\"https:\/\/apd-group.com\/fr\/#\/schema\/logo\/image\/\",\"url\":\"https:\/\/apd-group.com\/wp-content\/uploads\/2021\/05\/Group-245.png\",\"contentUrl\":\"https:\/\/apd-group.com\/wp-content\/uploads\/2021\/05\/Group-245.png\",\"width\":208,\"height\":59,\"caption\":\"APD Group Ltd\"},\"image\":{\"@id\":\"https:\/\/apd-group.com\/fr\/#\/schema\/logo\/image\/\"}}]}<\/script>\n<!-- \/ Yoast SEO plugin. -->","yoast_head_json":{"title":"Confidentialit\u00e9 et cookies - APD Group Ltd","robots":{"index":"index","follow":"follow","max-snippet":"max-snippet:-1","max-image-preview":"max-image-preview:large","max-video-preview":"max-video-preview:-1"},"canonical":"https:\/\/apd-group.com\/fr\/confidentialite-et-cookies\/","og_locale":"fr_FR","og_type":"article","og_title":"Confidentialit\u00e9 et cookies - APD Group Ltd","og_description":"Confidentialit\u00e9 et cookies Confidentialit\u00e9 et cookies Qui sommes-nous&nbsp;? Ce site est g\u00e9r\u00e9 par APD Group Ltd. (num\u00e9ro de soci\u00e9t\u00e9 : 07423847), une soci\u00e9t\u00e9 enregistr\u00e9e en Angleterre et dont le si\u00e8ge social est sis Arkwright House Arkwright Road, Groundwell Industrial Estate, Swindon, Wilts, Angleterre, SN25 5AB. Toute r\u00e9f\u00e9rence \u00e0 \u00ab APD Group Ltd. \u00bb comprend APD [&hellip;]","og_url":"https:\/\/apd-group.com\/fr\/confidentialite-et-cookies\/","og_site_name":"APD Group Ltd","article_modified_time":"2023-12-15T21:00:49+00:00","twitter_card":"summary_large_image","twitter_misc":{"Dur\u00e9e de lecture estim\u00e9e":"9 minutes"},"schema":{"@context":"https:\/\/schema.org","@graph":[{"@type":"WebPage","@id":"https:\/\/apd-group.com\/fr\/confidentialite-et-cookies\/","url":"https:\/\/apd-group.com\/fr\/confidentialite-et-cookies\/","name":"Confidentialit\u00e9 et cookies - APD Group Ltd","isPartOf":{"@id":"https:\/\/apd-group.com\/fr\/#website"},"datePublished":"2021-10-19T15:05:10+00:00","dateModified":"2023-12-15T21:00:49+00:00","breadcrumb":{"@id":"https:\/\/apd-group.com\/fr\/confidentialite-et-cookies\/#breadcrumb"},"inLanguage":"fr-FR","potentialAction":[{"@type":"ReadAction","target":["https:\/\/apd-group.com\/fr\/confidentialite-et-cookies\/"]}]},{"@type":"BreadcrumbList","@id":"https:\/\/apd-group.com\/fr\/confidentialite-et-cookies\/#breadcrumb","itemListElement":[{"@type":"ListItem","position":1,"name":"Home","item":"https:\/\/apd-group.com\/fr\/"},{"@type":"ListItem","position":2,"name":"Confidentialit\u00e9 et cookies"}]},{"@type":"WebSite","@id":"https:\/\/apd-group.com\/fr\/#website","url":"https:\/\/apd-group.com\/fr\/","name":"APD Group Ltd","description":"Automotive Business Management","publisher":{"@id":"https:\/\/apd-group.com\/fr\/#organization"},"potentialAction":[{"@type":"SearchAction","target":{"@type":"EntryPoint","urlTemplate":"https:\/\/apd-group.com\/fr\/?s={search_term_string}"},"query-input":{"@type":"PropertyValueSpecification","valueRequired":true,"valueName":"search_term_string"}}],"inLanguage":"fr-FR"},{"@type":"Organization","@id":"https:\/\/apd-group.com\/fr\/#organization","name":"APD Group Ltd","url":"https:\/\/apd-group.com\/fr\/","logo":{"@type":"ImageObject","inLanguage":"fr-FR","@id":"https:\/\/apd-group.com\/fr\/#\/schema\/logo\/image\/","url":"https:\/\/apd-group.com\/wp-content\/uploads\/2021\/05\/Group-245.png","contentUrl":"https:\/\/apd-group.com\/wp-content\/uploads\/2021\/05\/Group-245.png","width":208,"height":59,"caption":"APD Group Ltd"},"image":{"@id":"https:\/\/apd-group.com\/fr\/#\/schema\/logo\/image\/"}}]}},"_links":{"self":[{"href":"https:\/\/apd-group.com\/fr\/wp-json\/wp\/v2\/pages\/3844","targetHints":{"allow":["GET"]}}],"collection":[{"href":"https:\/\/apd-group.com\/fr\/wp-json\/wp\/v2\/pages"}],"about":[{"href":"https:\/\/apd-group.com\/fr\/wp-json\/wp\/v2\/types\/page"}],"author":[{"embeddable":true,"href":"https:\/\/apd-group.com\/fr\/wp-json\/wp\/v2\/users\/10"}],"replies":[{"embeddable":true,"href":"https:\/\/apd-group.com\/fr\/wp-json\/wp\/v2\/comments?post=3844"}],"version-history":[{"count":0,"href":"https:\/\/apd-group.com\/fr\/wp-json\/wp\/v2\/pages\/3844\/revisions"}],"wp:attachment":[{"href":"https:\/\/apd-group.com\/fr\/wp-json\/wp\/v2\/media?parent=3844"}],"curies":[{"name":"wp","href":"https:\/\/api.w.org\/{rel}","templated":true}]}}