{"id":3827,"date":"2021-10-19T16:04:56","date_gmt":"2021-10-19T15:04:56","guid":{"rendered":"https:\/\/apdworpress.azurewebsites.net\/nous-contacter\/"},"modified":"2022-07-11T11:43:19","modified_gmt":"2022-07-11T10:43:19","slug":"nous-contacter","status":"publish","type":"page","link":"https:\/\/apd-group.com\/fr\/nous-contacter\/","title":{"rendered":"Nous contacter"},"content":{"rendered":"\t\t<div data-elementor-type=\"wp-page\" data-elementor-id=\"3827\" class=\"elementor elementor-3827 elementor-23\" data-elementor-settings=\"{&quot;ha_cmc_init_switcher&quot;:&quot;no&quot;}\" data-elementor-post-type=\"page\">\n\t\t\t\t\t\t<section class=\"elementor-section elementor-top-section elementor-element elementor-element-84a3b10 elementor-section-boxed elementor-section-height-default elementor-section-height-default\" data-id=\"84a3b10\" data-element_type=\"section\" data-e-type=\"section\" data-settings=\"{&quot;background_background&quot;:&quot;classic&quot;,&quot;_ha_eqh_enable&quot;:false}\">\n\t\t\t\t\t\t<div class=\"elementor-container elementor-column-gap-default\">\n\t\t\t\t\t<div class=\"elementor-column elementor-col-100 elementor-top-column elementor-element elementor-element-4c91be7\" data-id=\"4c91be7\" data-element_type=\"column\" data-e-type=\"column\">\n\t\t\t<div class=\"elementor-widget-wrap elementor-element-populated\">\n\t\t\t\t\t\t<section class=\"elementor-section elementor-inner-section elementor-element elementor-element-5185b06 elementor-section-boxed elementor-section-height-default elementor-section-height-default\" data-id=\"5185b06\" data-element_type=\"section\" data-e-type=\"section\" data-settings=\"{&quot;_ha_eqh_enable&quot;:false}\">\n\t\t\t\t\t\t<div class=\"elementor-container elementor-column-gap-default\">\n\t\t\t\t\t<div class=\"elementor-column elementor-col-50 elementor-inner-column elementor-element elementor-element-4d5f7de\" data-id=\"4d5f7de\" data-element_type=\"column\" data-e-type=\"column\">\n\t\t\t<div class=\"elementor-widget-wrap elementor-element-populated\">\n\t\t\t\t\t\t<div class=\"elementor-element elementor-element-2a92df3 elementor-widget elementor-widget-heading\" data-id=\"2a92df3\" data-element_type=\"widget\" data-e-type=\"widget\" data-widget_type=\"heading.default\">\n\t\t\t\t<div class=\"elementor-widget-container\">\n\t\t\t\t\t<h2 class=\"elementor-heading-title elementor-size-default\">Comment pouvons-nous vous aider&nbsp;?<\/h2>\t\t\t\t<\/div>\n\t\t\t\t<\/div>\n\t\t\t\t<div class=\"elementor-element elementor-element-43b94b6 elementor-widget elementor-widget-text-editor\" data-id=\"43b94b6\" data-element_type=\"widget\" data-e-type=\"widget\" data-widget_type=\"text-editor.default\">\n\t\t\t\t<div class=\"elementor-widget-container\">\n\t\t\t\t\t\t\t\t\t<p>Nous appr\u00e9cions l\u2019int\u00e9r\u00eat que vous portez \u00e0 APD.&nbsp; Pour \u00e9changer avec l\u2019un de nos experts-conseils et d\u00e9couvrir dans quelle mesure les produits et services peuvent aider votre soci\u00e9t\u00e9 \u00e0 accro\u00eetre la visibilit\u00e9 de votre r\u00e9seau de franchises, veuillez remplir ce formulaire (tous les champs sont obligatoires) ou nous appeler. Nous nous effor\u00e7ons de r\u00e9pondre \u00e0 toutes les demandes en 24&nbsp;heures.<\/p>\n\t\t\t\t\t\t\t\t<\/div>\n\t\t\t\t<\/div>\n\t\t\t\t\t<\/div>\n\t\t<\/div>\n\t\t\t\t<div class=\"elementor-column elementor-col-50 elementor-inner-column elementor-element elementor-element-1b951ad contact-form\" data-id=\"1b951ad\" data-element_type=\"column\" data-e-type=\"column\">\n\t\t\t<div class=\"elementor-widget-wrap elementor-element-populated\">\n\t\t\t\t\t\t<div class=\"elementor-element elementor-element-b5ede7d elementor-widget elementor-widget-ha-cf7 happy-addon ha-cf7\" data-id=\"b5ede7d\" data-element_type=\"widget\" data-e-type=\"widget\" data-widget_type=\"ha-cf7.default\">\n\t\t\t\t<div class=\"elementor-widget-container\">\n\t\t\t\t\t\n<div class=\"wpcf7 no-js\" id=\"wpcf7-f4823-o1\" lang=\"fr-FR\" dir=\"ltr\" data-wpcf7-id=\"4823\">\n<div class=\"screen-reader-response\"><p role=\"status\" aria-live=\"polite\" aria-atomic=\"true\"><\/p> <ul><\/ul><\/div>\n<form action=\"\/fr\/wp-json\/wp\/v2\/pages\/3827#wpcf7-f4823-o1\" method=\"post\" class=\"wpcf7-form init ha-cf7-form\" aria-label=\"Formulaire de contact\" novalidate=\"novalidate\" data-status=\"init\">\n<fieldset class=\"hidden-fields-container\"><input type=\"hidden\" name=\"_wpcf7\" value=\"4823\" \/><input type=\"hidden\" name=\"_wpcf7_version\" value=\"6.1.5\" \/><input type=\"hidden\" name=\"_wpcf7_locale\" value=\"fr_FR\" \/><input type=\"hidden\" name=\"_wpcf7_unit_tag\" value=\"wpcf7-f4823-o1\" \/><input type=\"hidden\" name=\"_wpcf7_container_post\" value=\"0\" \/><input type=\"hidden\" name=\"_wpcf7_posted_data_hash\" value=\"\" \/><input type=\"hidden\" name=\"_wpcf7_recaptcha_response\" value=\"\" \/>\n<\/fieldset>\n<p><span class=\"wpcf7-form-control-wrap\" data-name=\"your-name\"><input size=\"40\" maxlength=\"400\" class=\"wpcf7-form-control wpcf7-text wpcf7-validates-as-required\" aria-required=\"true\" aria-invalid=\"false\" placeholder=\"Votre nom\" value=\"\" type=\"text\" name=\"your-name\" \/><\/span>\n<\/p>\n<p><span class=\"wpcf7-form-control-wrap\" data-name=\"your-email\"><input size=\"40\" maxlength=\"400\" class=\"wpcf7-form-control wpcf7-text wpcf7-validates-as-required\" aria-required=\"true\" aria-invalid=\"false\" placeholder=\"Votre e-mail\" value=\"\" type=\"text\" name=\"your-email\" \/><\/span>\n<\/p>\n<p><span class=\"wpcf7-form-control-wrap\" data-name=\"your-company\"><input size=\"40\" maxlength=\"400\" class=\"wpcf7-form-control wpcf7-text wpcf7-validates-as-required\" aria-required=\"true\" aria-invalid=\"false\" placeholder=\"Nom de la soci\u00e9t\u00e9\" value=\"\" type=\"text\" name=\"your-company\" \/><\/span>\n<\/p>\n<p><span class=\"wpcf7-form-control-wrap\" data-name=\"your-message\"><textarea cols=\"40\" rows=\"10\" maxlength=\"2000\" class=\"wpcf7-form-control wpcf7-textarea\" aria-invalid=\"false\" placeholder=\"Veuillez saisir votre message ici\" name=\"your-message\"><\/textarea><\/span>\n<\/p>\n<p><input class=\"wpcf7-form-control wpcf7-submit has-spinner\" type=\"submit\" value=\"Envoyer\" \/>\n<\/p><div class=\"wpcf7-response-output\" aria-hidden=\"true\"><\/div>\n<\/form>\n<\/div>\n\t\t\t\t<\/div>\n\t\t\t\t<\/div>\n\t\t\t\t\t<\/div>\n\t\t<\/div>\n\t\t\t\t\t<\/div>\n\t\t<\/section>\n\t\t\t\t\t<\/div>\n\t\t<\/div>\n\t\t\t\t\t<\/div>\n\t\t<\/section>\n\t\t\t\t<section class=\"elementor-section elementor-top-section elementor-element elementor-element-6dc1c5a elementor-section-boxed elementor-section-height-default elementor-section-height-default\" data-id=\"6dc1c5a\" data-element_type=\"section\" data-e-type=\"section\" data-settings=\"{&quot;background_background&quot;:&quot;classic&quot;,&quot;_ha_eqh_enable&quot;:false}\">\n\t\t\t\t\t\t<div class=\"elementor-container elementor-column-gap-default\">\n\t\t\t\t\t<div class=\"elementor-column elementor-col-100 elementor-top-column elementor-element elementor-element-b4ee2f0\" data-id=\"b4ee2f0\" data-element_type=\"column\" data-e-type=\"column\">\n\t\t\t<div class=\"elementor-widget-wrap elementor-element-populated\">\n\t\t\t\t\t\t<section class=\"elementor-section elementor-inner-section elementor-element elementor-element-ec1662c elementor-section-boxed elementor-section-height-default elementor-section-height-default\" data-id=\"ec1662c\" data-element_type=\"section\" data-e-type=\"section\" data-settings=\"{&quot;_ha_eqh_enable&quot;:false}\">\n\t\t\t\t\t\t<div class=\"elementor-container elementor-column-gap-default\">\n\t\t\t\t\t<div class=\"elementor-column elementor-col-50 elementor-inner-column elementor-element elementor-element-ee5ee17\" data-id=\"ee5ee17\" data-element_type=\"column\" data-e-type=\"column\">\n\t\t\t<div class=\"elementor-widget-wrap elementor-element-populated\">\n\t\t\t\t\t\t<div class=\"elementor-element elementor-element-06acb54 elementor-widget elementor-widget-google_maps\" data-id=\"06acb54\" data-element_type=\"widget\" data-e-type=\"widget\" data-widget_type=\"google_maps.default\">\n\t\t\t\t<div class=\"elementor-widget-container\">\n\t\t\t\t\t\t\t<div class=\"elementor-custom-embed\">\n\t\t\t<iframe loading=\"lazy\"\n\t\t\t\t\tsrc=\"https:\/\/maps.google.com\/maps?q=Arkwright%20House%2C%20Arkwright%20Rd%2C%20Swindon%20SN25%205AB%2C%20United%20Kingdom&#038;t=m&#038;z=10&#038;output=embed&#038;iwloc=near\"\n\t\t\t\t\ttitle=\"Arkwright House, Arkwright Rd, Swindon SN25 5AB, United Kingdom\"\n\t\t\t\t\taria-label=\"Arkwright House, Arkwright Rd, Swindon SN25 5AB, United Kingdom\"\n\t\t\t><\/iframe>\n\t\t<\/div>\n\t\t\t\t\t\t<\/div>\n\t\t\t\t<\/div>\n\t\t\t\t\t<\/div>\n\t\t<\/div>\n\t\t\t\t<div class=\"elementor-column elementor-col-50 elementor-inner-column elementor-element elementor-element-2afd285\" data-id=\"2afd285\" data-element_type=\"column\" data-e-type=\"column\">\n\t\t\t<div class=\"elementor-widget-wrap elementor-element-populated\">\n\t\t\t\t\t\t<div class=\"elementor-element elementor-element-81f7f6b elementor-widget elementor-widget-heading\" data-id=\"81f7f6b\" data-element_type=\"widget\" data-e-type=\"widget\" data-widget_type=\"heading.default\">\n\t\t\t\t<div class=\"elementor-widget-container\">\n\t\t\t\t\t<h2 class=\"elementor-heading-title elementor-size-default\">APD Group Ltd\n<br> Arkwright House, Arkwright Road, Groundwell Industrial Estate,\n<br> Swindon, Wiltshire, SN25 5AB, Royaume-Uni <\/h2>\t\t\t\t<\/div>\n\t\t\t\t<\/div>\n\t\t\t\t<div class=\"elementor-element elementor-element-80c8335 ha-has-bg-overlay elementor-widget elementor-widget-ha-business-hour happy-addon ha-business-hour happy-addon-pro\" data-id=\"80c8335\" data-element_type=\"widget\" data-e-type=\"widget\" data-widget_type=\"ha-business-hour.default\">\n\t\t\t\t<div class=\"elementor-widget-container\">\n\t\t\t\t\t\t\t<div class=\"ha-business-hour-wrapper\">\n\t\t\t<ul>\n\t\t\t\t\t\t\t\t\t\t\t\t\t\t<li class=\"ha-business-hour-item elementor-repeater-item-9d9a62b\">\n\t\t\t\t\t\t\t\t\t\t\t\t\t\t\t<span class=\"ha-business-hour-day\">English&nbsp;: +44 (0) 1793 832660<\/span>\n\t\t\t\t\t\t\t\t\t\t\t\t\t\t\t\t\t\t\t\t<\/li>\n\t\t\t\t\t\t\t\t\t\t\t<li class=\"ha-business-hour-item elementor-repeater-item-4501363\">\n\t\t\t\t\t\t\t\t\t\t\t\t\t\t\t<span class=\"ha-business-hour-day\">Deutsch&nbsp;: +44 (0) 1793 374770<\/span>\n\t\t\t\t\t\t\t\t\t\t\t\t\t\t\t\t\t\t\t\t<\/li>\n\t\t\t\t\t\t\t\t\t\t\t<li class=\"ha-business-hour-item elementor-repeater-item-1ee07de\">\n\t\t\t\t\t\t\t\t\t\t\t\t\t\t\t<span class=\"ha-business-hour-day\">Espa\u00f1ol&nbsp;: +44 (0) 1793 374769<\/span>\n\t\t\t\t\t\t\t\t\t\t\t\t\t\t\t\t\t\t\t\t<\/li>\n\t\t\t\t\t\t\t\t\t\t\t<li class=\"ha-business-hour-item elementor-repeater-item-5fc7480\">\n\t\t\t\t\t\t\t\t\t\t\t\t\t\t\t<span class=\"ha-business-hour-day\">Fran\u00e7ais&nbsp;: +44 (0) 1793 374768<\/span>\n\t\t\t\t\t\t\t\t\t\t\t\t\t\t\t\t\t\t\t\t<\/li>\n\t\t\t\t\t\t\t\t\t\t\t<li class=\"ha-business-hour-item elementor-repeater-item-43df740\">\n\t\t\t\t\t\t\t\t\t\t\t\t\t\t\t<span class=\"ha-business-hour-day\">Polski&nbsp;: +44 (0) 1793 374767<\/span>\n\t\t\t\t\t\t\t\t\t\t\t\t\t\t\t\t\t\t\t\t<\/li>\n\t\t\t\t\t\t\t\t\t\t\t<li class=\"ha-business-hour-item elementor-repeater-item-dc0c178\">\n\t\t\t\t\t\t\t\t\t\t\t\t\t\t\t<span class=\"ha-business-hour-day\">Portugu\u00eas&nbsp;: +44 (0) 1793 374766<\/span>\n\t\t\t\t\t\t\t\t\t\t\t\t\t\t\t\t\t\t\t\t<\/li>\n\t\t\t\t\t\t\t\t\t\t\t<li class=\"ha-business-hour-item elementor-repeater-item-dc26fc8\">\n\t\t\t\t\t\t\t\t\t\t\t\t\t\t\t<span class=\"ha-business-hour-day\">Italiano&nbsp;: +44 (0) 1793 374765<\/span>\n\t\t\t\t\t\t\t\t\t\t\t\t\t\t\t\t\t\t\t\t<\/li>\n\t\t\t\t\t\t\t\t<\/ul>\n\t\t<\/div>\n\t\t\t\t\t\t<\/div>\n\t\t\t\t<\/div>\n\t\t\t\t<div class=\"elementor-element elementor-element-a4a40a0 elementor-widget elementor-widget-text-editor\" data-id=\"a4a40a0\" data-element_type=\"widget\" data-e-type=\"widget\" data-widget_type=\"text-editor.default\">\n\t\t\t\t<div class=\"elementor-widget-container\">\n\t\t\t\t\t\t\t\t\t<p>Cliquez sur le lien \u00ab&nbsp;Itin\u00e9raire&nbsp;\u00bb de la carte pour afficher notre bureau de Swindon<\/p>\n\t\t\t\t\t\t\t\t<\/div>\n\t\t\t\t<\/div>\n\t\t\t\t\t<\/div>\n\t\t<\/div>\n\t\t\t\t\t<\/div>\n\t\t<\/section>\n\t\t\t\t\t<\/div>\n\t\t<\/div>\n\t\t\t\t\t<\/div>\n\t\t<\/section>\n\t\t\t\t<\/div>\n\t\t","protected":false},"excerpt":{"rendered":"<p>Comment pouvons-nous vous aider&nbsp;? Nous appr\u00e9cions l\u2019int\u00e9r\u00eat que vous portez \u00e0 APD.&nbsp; Pour \u00e9changer avec l\u2019un de nos experts-conseils et d\u00e9couvrir dans quelle mesure les produits et services peuvent aider votre soci\u00e9t\u00e9 \u00e0 accro\u00eetre la visibilit\u00e9 de votre r\u00e9seau de franchises, veuillez remplir ce formulaire (tous les champs sont obligatoires) ou nous appeler. Nous nous [&hellip;]<\/p>\n","protected":false},"author":10,"featured_media":0,"parent":0,"menu_order":0,"comment_status":"closed","ping_status":"closed","template":"elementor_header_footer","meta":{"footnotes":""},"class_list":["post-3827","page","type-page","status-publish","hentry"],"yoast_head":"<!-- This site is optimized with the Yoast SEO plugin v26.9 - https:\/\/yoast.com\/product\/yoast-seo-wordpress\/ -->\n<title>Nous contacter - APD Group Ltd<\/title>\n<meta name=\"robots\" content=\"index, follow, max-snippet:-1, max-image-preview:large, max-video-preview:-1\" \/>\n<link rel=\"canonical\" href=\"https:\/\/apd-group.com\/fr\/nous-contacter\/\" \/>\n<meta property=\"og:locale\" content=\"fr_FR\" \/>\n<meta property=\"og:type\" content=\"article\" \/>\n<meta property=\"og:title\" content=\"Nous contacter - APD Group Ltd\" \/>\n<meta property=\"og:description\" content=\"Comment pouvons-nous vous aider&nbsp;? Nous appr\u00e9cions l\u2019int\u00e9r\u00eat que vous portez \u00e0 APD.&nbsp; Pour \u00e9changer avec l\u2019un de nos experts-conseils et d\u00e9couvrir dans quelle mesure les produits et services peuvent aider votre soci\u00e9t\u00e9 \u00e0 accro\u00eetre la visibilit\u00e9 de votre r\u00e9seau de franchises, veuillez remplir ce formulaire (tous les champs sont obligatoires) ou nous appeler. Nous nous [&hellip;]\" \/>\n<meta property=\"og:url\" content=\"https:\/\/apd-group.com\/fr\/nous-contacter\/\" \/>\n<meta property=\"og:site_name\" content=\"APD Group Ltd\" \/>\n<meta property=\"article:modified_time\" content=\"2022-07-11T10:43:19+00:00\" \/>\n<meta name=\"twitter:card\" content=\"summary_large_image\" \/>\n<meta name=\"twitter:label1\" content=\"Dur\u00e9e de lecture estim\u00e9e\" \/>\n\t<meta name=\"twitter:data1\" content=\"1 minute\" \/>\n<script type=\"application\/ld+json\" class=\"yoast-schema-graph\">{\"@context\":\"https:\/\/schema.org\",\"@graph\":[{\"@type\":\"WebPage\",\"@id\":\"https:\/\/apd-group.com\/fr\/nous-contacter\/\",\"url\":\"https:\/\/apd-group.com\/fr\/nous-contacter\/\",\"name\":\"Nous contacter - APD Group Ltd\",\"isPartOf\":{\"@id\":\"https:\/\/apd-group.com\/fr\/#website\"},\"datePublished\":\"2021-10-19T15:04:56+00:00\",\"dateModified\":\"2022-07-11T10:43:19+00:00\",\"breadcrumb\":{\"@id\":\"https:\/\/apd-group.com\/fr\/nous-contacter\/#breadcrumb\"},\"inLanguage\":\"fr-FR\",\"potentialAction\":[{\"@type\":\"ReadAction\",\"target\":[\"https:\/\/apd-group.com\/fr\/nous-contacter\/\"]}]},{\"@type\":\"BreadcrumbList\",\"@id\":\"https:\/\/apd-group.com\/fr\/nous-contacter\/#breadcrumb\",\"itemListElement\":[{\"@type\":\"ListItem\",\"position\":1,\"name\":\"Home\",\"item\":\"https:\/\/apd-group.com\/fr\/\"},{\"@type\":\"ListItem\",\"position\":2,\"name\":\"Nous contacter\"}]},{\"@type\":\"WebSite\",\"@id\":\"https:\/\/apd-group.com\/fr\/#website\",\"url\":\"https:\/\/apd-group.com\/fr\/\",\"name\":\"APD Group Ltd\",\"description\":\"Automotive Business Management\",\"publisher\":{\"@id\":\"https:\/\/apd-group.com\/fr\/#organization\"},\"potentialAction\":[{\"@type\":\"SearchAction\",\"target\":{\"@type\":\"EntryPoint\",\"urlTemplate\":\"https:\/\/apd-group.com\/fr\/?s={search_term_string}\"},\"query-input\":{\"@type\":\"PropertyValueSpecification\",\"valueRequired\":true,\"valueName\":\"search_term_string\"}}],\"inLanguage\":\"fr-FR\"},{\"@type\":\"Organization\",\"@id\":\"https:\/\/apd-group.com\/fr\/#organization\",\"name\":\"APD Group Ltd\",\"url\":\"https:\/\/apd-group.com\/fr\/\",\"logo\":{\"@type\":\"ImageObject\",\"inLanguage\":\"fr-FR\",\"@id\":\"https:\/\/apd-group.com\/fr\/#\/schema\/logo\/image\/\",\"url\":\"https:\/\/apd-group.com\/wp-content\/uploads\/2021\/05\/Group-245.png\",\"contentUrl\":\"https:\/\/apd-group.com\/wp-content\/uploads\/2021\/05\/Group-245.png\",\"width\":208,\"height\":59,\"caption\":\"APD Group Ltd\"},\"image\":{\"@id\":\"https:\/\/apd-group.com\/fr\/#\/schema\/logo\/image\/\"}}]}<\/script>\n<!-- \/ Yoast SEO plugin. -->","yoast_head_json":{"title":"Nous contacter - APD Group Ltd","robots":{"index":"index","follow":"follow","max-snippet":"max-snippet:-1","max-image-preview":"max-image-preview:large","max-video-preview":"max-video-preview:-1"},"canonical":"https:\/\/apd-group.com\/fr\/nous-contacter\/","og_locale":"fr_FR","og_type":"article","og_title":"Nous contacter - APD Group Ltd","og_description":"Comment pouvons-nous vous aider&nbsp;? Nous appr\u00e9cions l\u2019int\u00e9r\u00eat que vous portez \u00e0 APD.&nbsp; Pour \u00e9changer avec l\u2019un de nos experts-conseils et d\u00e9couvrir dans quelle mesure les produits et services peuvent aider votre soci\u00e9t\u00e9 \u00e0 accro\u00eetre la visibilit\u00e9 de votre r\u00e9seau de franchises, veuillez remplir ce formulaire (tous les champs sont obligatoires) ou nous appeler. Nous nous [&hellip;]","og_url":"https:\/\/apd-group.com\/fr\/nous-contacter\/","og_site_name":"APD Group Ltd","article_modified_time":"2022-07-11T10:43:19+00:00","twitter_card":"summary_large_image","twitter_misc":{"Dur\u00e9e de lecture estim\u00e9e":"1 minute"},"schema":{"@context":"https:\/\/schema.org","@graph":[{"@type":"WebPage","@id":"https:\/\/apd-group.com\/fr\/nous-contacter\/","url":"https:\/\/apd-group.com\/fr\/nous-contacter\/","name":"Nous contacter - APD Group Ltd","isPartOf":{"@id":"https:\/\/apd-group.com\/fr\/#website"},"datePublished":"2021-10-19T15:04:56+00:00","dateModified":"2022-07-11T10:43:19+00:00","breadcrumb":{"@id":"https:\/\/apd-group.com\/fr\/nous-contacter\/#breadcrumb"},"inLanguage":"fr-FR","potentialAction":[{"@type":"ReadAction","target":["https:\/\/apd-group.com\/fr\/nous-contacter\/"]}]},{"@type":"BreadcrumbList","@id":"https:\/\/apd-group.com\/fr\/nous-contacter\/#breadcrumb","itemListElement":[{"@type":"ListItem","position":1,"name":"Home","item":"https:\/\/apd-group.com\/fr\/"},{"@type":"ListItem","position":2,"name":"Nous contacter"}]},{"@type":"WebSite","@id":"https:\/\/apd-group.com\/fr\/#website","url":"https:\/\/apd-group.com\/fr\/","name":"APD Group Ltd","description":"Automotive Business Management","publisher":{"@id":"https:\/\/apd-group.com\/fr\/#organization"},"potentialAction":[{"@type":"SearchAction","target":{"@type":"EntryPoint","urlTemplate":"https:\/\/apd-group.com\/fr\/?s={search_term_string}"},"query-input":{"@type":"PropertyValueSpecification","valueRequired":true,"valueName":"search_term_string"}}],"inLanguage":"fr-FR"},{"@type":"Organization","@id":"https:\/\/apd-group.com\/fr\/#organization","name":"APD Group Ltd","url":"https:\/\/apd-group.com\/fr\/","logo":{"@type":"ImageObject","inLanguage":"fr-FR","@id":"https:\/\/apd-group.com\/fr\/#\/schema\/logo\/image\/","url":"https:\/\/apd-group.com\/wp-content\/uploads\/2021\/05\/Group-245.png","contentUrl":"https:\/\/apd-group.com\/wp-content\/uploads\/2021\/05\/Group-245.png","width":208,"height":59,"caption":"APD Group Ltd"},"image":{"@id":"https:\/\/apd-group.com\/fr\/#\/schema\/logo\/image\/"}}]}},"_links":{"self":[{"href":"https:\/\/apd-group.com\/fr\/wp-json\/wp\/v2\/pages\/3827","targetHints":{"allow":["GET"]}}],"collection":[{"href":"https:\/\/apd-group.com\/fr\/wp-json\/wp\/v2\/pages"}],"about":[{"href":"https:\/\/apd-group.com\/fr\/wp-json\/wp\/v2\/types\/page"}],"author":[{"embeddable":true,"href":"https:\/\/apd-group.com\/fr\/wp-json\/wp\/v2\/users\/10"}],"replies":[{"embeddable":true,"href":"https:\/\/apd-group.com\/fr\/wp-json\/wp\/v2\/comments?post=3827"}],"version-history":[{"count":0,"href":"https:\/\/apd-group.com\/fr\/wp-json\/wp\/v2\/pages\/3827\/revisions"}],"wp:attachment":[{"href":"https:\/\/apd-group.com\/fr\/wp-json\/wp\/v2\/media?parent=3827"}],"curies":[{"name":"wp","href":"https:\/\/api.w.org\/{rel}","templated":true}]}}