{"id":3934,"date":"2021-10-19T17:05:33","date_gmt":"2021-10-19T16:05:33","guid":{"rendered":"https:\/\/apdworpress.azurewebsites.net\/esclavitud-moderna\/"},"modified":"2021-10-19T17:05:38","modified_gmt":"2021-10-19T16:05:38","slug":"esclavitud-moderna","status":"publish","type":"page","link":"https:\/\/apd-group.com\/es\/esclavitud-moderna\/","title":{"rendered":"Esclavitud moderna"},"content":{"rendered":"\t\t<div data-elementor-type=\"wp-page\" data-elementor-id=\"3934\" class=\"elementor elementor-3934 elementor-3646\" data-elementor-settings=\"{&quot;ha_cmc_init_switcher&quot;:&quot;no&quot;}\" data-elementor-post-type=\"page\">\n\t\t\t\t\t\t<section class=\"elementor-section elementor-top-section elementor-element elementor-element-52ea405 elementor-section-boxed elementor-section-height-default elementor-section-height-default\" data-id=\"52ea405\" data-element_type=\"section\" data-e-type=\"section\" data-settings=\"{&quot;background_background&quot;:&quot;classic&quot;,&quot;_ha_eqh_enable&quot;:false}\">\n\t\t\t\t\t\t<div class=\"elementor-container elementor-column-gap-default\">\n\t\t\t\t\t<div class=\"elementor-column elementor-col-100 elementor-top-column elementor-element elementor-element-78a58e9\" data-id=\"78a58e9\" data-element_type=\"column\" data-e-type=\"column\">\n\t\t\t<div class=\"elementor-widget-wrap elementor-element-populated\">\n\t\t\t\t\t\t<div class=\"elementor-element elementor-element-024fb36 elementor-widget elementor-widget-heading\" data-id=\"024fb36\" data-element_type=\"widget\" data-e-type=\"widget\" data-widget_type=\"heading.default\">\n\t\t\t\t<div class=\"elementor-widget-container\">\n\t\t\t\t\t<h1 class=\"elementor-heading-title elementor-size-default\">Esclavitud moderna<\/h1>\t\t\t\t<\/div>\n\t\t\t\t<\/div>\n\t\t\t\t\t<\/div>\n\t\t<\/div>\n\t\t\t\t\t<\/div>\n\t\t<\/section>\n\t\t\t\t<section class=\"elementor-section elementor-top-section elementor-element elementor-element-eafe139 elementor-section-boxed elementor-section-height-default elementor-section-height-default\" data-id=\"eafe139\" data-element_type=\"section\" data-e-type=\"section\" data-settings=\"{&quot;_ha_eqh_enable&quot;:false}\">\n\t\t\t\t\t\t<div class=\"elementor-container elementor-column-gap-default\">\n\t\t\t\t\t<div class=\"elementor-column elementor-col-100 elementor-top-column elementor-element elementor-element-03c6e61\" data-id=\"03c6e61\" data-element_type=\"column\" data-e-type=\"column\">\n\t\t\t<div class=\"elementor-widget-wrap elementor-element-populated\">\n\t\t\t\t\t\t<div class=\"elementor-element elementor-element-b0ac4ac elementor-widget elementor-widget-heading\" data-id=\"b0ac4ac\" data-element_type=\"widget\" data-e-type=\"widget\" data-widget_type=\"heading.default\">\n\t\t\t\t<div class=\"elementor-widget-container\">\n\t\t\t\t\t<h1 class=\"elementor-heading-title elementor-size-default\">Declaraci\u00f3n contra la esclavitud y el tr\u00e1fico de personas 2019<\/h1>\t\t\t\t<\/div>\n\t\t\t\t<\/div>\n\t\t\t\t\t<\/div>\n\t\t<\/div>\n\t\t\t\t\t<\/div>\n\t\t<\/section>\n\t\t\t\t<section class=\"elementor-section elementor-top-section elementor-element elementor-element-40ea017 elementor-section-boxed elementor-section-height-default elementor-section-height-default\" data-id=\"40ea017\" data-element_type=\"section\" data-e-type=\"section\" data-settings=\"{&quot;_ha_eqh_enable&quot;:false}\">\n\t\t\t\t\t\t<div class=\"elementor-container elementor-column-gap-default\">\n\t\t\t\t\t<div class=\"elementor-column elementor-col-100 elementor-top-column elementor-element elementor-element-85610ec\" data-id=\"85610ec\" data-element_type=\"column\" data-e-type=\"column\">\n\t\t\t<div class=\"elementor-widget-wrap elementor-element-populated\">\n\t\t\t\t\t\t<div class=\"elementor-element elementor-element-172afac elementor-widget elementor-widget-text-editor\" data-id=\"172afac\" data-element_type=\"widget\" data-e-type=\"widget\" data-widget_type=\"text-editor.default\">\n\t\t\t\t<div class=\"elementor-widget-container\">\n\t\t\t\t\t\t\t\t\t<p><b>Introducci\u00f3n<\/b><\/p>\n<p><span style=\"font-weight: 400;\">Esta declaraci\u00f3n se emite en nombre de las empresas brit\u00e1nicas APD Group Limited y APD Business Management Limited, en adelante y conjuntamente &#8220;APD&#8221;, a efectos del cap\u00edtulo 45 (1) de la ley brit\u00e1nica contra la esclavitud moderna (Modern Slavery Act 2015).<\/span><\/p>\n<p><span style=\"font-weight: 400;\">Sede oficial: 10 Queen Street Place, Londres, EC4R 1AG, Reino Unido.<\/span><\/p>\n<p><span style=\"font-weight: 400;\">APD se compromete a no dejar de mejorar sus procedimientos para combatir la esclavitud y el tr\u00e1fico de personas, y tiene una pol\u00edtica de tolerancia cero frente a la esclavitud moderna en todas sus formas, tanto en su empresa como en su cadena de suministro.<\/span><\/p>\n<p><span style=\"font-weight: 400;\">Esta es nuestra primera declaraci\u00f3n contra la esclavitud moderna desde la introducci\u00f3n de la Modern Slavery Act 2015. <\/span><span style=\"font-weight: 400;\">APD, al tener una facturaci\u00f3n anual de menos de 36 millones de libras esterlinas,<\/span><span style=\"font-weight: 400;\">,<\/span><span style=\"font-weight: 400;\"> no est\u00e1 sujeta al cap\u00edtulo 54(6) de esta ley. No obstante, como proveedor y empleador responsable, la empresa ha decidido emitir esta declaraci\u00f3n contra la esclavitud y el tr\u00e1fico de personas <\/span><span style=\"font-weight: 400;\">para el ejercicio econ\u00f3mico que termina el 31 de diciembre de 2018.<\/span><\/p>\n<p><span style=\"font-weight: 400;\">APD quiere ser transparente en cuanto a su estrategia contra la esclavitud moderna, y con esta declaraci\u00f3n quiere describir las medidas que toma para combatirla en la medida de lo posible.<\/span><\/p>\n<p><b>Nuestra empresa: estructura, actividad y cadenas de suministro<\/b><\/p>\n<p><span style=\"font-weight: 400;\">APD Group Limited es la empresa propietaria de APD Business Management Limited, que se especializa en facilitar servicios, tecnolog\u00edas y formaci\u00f3n en materia de gesti\u00f3n empresarial a los sectores de la automoci\u00f3n y el ocio. La empresa, centrada y comprometida en trabajar con fabricantes, distribuidores y sus concesionarios, ofrece sistemas innovadores y de eficacia probada en m\u00e1s de 80 pa\u00edses.<\/span><\/p>\n<p><span style=\"font-weight: 400;\">APD opera en Europa, \u00c1frica, Asia y Sudam\u00e9rica, y tiene su central operativa en el Reino Unido.<\/span><\/p>\n<p><b>Gesti\u00f3n de la cadena de suministros<\/b><\/p>\n<p><span style=\"font-weight: 400;\">Como proveedor de software y servicios profesionales, APD no tiene una cadena de suministro (ni nacional ni internacional) en la que exista el riesgo de esclavitud moderna o tr\u00e1fico de personas. Por norma general, los contratistas y proveedores empleados por APD tampoco son susceptibles a este riesgo.<\/span><\/p>\n<p><span style=\"font-weight: 400;\">APD se compromete a actuar de forma \u00e9tica y con integridad en todas sus relaciones comerciales, implementando y velando por el cumplimiento de controles y sistemas efectivos para asegurarse de que no se den casos de esclavitud ni de tr\u00e1fico de personas en ninguna de nuestras actividades ni cadenas de suministro.<\/span><\/p>\n<p><b>Pol\u00edticas en materia de esclavitud y tr\u00e1fico de personas<\/b><\/p>\n<p><span style=\"font-weight: 400;\">La pol\u00edtica de APD al respecto se incluye en sus manuales para empleados y personal subcontratado, y m\u00e1s concretamente en los documentos siguientes:<\/span><\/p>\n<ul>\n<li style=\"font-weight: 400;\" aria-level=\"1\"><span style=\"font-weight: 400;\">Declaraci\u00f3n de responsabilidad social corporativa<\/span><\/li>\n<li style=\"font-weight: 400;\" aria-level=\"1\"><span style=\"font-weight: 400;\">Pol\u00edtica contra el soborno y la corrupci\u00f3n<\/span><\/li>\n<li style=\"font-weight: 400;\" aria-level=\"1\"><span style=\"font-weight: 400;\">Pol\u00edtica de igualdad de oportunidades<\/span><\/li>\n<\/ul>\n<p><span style=\"font-weight: 400;\"><br \/>El personal tiene acceso a estas pol\u00edticas a trav\u00e9s de nuestros sistemas internos. Estos documentos se vuelven a publican cada vez que se actualizan.<\/span><\/p>\n<p><b>Riesgos identificados y medidas en vigor para prevenir y gestionar riesgos<\/b><\/p>\n<p><span style=\"font-weight: 400;\">APD se encuentra actualmente en proceso de revisi\u00f3n <\/span><span style=\"font-weight: 400;\">de sus controles y sistemas antiesclavitud para:<\/span><\/p>\n<ul>\n<li style=\"font-weight: 400;\" aria-level=\"1\"><span style=\"font-weight: 400;\">Identificar, evaluar y hacer un seguimiento de posibles \u00e1reas de riesgo en las cadenas de suministro.<\/span><\/li>\n<li style=\"font-weight: 400;\" aria-level=\"1\"><span style=\"font-weight: 400;\">Mitigar el riesgo de esclavitud y tr\u00e1fico de personas en las cadenas de suministro de la empresa a nivel global.<\/span><\/li>\n<li style=\"font-weight: 400;\" aria-level=\"1\"><span style=\"font-weight: 400;\">Desarrollar una pol\u00edtica espec\u00edfica contra la esclavitud moderna a incluirla en todos los manuales a nivel mundial.<\/span><\/li>\n<li style=\"font-weight: 400;\" aria-level=\"1\"><span style=\"font-weight: 400;\">Establecer una pol\u00edtica de denuncias (&#8220;whistleblowing&#8221;) para animar a los empleados a denunciar cualquier irregularidad.<\/span><\/li>\n<\/ul>\n<p><span style=\"font-weight: 400;\"><br \/>Todo esto apoyar\u00e1 las pol\u00edticas existentes que sustentan la estrategia de inclusividad, diversidad, bienestar, participaci\u00f3n e interacci\u00f3n con el personal de APD.<\/span><\/p>\n<p><b>Proceso de diligencia debida contra la esclavitud y el tr\u00e1fico de persona en nuestra empresa y nuestras cadenas de suministro<\/b><\/p>\n<p><span style=\"font-weight: 400;\">Como parte de nuestra labor de identificaci\u00f3n y mitigaci\u00f3n de riesgos:<\/span><\/p>\n<ul>\n<li style=\"font-weight: 400;\" aria-level=\"1\"><span style=\"font-weight: 400;\">APD continuar\u00e1 haciendo seguimientos y evaluaciones de los potenciales riesgos dentro de la empresa y en sus cadenas de suministro.<\/span><\/li>\n<li style=\"font-weight: 400;\" aria-level=\"1\"><span style=\"font-weight: 400;\">Los equipos de compras y de ventas a\u00f1adir\u00e1n evaluaciones de riesgo a sus procedimientos, e informar\u00e1n de cualquier posible riesgo.<\/span><\/li>\n<li style=\"font-weight: 400;\" aria-level=\"1\"><span style=\"font-weight: 400;\">Implementaci\u00f3n de nuestra pol\u00edtica de denuncias y protecci\u00f3n para los denunciantes.<\/span><\/li>\n<li style=\"font-weight: 400;\" aria-level=\"1\"><span style=\"font-weight: 400;\">Implementaci\u00f3n de una pol\u00edtica contra la esclavitud moderna en todos los manuales.<\/span><\/li>\n<\/ul>\n<p><b><br \/>Selecci\u00f3n y contrataci\u00f3n de personal<\/b><\/p>\n<p><span style=\"font-weight: 400;\">APD sigue un proceso de selecci\u00f3n y contrataci\u00f3n de personal claro y definido, asegur\u00e1ndose de utilizar \u00fanicamente agencias de prestigio para la b\u00fasqueda de nuevos empleados.<\/span><\/p>\n<p><span style=\"font-weight: 400;\">Todas las filiales de APD ayudar\u00e1n a garantizar la implementaci\u00f3n de unas medidas adecuadas para comprobar que los empleados tengan permiso de trabajo y queden, por tanto, amparados por la legislaci\u00f3n laboral aplicable. Esto incluye, entre otras cosas, comprobar permisos de trabajo, visados y pasaportes.<\/span><\/p>\n<p><b>Efectividad en la lucha contra la esclavitud y el tr\u00e1fico de personas<\/b><\/p>\n<p><span style=\"font-weight: 400;\">APD entiende que tiene la responsabilidad de seguir evaluando y mitigando el riesgo de esclavitud moderna. Aunque APD sigue avanzando en esta materia, entre sus futuras tareas estar\u00e1 el entender la naturaleza del riesgo, establecer pol\u00edticas e implementar controles para gestionar cualquier riesgo que surja.<\/span><\/p>\n<p><span style=\"font-weight: 400;\">El objetivo de APD es:<\/span><\/p>\n<ul>\n<li style=\"font-weight: 400;\" aria-level=\"1\"><span style=\"font-weight: 400;\">Ampliar a todo su personal las formaciones para combatir la esclavitud moderna.<\/span><\/li>\n<li style=\"font-weight: 400;\" aria-level=\"1\"><span style=\"font-weight: 400;\">Hacer un seguimiento de estrategias y buenas pr\u00e1cticas contra la esclavitud moderna, incluidas las de los clientes de APD, y asegurarnos de que la empresa se alinee con esas estrategias cuando proceda dentro de nuestra actividad.<\/span><\/li>\n<\/ul>\n<p><b><br \/>Formaci\u00f3n para combatir la esclavitud y el tr\u00e1fico de personas<\/b><\/p>\n<ul>\n<li style=\"font-weight: 400;\" aria-level=\"1\"><span style=\"font-weight: 400;\">Actualizaciones detalladas de formaci\u00f3n para todo el personal correspondiente de los equipos de compras y ventas<\/span><\/li>\n<li style=\"font-weight: 400;\" aria-level=\"1\"><span style=\"font-weight: 400;\">Actualizaci\u00f3n de nuestra plataforma de formaci\u00f3n interna para que nuestros empleados de todo el mundo ampl\u00eden conocimientos acerca de este asunto clave<\/span><\/li>\n<\/ul>\n<p><span style=\"font-weight: 400;\"><br \/>Esta declaraci\u00f3n se emite a efectos del cap\u00edtulo 54(1) de la Modern Slavery Act 2015 y constituye la declaraci\u00f3n contra la esclavitud y el tr\u00e1fico de personas de la empresa <\/span><span style=\"font-weight: 400;\">para el ejercicio econ\u00f3mico que termina el 31 de diciembre de 2018.<\/span><\/p>\n<p><span style=\"font-weight: 400;\">Firmado: Jonno Francis, Director de Operaciones<\/span><\/p>\n\t\t\t\t\t\t\t\t<\/div>\n\t\t\t\t<\/div>\n\t\t\t\t\t<\/div>\n\t\t<\/div>\n\t\t\t\t\t<\/div>\n\t\t<\/section>\n\t\t\t\t<\/div>\n\t\t","protected":false},"excerpt":{"rendered":"<p>Esclavitud moderna Declaraci\u00f3n contra la esclavitud y el tr\u00e1fico de personas 2019 Introducci\u00f3n Esta declaraci\u00f3n se emite en nombre de las empresas brit\u00e1nicas APD Group Limited y APD Business Management Limited, en adelante y conjuntamente &#8220;APD&#8221;, a efectos del cap\u00edtulo 45 (1) de la ley brit\u00e1nica contra la esclavitud moderna (Modern Slavery Act 2015). Sede [&hellip;]<\/p>\n","protected":false},"author":10,"featured_media":0,"parent":0,"menu_order":0,"comment_status":"closed","ping_status":"closed","template":"elementor_header_footer","meta":{"footnotes":""},"class_list":["post-3934","page","type-page","status-publish","hentry"],"yoast_head":"<!-- This site is optimized with the Yoast SEO plugin v26.9 - https:\/\/yoast.com\/product\/yoast-seo-wordpress\/ -->\n<title>Esclavitud moderna - APD Group Ltd<\/title>\n<meta name=\"robots\" content=\"index, follow, max-snippet:-1, max-image-preview:large, max-video-preview:-1\" \/>\n<link rel=\"canonical\" href=\"https:\/\/apd-group.com\/es\/esclavitud-moderna\/\" \/>\n<meta property=\"og:locale\" content=\"es_ES\" \/>\n<meta property=\"og:type\" content=\"article\" \/>\n<meta property=\"og:title\" content=\"Esclavitud moderna - APD Group Ltd\" \/>\n<meta property=\"og:description\" content=\"Esclavitud moderna Declaraci\u00f3n contra la esclavitud y el tr\u00e1fico de personas 2019 Introducci\u00f3n Esta declaraci\u00f3n se emite en nombre de las empresas brit\u00e1nicas APD Group Limited y APD Business Management Limited, en adelante y conjuntamente &#8220;APD&#8221;, a efectos del cap\u00edtulo 45 (1) de la ley brit\u00e1nica contra la esclavitud moderna (Modern Slavery Act 2015). Sede [&hellip;]\" \/>\n<meta property=\"og:url\" content=\"https:\/\/apd-group.com\/es\/esclavitud-moderna\/\" \/>\n<meta property=\"og:site_name\" content=\"APD Group Ltd\" \/>\n<meta property=\"article:modified_time\" content=\"2021-10-19T16:05:38+00:00\" \/>\n<meta name=\"twitter:card\" content=\"summary_large_image\" \/>\n<meta name=\"twitter:label1\" content=\"Tiempo de lectura\" \/>\n\t<meta name=\"twitter:data1\" content=\"5 minutes\" \/>\n<script type=\"application\/ld+json\" class=\"yoast-schema-graph\">{\"@context\":\"https:\/\/schema.org\",\"@graph\":[{\"@type\":\"WebPage\",\"@id\":\"https:\/\/apd-group.com\/es\/esclavitud-moderna\/\",\"url\":\"https:\/\/apd-group.com\/es\/esclavitud-moderna\/\",\"name\":\"Esclavitud moderna - APD Group Ltd\",\"isPartOf\":{\"@id\":\"https:\/\/apd-group.com\/es\/#website\"},\"datePublished\":\"2021-10-19T16:05:33+00:00\",\"dateModified\":\"2021-10-19T16:05:38+00:00\",\"breadcrumb\":{\"@id\":\"https:\/\/apd-group.com\/es\/esclavitud-moderna\/#breadcrumb\"},\"inLanguage\":\"es-ES\",\"potentialAction\":[{\"@type\":\"ReadAction\",\"target\":[\"https:\/\/apd-group.com\/es\/esclavitud-moderna\/\"]}]},{\"@type\":\"BreadcrumbList\",\"@id\":\"https:\/\/apd-group.com\/es\/esclavitud-moderna\/#breadcrumb\",\"itemListElement\":[{\"@type\":\"ListItem\",\"position\":1,\"name\":\"Home\",\"item\":\"https:\/\/apd-group.com\/es\/\"},{\"@type\":\"ListItem\",\"position\":2,\"name\":\"Esclavitud moderna\"}]},{\"@type\":\"WebSite\",\"@id\":\"https:\/\/apd-group.com\/es\/#website\",\"url\":\"https:\/\/apd-group.com\/es\/\",\"name\":\"APD Group Ltd\",\"description\":\"Automotive Business Management\",\"publisher\":{\"@id\":\"https:\/\/apd-group.com\/es\/#organization\"},\"potentialAction\":[{\"@type\":\"SearchAction\",\"target\":{\"@type\":\"EntryPoint\",\"urlTemplate\":\"https:\/\/apd-group.com\/es\/?s={search_term_string}\"},\"query-input\":{\"@type\":\"PropertyValueSpecification\",\"valueRequired\":true,\"valueName\":\"search_term_string\"}}],\"inLanguage\":\"es-ES\"},{\"@type\":\"Organization\",\"@id\":\"https:\/\/apd-group.com\/es\/#organization\",\"name\":\"APD Group Ltd\",\"url\":\"https:\/\/apd-group.com\/es\/\",\"logo\":{\"@type\":\"ImageObject\",\"inLanguage\":\"es-ES\",\"@id\":\"https:\/\/apd-group.com\/es\/#\/schema\/logo\/image\/\",\"url\":\"https:\/\/apd-group.com\/wp-content\/uploads\/2021\/05\/Group-245.png\",\"contentUrl\":\"https:\/\/apd-group.com\/wp-content\/uploads\/2021\/05\/Group-245.png\",\"width\":208,\"height\":59,\"caption\":\"APD Group Ltd\"},\"image\":{\"@id\":\"https:\/\/apd-group.com\/es\/#\/schema\/logo\/image\/\"}}]}<\/script>\n<!-- \/ Yoast SEO plugin. -->","yoast_head_json":{"title":"Esclavitud moderna - APD Group Ltd","robots":{"index":"index","follow":"follow","max-snippet":"max-snippet:-1","max-image-preview":"max-image-preview:large","max-video-preview":"max-video-preview:-1"},"canonical":"https:\/\/apd-group.com\/es\/esclavitud-moderna\/","og_locale":"es_ES","og_type":"article","og_title":"Esclavitud moderna - APD Group Ltd","og_description":"Esclavitud moderna Declaraci\u00f3n contra la esclavitud y el tr\u00e1fico de personas 2019 Introducci\u00f3n Esta declaraci\u00f3n se emite en nombre de las empresas brit\u00e1nicas APD Group Limited y APD Business Management Limited, en adelante y conjuntamente &#8220;APD&#8221;, a efectos del cap\u00edtulo 45 (1) de la ley brit\u00e1nica contra la esclavitud moderna (Modern Slavery Act 2015). Sede [&hellip;]","og_url":"https:\/\/apd-group.com\/es\/esclavitud-moderna\/","og_site_name":"APD Group Ltd","article_modified_time":"2021-10-19T16:05:38+00:00","twitter_card":"summary_large_image","twitter_misc":{"Tiempo de lectura":"5 minutes"},"schema":{"@context":"https:\/\/schema.org","@graph":[{"@type":"WebPage","@id":"https:\/\/apd-group.com\/es\/esclavitud-moderna\/","url":"https:\/\/apd-group.com\/es\/esclavitud-moderna\/","name":"Esclavitud moderna - APD Group Ltd","isPartOf":{"@id":"https:\/\/apd-group.com\/es\/#website"},"datePublished":"2021-10-19T16:05:33+00:00","dateModified":"2021-10-19T16:05:38+00:00","breadcrumb":{"@id":"https:\/\/apd-group.com\/es\/esclavitud-moderna\/#breadcrumb"},"inLanguage":"es-ES","potentialAction":[{"@type":"ReadAction","target":["https:\/\/apd-group.com\/es\/esclavitud-moderna\/"]}]},{"@type":"BreadcrumbList","@id":"https:\/\/apd-group.com\/es\/esclavitud-moderna\/#breadcrumb","itemListElement":[{"@type":"ListItem","position":1,"name":"Home","item":"https:\/\/apd-group.com\/es\/"},{"@type":"ListItem","position":2,"name":"Esclavitud moderna"}]},{"@type":"WebSite","@id":"https:\/\/apd-group.com\/es\/#website","url":"https:\/\/apd-group.com\/es\/","name":"APD Group Ltd","description":"Automotive Business Management","publisher":{"@id":"https:\/\/apd-group.com\/es\/#organization"},"potentialAction":[{"@type":"SearchAction","target":{"@type":"EntryPoint","urlTemplate":"https:\/\/apd-group.com\/es\/?s={search_term_string}"},"query-input":{"@type":"PropertyValueSpecification","valueRequired":true,"valueName":"search_term_string"}}],"inLanguage":"es-ES"},{"@type":"Organization","@id":"https:\/\/apd-group.com\/es\/#organization","name":"APD Group Ltd","url":"https:\/\/apd-group.com\/es\/","logo":{"@type":"ImageObject","inLanguage":"es-ES","@id":"https:\/\/apd-group.com\/es\/#\/schema\/logo\/image\/","url":"https:\/\/apd-group.com\/wp-content\/uploads\/2021\/05\/Group-245.png","contentUrl":"https:\/\/apd-group.com\/wp-content\/uploads\/2021\/05\/Group-245.png","width":208,"height":59,"caption":"APD Group Ltd"},"image":{"@id":"https:\/\/apd-group.com\/es\/#\/schema\/logo\/image\/"}}]}},"_links":{"self":[{"href":"https:\/\/apd-group.com\/es\/wp-json\/wp\/v2\/pages\/3934","targetHints":{"allow":["GET"]}}],"collection":[{"href":"https:\/\/apd-group.com\/es\/wp-json\/wp\/v2\/pages"}],"about":[{"href":"https:\/\/apd-group.com\/es\/wp-json\/wp\/v2\/types\/page"}],"author":[{"embeddable":true,"href":"https:\/\/apd-group.com\/es\/wp-json\/wp\/v2\/users\/10"}],"replies":[{"embeddable":true,"href":"https:\/\/apd-group.com\/es\/wp-json\/wp\/v2\/comments?post=3934"}],"version-history":[{"count":0,"href":"https:\/\/apd-group.com\/es\/wp-json\/wp\/v2\/pages\/3934\/revisions"}],"wp:attachment":[{"href":"https:\/\/apd-group.com\/es\/wp-json\/wp\/v2\/media?parent=3934"}],"curies":[{"name":"wp","href":"https:\/\/api.w.org\/{rel}","templated":true}]}}