{"id":3930,"date":"2021-10-19T17:05:22","date_gmt":"2021-10-19T16:05:22","guid":{"rendered":"https:\/\/apdworpress.azurewebsites.net\/requisitos-del-sistema\/"},"modified":"2021-10-19T17:05:37","modified_gmt":"2021-10-19T16:05:37","slug":"requisitos-del-sistema","status":"publish","type":"page","link":"https:\/\/apd-group.com\/es\/requisitos-del-sistema\/","title":{"rendered":"Requisitos del sistema"},"content":{"rendered":"\t\t<div data-elementor-type=\"wp-page\" data-elementor-id=\"3930\" class=\"elementor elementor-3930 elementor-3599\" data-elementor-settings=\"{&quot;ha_cmc_init_switcher&quot;:&quot;no&quot;}\" data-elementor-post-type=\"page\">\n\t\t\t\t\t\t<section class=\"elementor-section elementor-top-section elementor-element elementor-element-52ea405 elementor-section-boxed elementor-section-height-default elementor-section-height-default\" data-id=\"52ea405\" data-element_type=\"section\" data-e-type=\"section\" data-settings=\"{&quot;background_background&quot;:&quot;classic&quot;,&quot;_ha_eqh_enable&quot;:false}\">\n\t\t\t\t\t\t<div class=\"elementor-container elementor-column-gap-default\">\n\t\t\t\t\t<div class=\"elementor-column elementor-col-100 elementor-top-column elementor-element elementor-element-78a58e9\" data-id=\"78a58e9\" data-element_type=\"column\" data-e-type=\"column\">\n\t\t\t<div class=\"elementor-widget-wrap elementor-element-populated\">\n\t\t\t\t\t\t<div class=\"elementor-element elementor-element-024fb36 elementor-widget elementor-widget-heading\" data-id=\"024fb36\" data-element_type=\"widget\" data-e-type=\"widget\" data-widget_type=\"heading.default\">\n\t\t\t\t<div class=\"elementor-widget-container\">\n\t\t\t\t\t<h1 class=\"elementor-heading-title elementor-size-default\">Requisitos del sistema<\/h1>\t\t\t\t<\/div>\n\t\t\t\t<\/div>\n\t\t\t\t\t<\/div>\n\t\t<\/div>\n\t\t\t\t\t<\/div>\n\t\t<\/section>\n\t\t\t\t<section class=\"elementor-section elementor-top-section elementor-element elementor-element-eafe139 elementor-section-boxed elementor-section-height-default elementor-section-height-default\" data-id=\"eafe139\" data-element_type=\"section\" data-e-type=\"section\" data-settings=\"{&quot;_ha_eqh_enable&quot;:false}\">\n\t\t\t\t\t\t<div class=\"elementor-container elementor-column-gap-default\">\n\t\t\t\t\t<div class=\"elementor-column elementor-col-100 elementor-top-column elementor-element elementor-element-03c6e61\" data-id=\"03c6e61\" data-element_type=\"column\" data-e-type=\"column\">\n\t\t\t<div class=\"elementor-widget-wrap elementor-element-populated\">\n\t\t\t\t\t\t<div class=\"elementor-element elementor-element-b0ac4ac elementor-widget elementor-widget-heading\" data-id=\"b0ac4ac\" data-element_type=\"widget\" data-e-type=\"widget\" data-widget_type=\"heading.default\">\n\t\t\t\t<div class=\"elementor-widget-container\">\n\t\t\t\t\t<h1 class=\"elementor-heading-title elementor-size-default\">Navegadores compatibles<\/h1>\t\t\t\t<\/div>\n\t\t\t\t<\/div>\n\t\t\t\t\t<\/div>\n\t\t<\/div>\n\t\t\t\t\t<\/div>\n\t\t<\/section>\n\t\t\t\t<section class=\"elementor-section elementor-top-section elementor-element elementor-element-40ea017 elementor-section-boxed elementor-section-height-default elementor-section-height-default\" data-id=\"40ea017\" data-element_type=\"section\" data-e-type=\"section\" data-settings=\"{&quot;_ha_eqh_enable&quot;:false}\">\n\t\t\t\t\t\t<div class=\"elementor-container elementor-column-gap-default\">\n\t\t\t\t\t<div class=\"elementor-column elementor-col-100 elementor-top-column elementor-element elementor-element-85610ec\" data-id=\"85610ec\" data-element_type=\"column\" data-e-type=\"column\">\n\t\t\t<div class=\"elementor-widget-wrap elementor-element-populated\">\n\t\t\t\t\t\t<div class=\"elementor-element elementor-element-172afac elementor-widget elementor-widget-text-editor\" data-id=\"172afac\" data-element_type=\"widget\" data-e-type=\"widget\" data-widget_type=\"text-editor.default\">\n\t\t\t\t<div class=\"elementor-widget-container\">\n\t\t\t\t\t\t\t\t\t<p>Los sitios y aplicaciones web de APD son compatibles con los siguientes navegadores en ordenadores:<\/p>\n\t\t\t\t\t\t\t\t<\/div>\n\t\t\t\t<\/div>\n\t\t\t\t<div class=\"elementor-element elementor-element-098250c elementor-icon-list--layout-traditional elementor-list-item-link-full_width elementor-widget elementor-widget-icon-list\" data-id=\"098250c\" data-element_type=\"widget\" data-e-type=\"widget\" data-widget_type=\"icon-list.default\">\n\t\t\t\t<div class=\"elementor-widget-container\">\n\t\t\t\t\t\t\t<ul class=\"elementor-icon-list-items\">\n\t\t\t\t\t\t\t<li class=\"elementor-icon-list-item\">\n\t\t\t\t\t\t\t\t\t\t\t<span class=\"elementor-icon-list-icon\">\n\t\t\t\t\t\t\t<i aria-hidden=\"true\" class=\"fab fa-internet-explorer\"><\/i>\t\t\t\t\t\t<\/span>\n\t\t\t\t\t\t\t\t\t\t<span class=\"elementor-icon-list-text\">Microsoft Internet Explorer: versi\u00f3n compatible m\u00e1s reciente en sistema operativo Microsoft Windows<br>Microsoft Internet Explorer aplica actualizaciones autom\u00e1ticamente a la \u00faltima versi\u00f3n publicada<\/span>\n\t\t\t\t\t\t\t\t\t<\/li>\n\t\t\t\t\t\t\t\t<li class=\"elementor-icon-list-item\">\n\t\t\t\t\t\t\t\t\t\t\t<span class=\"elementor-icon-list-icon\">\n\t\t\t\t\t\t\t<i aria-hidden=\"true\" class=\"fab fa-edge\"><\/i>\t\t\t\t\t\t<\/span>\n\t\t\t\t\t\t\t\t\t\t<span class=\"elementor-icon-list-text\">Microsoft Edge: versi\u00f3n compatible m\u00e1s reciente en sistema operativo Microsoft Windows<br> Microsoft Edge aplica actualizaciones autom\u00e1ticamente a la \u00faltima versi\u00f3n publicada<\/span>\n\t\t\t\t\t\t\t\t\t<\/li>\n\t\t\t\t\t\t\t\t<li class=\"elementor-icon-list-item\">\n\t\t\t\t\t\t\t\t\t\t\t<span class=\"elementor-icon-list-icon\">\n\t\t\t\t\t\t\t<i aria-hidden=\"true\" class=\"fab fa-firefox-browser\"><\/i>\t\t\t\t\t\t<\/span>\n\t\t\t\t\t\t\t\t\t\t<span class=\"elementor-icon-list-text\">Mozilla Firefox: versi\u00f3n compatible m\u00e1s reciente en sistema operativo Microsoft Windows<br> Mozilla Firefox: aplica actualizaciones autom\u00e1ticamente a la \u00faltima versi\u00f3n publicada<\/span>\n\t\t\t\t\t\t\t\t\t<\/li>\n\t\t\t\t\t\t\t\t<li class=\"elementor-icon-list-item\">\n\t\t\t\t\t\t\t\t\t\t\t<span class=\"elementor-icon-list-icon\">\n\t\t\t\t\t\t\t<i aria-hidden=\"true\" class=\"fab fa-chrome\"><\/i>\t\t\t\t\t\t<\/span>\n\t\t\t\t\t\t\t\t\t\t<span class=\"elementor-icon-list-text\">Google Chrome: versi\u00f3n compatible m\u00e1s reciente en sistema operativo Microsoft Windows<br> Google Chrome: aplica actualizaciones autom\u00e1ticamente a la \u00faltima versi\u00f3n publicada<\/span>\n\t\t\t\t\t\t\t\t\t<\/li>\n\t\t\t\t\t\t\t\t<li class=\"elementor-icon-list-item\">\n\t\t\t\t\t\t\t\t\t\t\t<span class=\"elementor-icon-list-icon\">\n\t\t\t\t\t\t\t<i aria-hidden=\"true\" class=\"fab fa-safari\"><\/i>\t\t\t\t\t\t<\/span>\n\t\t\t\t\t\t\t\t\t\t<span class=\"elementor-icon-list-text\">Apple Safari: versi\u00f3n compatible m\u00e1s reciente en sistema operativo Apple MacOS<br> Apple Safari: aplica actualizaciones autom\u00e1ticamente a la \u00faltima versi\u00f3n publicada<\/span>\n\t\t\t\t\t\t\t\t\t<\/li>\n\t\t\t\t\t\t\t\t<li class=\"elementor-icon-list-item\">\n\t\t\t\t\t\t\t\t\t\t\t<span class=\"elementor-icon-list-icon\">\n\t\t\t\t\t\t\t<i aria-hidden=\"true\" class=\"fab fa-opera\"><\/i>\t\t\t\t\t\t<\/span>\n\t\t\t\t\t\t\t\t\t\t<span class=\"elementor-icon-list-text\">Opera: versi\u00f3n compatible m\u00e1s reciente en sistema operativo Microsoft Windows<br> Opera: aplica actualizaciones autom\u00e1ticamente a la \u00faltima versi\u00f3n publicada<\/span>\n\t\t\t\t\t\t\t\t\t<\/li>\n\t\t\t\t\t\t<\/ul>\n\t\t\t\t\t\t<\/div>\n\t\t\t\t<\/div>\n\t\t\t\t<div class=\"elementor-element elementor-element-d54903e elementor-widget elementor-widget-text-editor\" data-id=\"d54903e\" data-element_type=\"widget\" data-e-type=\"widget\" data-widget_type=\"text-editor.default\">\n\t\t\t\t<div class=\"elementor-widget-container\">\n\t\t\t\t\t\t\t\t\t<p>En cualquiera de estos navegadores debe habilitar JavaScript, cookies, y TLS 1.2. Recomendamos una conexi\u00f3n a internet con una velocidad de descarga m\u00ednima de 4 MB\/s.<\/p>\n<p><strong>Dispositivos m\u00f3viles y tablets<\/strong><\/p>\n<ul>\n<li>\n<p>Los paneles de usuario de las aplicaciones web de APD est\u00e1n dise\u00f1ados para ser compatibles con tabletas y dispositivos m\u00f3viles<\/p>\n<\/li>\n<li>\n<p>No obstante, recomendamos utilizar las aplicaciones web de APD en el navegador de un ordenador.<\/p>\n<\/li>\n<\/ul>\n\t\t\t\t\t\t\t\t<\/div>\n\t\t\t\t<\/div>\n\t\t\t\t\t<\/div>\n\t\t<\/div>\n\t\t\t\t\t<\/div>\n\t\t<\/section>\n\t\t\t\t<section class=\"elementor-section elementor-top-section elementor-element elementor-element-191a855 elementor-section-boxed elementor-section-height-default elementor-section-height-default\" data-id=\"191a855\" data-element_type=\"section\" data-e-type=\"section\" data-settings=\"{&quot;_ha_eqh_enable&quot;:false}\">\n\t\t\t\t\t\t<div class=\"elementor-container elementor-column-gap-default\">\n\t\t\t\t\t<div class=\"elementor-column elementor-col-100 elementor-top-column elementor-element elementor-element-c4b5199\" data-id=\"c4b5199\" data-element_type=\"column\" data-e-type=\"column\">\n\t\t\t<div class=\"elementor-widget-wrap elementor-element-populated\">\n\t\t\t\t\t\t<div class=\"elementor-element elementor-element-6b5d463 elementor-widget elementor-widget-heading\" data-id=\"6b5d463\" data-element_type=\"widget\" data-e-type=\"widget\" data-widget_type=\"heading.default\">\n\t\t\t\t<div class=\"elementor-widget-container\">\n\t\t\t\t\t<h1 class=\"elementor-heading-title elementor-size-default\">Aplicaciones de escritorio<\/h1>\t\t\t\t<\/div>\n\t\t\t\t<\/div>\n\t\t\t\t<div class=\"elementor-element elementor-element-6ac2f69 elementor-widget elementor-widget-text-editor\" data-id=\"6ac2f69\" data-element_type=\"widget\" data-e-type=\"widget\" data-widget_type=\"text-editor.default\">\n\t\t\t\t<div class=\"elementor-widget-container\">\n\t\t\t\t\t\t\t\t\t<p>Las aplicaciones de escritorio facilitadas por APD deben instalarse en un sistema operativo Microsoft Windows. A continuaci\u00f3n, se muestran los requisitos m\u00ednimos del sistema. Como con la mayor parte de las aplicaciones, el rendimiento aumentar\u00e1 cuando mejores sean las caracter\u00edsticas del ordenador:<\/p>\n<ul>\n<li>Sistema operativo: Microsoft Windows 10 (versi\u00f3n compatible m\u00e1s reciente)<\/li>\n<li>CPU: Intel Pentium 1,2 GHz<\/li>\n<li>Memoria: 2 GB de RAM<\/li>\n<li>Almacenamiento: 1 GB<\/li>\n<\/ul>\n\t\t\t\t\t\t\t\t<\/div>\n\t\t\t\t<\/div>\n\t\t\t\t\t<\/div>\n\t\t<\/div>\n\t\t\t\t\t<\/div>\n\t\t<\/section>\n\t\t\t\t<section class=\"elementor-section elementor-top-section elementor-element elementor-element-4e1459f elementor-section-boxed elementor-section-height-default elementor-section-height-default\" data-id=\"4e1459f\" data-element_type=\"section\" data-e-type=\"section\" data-settings=\"{&quot;_ha_eqh_enable&quot;:false}\">\n\t\t\t\t\t\t<div class=\"elementor-container elementor-column-gap-default\">\n\t\t\t\t\t<div class=\"elementor-column elementor-col-100 elementor-top-column elementor-element elementor-element-0413421\" data-id=\"0413421\" data-element_type=\"column\" data-e-type=\"column\">\n\t\t\t<div class=\"elementor-widget-wrap elementor-element-populated\">\n\t\t\t\t\t\t<div class=\"elementor-element elementor-element-49681f1 elementor-widget elementor-widget-heading\" data-id=\"49681f1\" data-element_type=\"widget\" data-e-type=\"widget\" data-widget_type=\"heading.default\">\n\t\t\t\t<div class=\"elementor-widget-container\">\n\t\t\t\t\t<h1 class=\"elementor-heading-title elementor-size-default\">Informes<\/h1>\t\t\t\t<\/div>\n\t\t\t\t<\/div>\n\t\t\t\t<div class=\"elementor-element elementor-element-689db04 elementor-widget elementor-widget-text-editor\" data-id=\"689db04\" data-element_type=\"widget\" data-e-type=\"widget\" data-widget_type=\"text-editor.default\">\n\t\t\t\t<div class=\"elementor-widget-container\">\n\t\t\t\t\t\t\t\t\t<p>Los informes de s\u00edntesis y de cuentas de gesti\u00f3n se publican en los siguientes formatos:<\/p>\n<ul>\n<li>Microsoft Excel<\/li>\n<li>Adobe PDF<\/li>\n<\/ul>\n<p>Para ver los informes de s\u00edntesis necesitar\u00e1:<\/p>\n<ul>\n<li>Un programa para descomprimir archivos (p. ej. WinZip)<\/li>\n<li>Microsoft Excel 2010 o posterior en un entorno de trabajo Microsoft Windows<\/li>\n<\/ul>\n<p><em>Tenga en cuenta que las prestaciones din\u00e1micas de los informes de s\u00edntesis de Microsoft Excel solo son totalmente compatibles con plataformas con sistema operativo Microsoft Windows. APD no garantiza que las prestaciones din\u00e1micas puedan usarse \u00edntegramente en sistemas operativos diferentes de Microsoft Windows.<\/em><\/p>\n\t\t\t\t\t\t\t\t<\/div>\n\t\t\t\t<\/div>\n\t\t\t\t\t<\/div>\n\t\t<\/div>\n\t\t\t\t\t<\/div>\n\t\t<\/section>\n\t\t\t\t<\/div>\n\t\t","protected":false},"excerpt":{"rendered":"<p>Requisitos del sistema Navegadores compatibles Los sitios y aplicaciones web de APD son compatibles con los siguientes navegadores en ordenadores: Microsoft Internet Explorer: versi\u00f3n compatible m\u00e1s reciente en sistema operativo Microsoft WindowsMicrosoft Internet Explorer aplica actualizaciones autom\u00e1ticamente a la \u00faltima versi\u00f3n publicada Microsoft Edge: versi\u00f3n compatible m\u00e1s reciente en sistema operativo Microsoft Windows Microsoft Edge [&hellip;]<\/p>\n","protected":false},"author":10,"featured_media":0,"parent":0,"menu_order":0,"comment_status":"closed","ping_status":"closed","template":"elementor_header_footer","meta":{"footnotes":""},"class_list":["post-3930","page","type-page","status-publish","hentry"],"yoast_head":"<!-- This site is optimized with the Yoast SEO plugin v26.9 - https:\/\/yoast.com\/product\/yoast-seo-wordpress\/ -->\n<title>Requisitos del sistema - APD Group Ltd<\/title>\n<meta name=\"robots\" content=\"index, follow, max-snippet:-1, max-image-preview:large, max-video-preview:-1\" \/>\n<link rel=\"canonical\" href=\"https:\/\/apd-group.com\/es\/requisitos-del-sistema\/\" \/>\n<meta property=\"og:locale\" content=\"es_ES\" \/>\n<meta property=\"og:type\" content=\"article\" \/>\n<meta property=\"og:title\" content=\"Requisitos del sistema - APD Group Ltd\" \/>\n<meta property=\"og:description\" content=\"Requisitos del sistema Navegadores compatibles Los sitios y aplicaciones web de APD son compatibles con los siguientes navegadores en ordenadores: Microsoft Internet Explorer: versi\u00f3n compatible m\u00e1s reciente en sistema operativo Microsoft WindowsMicrosoft Internet Explorer aplica actualizaciones autom\u00e1ticamente a la \u00faltima versi\u00f3n publicada Microsoft Edge: versi\u00f3n compatible m\u00e1s reciente en sistema operativo Microsoft Windows Microsoft Edge [&hellip;]\" \/>\n<meta property=\"og:url\" content=\"https:\/\/apd-group.com\/es\/requisitos-del-sistema\/\" \/>\n<meta property=\"og:site_name\" content=\"APD Group Ltd\" \/>\n<meta property=\"article:modified_time\" content=\"2021-10-19T16:05:37+00:00\" \/>\n<meta name=\"twitter:card\" content=\"summary_large_image\" \/>\n<meta name=\"twitter:label1\" content=\"Tiempo de lectura\" \/>\n\t<meta name=\"twitter:data1\" content=\"2 minutes\" \/>\n<script type=\"application\/ld+json\" class=\"yoast-schema-graph\">{\"@context\":\"https:\/\/schema.org\",\"@graph\":[{\"@type\":\"WebPage\",\"@id\":\"https:\/\/apd-group.com\/es\/requisitos-del-sistema\/\",\"url\":\"https:\/\/apd-group.com\/es\/requisitos-del-sistema\/\",\"name\":\"Requisitos del sistema - APD Group Ltd\",\"isPartOf\":{\"@id\":\"https:\/\/apd-group.com\/es\/#website\"},\"datePublished\":\"2021-10-19T16:05:22+00:00\",\"dateModified\":\"2021-10-19T16:05:37+00:00\",\"breadcrumb\":{\"@id\":\"https:\/\/apd-group.com\/es\/requisitos-del-sistema\/#breadcrumb\"},\"inLanguage\":\"es-ES\",\"potentialAction\":[{\"@type\":\"ReadAction\",\"target\":[\"https:\/\/apd-group.com\/es\/requisitos-del-sistema\/\"]}]},{\"@type\":\"BreadcrumbList\",\"@id\":\"https:\/\/apd-group.com\/es\/requisitos-del-sistema\/#breadcrumb\",\"itemListElement\":[{\"@type\":\"ListItem\",\"position\":1,\"name\":\"Home\",\"item\":\"https:\/\/apd-group.com\/es\/\"},{\"@type\":\"ListItem\",\"position\":2,\"name\":\"Requisitos del sistema\"}]},{\"@type\":\"WebSite\",\"@id\":\"https:\/\/apd-group.com\/es\/#website\",\"url\":\"https:\/\/apd-group.com\/es\/\",\"name\":\"APD Group Ltd\",\"description\":\"Automotive Business Management\",\"publisher\":{\"@id\":\"https:\/\/apd-group.com\/es\/#organization\"},\"potentialAction\":[{\"@type\":\"SearchAction\",\"target\":{\"@type\":\"EntryPoint\",\"urlTemplate\":\"https:\/\/apd-group.com\/es\/?s={search_term_string}\"},\"query-input\":{\"@type\":\"PropertyValueSpecification\",\"valueRequired\":true,\"valueName\":\"search_term_string\"}}],\"inLanguage\":\"es-ES\"},{\"@type\":\"Organization\",\"@id\":\"https:\/\/apd-group.com\/es\/#organization\",\"name\":\"APD Group Ltd\",\"url\":\"https:\/\/apd-group.com\/es\/\",\"logo\":{\"@type\":\"ImageObject\",\"inLanguage\":\"es-ES\",\"@id\":\"https:\/\/apd-group.com\/es\/#\/schema\/logo\/image\/\",\"url\":\"https:\/\/apd-group.com\/wp-content\/uploads\/2021\/05\/Group-245.png\",\"contentUrl\":\"https:\/\/apd-group.com\/wp-content\/uploads\/2021\/05\/Group-245.png\",\"width\":208,\"height\":59,\"caption\":\"APD Group Ltd\"},\"image\":{\"@id\":\"https:\/\/apd-group.com\/es\/#\/schema\/logo\/image\/\"}}]}<\/script>\n<!-- \/ Yoast SEO plugin. -->","yoast_head_json":{"title":"Requisitos del sistema - APD Group Ltd","robots":{"index":"index","follow":"follow","max-snippet":"max-snippet:-1","max-image-preview":"max-image-preview:large","max-video-preview":"max-video-preview:-1"},"canonical":"https:\/\/apd-group.com\/es\/requisitos-del-sistema\/","og_locale":"es_ES","og_type":"article","og_title":"Requisitos del sistema - APD Group Ltd","og_description":"Requisitos del sistema Navegadores compatibles Los sitios y aplicaciones web de APD son compatibles con los siguientes navegadores en ordenadores: Microsoft Internet Explorer: versi\u00f3n compatible m\u00e1s reciente en sistema operativo Microsoft WindowsMicrosoft Internet Explorer aplica actualizaciones autom\u00e1ticamente a la \u00faltima versi\u00f3n publicada Microsoft Edge: versi\u00f3n compatible m\u00e1s reciente en sistema operativo Microsoft Windows Microsoft Edge [&hellip;]","og_url":"https:\/\/apd-group.com\/es\/requisitos-del-sistema\/","og_site_name":"APD Group Ltd","article_modified_time":"2021-10-19T16:05:37+00:00","twitter_card":"summary_large_image","twitter_misc":{"Tiempo de lectura":"2 minutes"},"schema":{"@context":"https:\/\/schema.org","@graph":[{"@type":"WebPage","@id":"https:\/\/apd-group.com\/es\/requisitos-del-sistema\/","url":"https:\/\/apd-group.com\/es\/requisitos-del-sistema\/","name":"Requisitos del sistema - APD Group Ltd","isPartOf":{"@id":"https:\/\/apd-group.com\/es\/#website"},"datePublished":"2021-10-19T16:05:22+00:00","dateModified":"2021-10-19T16:05:37+00:00","breadcrumb":{"@id":"https:\/\/apd-group.com\/es\/requisitos-del-sistema\/#breadcrumb"},"inLanguage":"es-ES","potentialAction":[{"@type":"ReadAction","target":["https:\/\/apd-group.com\/es\/requisitos-del-sistema\/"]}]},{"@type":"BreadcrumbList","@id":"https:\/\/apd-group.com\/es\/requisitos-del-sistema\/#breadcrumb","itemListElement":[{"@type":"ListItem","position":1,"name":"Home","item":"https:\/\/apd-group.com\/es\/"},{"@type":"ListItem","position":2,"name":"Requisitos del sistema"}]},{"@type":"WebSite","@id":"https:\/\/apd-group.com\/es\/#website","url":"https:\/\/apd-group.com\/es\/","name":"APD Group Ltd","description":"Automotive Business Management","publisher":{"@id":"https:\/\/apd-group.com\/es\/#organization"},"potentialAction":[{"@type":"SearchAction","target":{"@type":"EntryPoint","urlTemplate":"https:\/\/apd-group.com\/es\/?s={search_term_string}"},"query-input":{"@type":"PropertyValueSpecification","valueRequired":true,"valueName":"search_term_string"}}],"inLanguage":"es-ES"},{"@type":"Organization","@id":"https:\/\/apd-group.com\/es\/#organization","name":"APD Group Ltd","url":"https:\/\/apd-group.com\/es\/","logo":{"@type":"ImageObject","inLanguage":"es-ES","@id":"https:\/\/apd-group.com\/es\/#\/schema\/logo\/image\/","url":"https:\/\/apd-group.com\/wp-content\/uploads\/2021\/05\/Group-245.png","contentUrl":"https:\/\/apd-group.com\/wp-content\/uploads\/2021\/05\/Group-245.png","width":208,"height":59,"caption":"APD Group Ltd"},"image":{"@id":"https:\/\/apd-group.com\/es\/#\/schema\/logo\/image\/"}}]}},"_links":{"self":[{"href":"https:\/\/apd-group.com\/es\/wp-json\/wp\/v2\/pages\/3930","targetHints":{"allow":["GET"]}}],"collection":[{"href":"https:\/\/apd-group.com\/es\/wp-json\/wp\/v2\/pages"}],"about":[{"href":"https:\/\/apd-group.com\/es\/wp-json\/wp\/v2\/types\/page"}],"author":[{"embeddable":true,"href":"https:\/\/apd-group.com\/es\/wp-json\/wp\/v2\/users\/10"}],"replies":[{"embeddable":true,"href":"https:\/\/apd-group.com\/es\/wp-json\/wp\/v2\/comments?post=3930"}],"version-history":[{"count":0,"href":"https:\/\/apd-group.com\/es\/wp-json\/wp\/v2\/pages\/3930\/revisions"}],"wp:attachment":[{"href":"https:\/\/apd-group.com\/es\/wp-json\/wp\/v2\/media?parent=3930"}],"curies":[{"name":"wp","href":"https:\/\/api.w.org\/{rel}","templated":true}]}}