{"id":3925,"date":"2021-10-19T17:05:14","date_gmt":"2021-10-19T16:05:14","guid":{"rendered":"https:\/\/apdworpress.azurewebsites.net\/privacidad-y-cookies\/"},"modified":"2023-12-15T21:04:10","modified_gmt":"2023-12-15T21:04:10","slug":"privacidad-y-cookies","status":"publish","type":"page","link":"https:\/\/apd-group.com\/es\/privacidad-y-cookies\/","title":{"rendered":"Privacidad y cookies"},"content":{"rendered":"\t\t<div data-elementor-type=\"wp-page\" data-elementor-id=\"3925\" class=\"elementor elementor-3925 elementor-3590\" data-elementor-settings=\"{&quot;ha_cmc_init_switcher&quot;:&quot;no&quot;}\" data-elementor-post-type=\"page\">\n\t\t\t\t\t\t<section class=\"elementor-section elementor-top-section elementor-element elementor-element-52ea405 elementor-section-boxed elementor-section-height-default elementor-section-height-default\" data-id=\"52ea405\" data-element_type=\"section\" data-e-type=\"section\" data-settings=\"{&quot;background_background&quot;:&quot;classic&quot;,&quot;_ha_eqh_enable&quot;:false}\">\n\t\t\t\t\t\t<div class=\"elementor-container elementor-column-gap-default\">\n\t\t\t\t\t<div class=\"elementor-column elementor-col-100 elementor-top-column elementor-element elementor-element-78a58e9\" data-id=\"78a58e9\" data-element_type=\"column\" data-e-type=\"column\">\n\t\t\t<div class=\"elementor-widget-wrap elementor-element-populated\">\n\t\t\t\t\t\t<div class=\"elementor-element elementor-element-024fb36 elementor-widget elementor-widget-heading\" data-id=\"024fb36\" data-element_type=\"widget\" data-e-type=\"widget\" data-widget_type=\"heading.default\">\n\t\t\t\t<div class=\"elementor-widget-container\">\n\t\t\t\t\t<h1 class=\"elementor-heading-title elementor-size-default\">Privacidad y cookies<\/h1>\t\t\t\t<\/div>\n\t\t\t\t<\/div>\n\t\t\t\t\t<\/div>\n\t\t<\/div>\n\t\t\t\t\t<\/div>\n\t\t<\/section>\n\t\t\t\t<section class=\"elementor-section elementor-top-section elementor-element elementor-element-eafe139 elementor-section-boxed elementor-section-height-default elementor-section-height-default\" data-id=\"eafe139\" data-element_type=\"section\" data-e-type=\"section\" data-settings=\"{&quot;_ha_eqh_enable&quot;:false}\">\n\t\t\t\t\t\t<div class=\"elementor-container elementor-column-gap-default\">\n\t\t\t\t\t<div class=\"elementor-column elementor-col-100 elementor-top-column elementor-element elementor-element-03c6e61\" data-id=\"03c6e61\" data-element_type=\"column\" data-e-type=\"column\">\n\t\t\t<div class=\"elementor-widget-wrap elementor-element-populated\">\n\t\t\t\t\t\t<div class=\"elementor-element elementor-element-b0ac4ac elementor-widget elementor-widget-heading\" data-id=\"b0ac4ac\" data-element_type=\"widget\" data-e-type=\"widget\" data-widget_type=\"heading.default\">\n\t\t\t\t<div class=\"elementor-widget-container\">\n\t\t\t\t\t<h1 class=\"elementor-heading-title elementor-size-default\">Privacidad y cookies<\/h1>\t\t\t\t<\/div>\n\t\t\t\t<\/div>\n\t\t\t\t\t<\/div>\n\t\t<\/div>\n\t\t\t\t\t<\/div>\n\t\t<\/section>\n\t\t\t\t<section class=\"elementor-section elementor-top-section elementor-element elementor-element-40ea017 elementor-section-boxed elementor-section-height-default elementor-section-height-default\" data-id=\"40ea017\" data-element_type=\"section\" data-e-type=\"section\" data-settings=\"{&quot;_ha_eqh_enable&quot;:false}\">\n\t\t\t\t\t\t<div class=\"elementor-container elementor-column-gap-default\">\n\t\t\t\t\t<div class=\"elementor-column elementor-col-100 elementor-top-column elementor-element elementor-element-85610ec\" data-id=\"85610ec\" data-element_type=\"column\" data-e-type=\"column\">\n\t\t\t<div class=\"elementor-widget-wrap elementor-element-populated\">\n\t\t\t\t\t\t<div class=\"elementor-element elementor-element-172afac elementor-widget elementor-widget-text-editor\" data-id=\"172afac\" data-element_type=\"widget\" data-e-type=\"widget\" data-widget_type=\"text-editor.default\">\n\t\t\t\t<div class=\"elementor-widget-container\">\n\t\t\t\t\t\t\t\t\t<h4>Qui\u00e9nes somos<\/h4>\n<p>Este sitio web lo gestiona APD Group Ltd. (n.\u00ba de empresa 07423847), una empresa constituida en Inglaterra, con sede en Arkwright House Arkwright Road, Groundwell Industrial Estate, Swindon, Wilts, Inglaterra, SN25 5AB. Toda referencia a APD Group Ltd. engloba tambi\u00e9n a APD Business Management Ltd. (n.\u00ba de empresa 06005270). A efectos de la ley brit\u00e1nica de protecci\u00f3n de datos (Data Protection Act 1998), el responsable de tratamiento de los datos es APD Business Management Ltd. (de los datos controlados por esta empresa), inscrita en el Information Commissioners Office Register of Data Controllers con el n\u00famero de registro ZA228275.<\/p>\n<p>Como visitante de nuestros sitios web, o como usuario o suscriptor de nuestros servicios, nos comprometemos a respetar su privacidad y a ser claros y transparentes acerca de c\u00f3mo usamos las cookies y cualquier dato personal que usted nos facilite. Esta declaraci\u00f3n de privacidad describe nuestra pol\u00edtica de uso de cualquier dato personal suyo que recojamos durante su uso de este sitio web.<\/p>\n<hr>\n<h4>Recogida de informaci\u00f3n<\/h4>\n<p>Si rellena un formulario en este sitio web, puede que se le pida que facilite algunos datos suyos: Datos personales (p. ej. su nombre, ubicaci\u00f3n, direcci\u00f3n de correo electr\u00f3nico, n\u00famero de tel\u00e9fono o informaci\u00f3n de su empresa).<\/p>\n<p>Al facilitarnos sus datos personales, consiente usted en la recogida, almacenamiento y tratamiento de sus datos de la manera que se describe en esta pol\u00edtica de privacidad.<\/p>\n<hr>\n<h4>Para qu\u00e9 usamos su informaci\u00f3n<\/h4>\n<p>Usaremos sus datos personales para facilitarle la informaci\u00f3n o los servicios que haya solicitado de nuestro cat\u00e1logo de productos, para ponernos en contacto con usted acerca de una solicitud de soporte, y para notificarle de la publicaci\u00f3n de productos a los que est\u00e9 suscrito. Tambi\u00e9n podemos utilizar y analizar los datos que recojamos para administrar, mantener y mejorar nuestros sitios web y los servicios que ofrecemos, y para notificarle cualquier cambio.<\/p>\n<p>Podemos tratar sus datos personales de conformidad con nuestros intereses leg\u00edtimos como empresa. Esos intereses leg\u00edtimos son la recogida, el an\u00e1lisis y la evaluaci\u00f3n comparativa y de conducta de los visitantes del sitio web, para permitirnos mejorar los servicios que ofrecemos a nuestros clientes.<\/p>\n<p>Tiene derecho a negarse a este tratamiento. Si desea hacerlo, p\u00f3ngase en contacto con nuestro delegado de protecci\u00f3n de datos (encontrar\u00e1 la informaci\u00f3n de contacto m\u00e1s abajo). No obstante, si se niega, no podremos facilitarle los productos ni prestarle los servicios correspondientes.<\/p>\n<p>Al tratar sus datos personales de conformidad con nuestros intereses leg\u00edtimos, tomamos medidas para asegurarnos de tener en cuenta y compensar cualquier posible impacto para usted (positivo o negativo) y para sus derechos en virtud de la legislaci\u00f3n en materia de protecci\u00f3n de datos. Nuestros intereses leg\u00edtimos como impresa no anulan autom\u00e1ticamente sus intereses como titular de los datos.<\/p>\n<hr>\n<h4>Compartir sus datos<\/h4>\n<p>Los datos que recogemos a trav\u00e9s de este sitio web no se comparten con terceros. Es m\u00e1s: solo nuestro personal autorizado tiene acceso a sus datos para tratarlos, analizarlos y facilitarle los productos o prestarle los servicios que haya contratado.<\/p>\n<p>Solo se transferir\u00e1n datos personales a pa\u00edses de fuera del Espacio Econ\u00f3mico Europeo (EEE) si el pa\u00eds en cuesti\u00f3n debe haber sido objeto de una decisi\u00f3n de adecuaci\u00f3n por parte de la Comisi\u00f3n Europea, o bien garantizar un nivel de protecci\u00f3n adecuado para los derechos y libertades de los titulares de los datos en relaci\u00f3n con su tratamiento. Al facilitarnos sus datos personales, consiente usted en que los compartamos de esta manera, si procede.<\/p>\n<hr>\n<h4>D\u00f3nde almacenamos sus datos personales<\/h4>\n<p>Los datos que recogemos a trav\u00e9s de nuestros sitios web se almacenan en servidores ubicados en Europa occidental. Protegeremos sus datos tomando las medidas t\u00e9cnicas y organizativas adecuadas contra su tratamiento ileg\u00edtimo o no autorizado y contra su p\u00e9rdida, destrucci\u00f3n o deterioro accidental. Por desgracia, internet no es siempre un entorno seguro. Por tanto, aunque hacemos todo lo posible por proteger sus datos personales, no podemos garantizar la seguridad de los datos que transmita a nuestros sitios web, o a otros productos o servicios, a trav\u00e9s de una conexi\u00f3n a internet o similar. Usted lleva a cabo esas transmisiones por su cuenta y riesgo. Al facilitarnos sus datos personales, consiente en esta transmisi\u00f3n, almacenamiento o tratamiento de los datos.<\/p>\n<hr>\n<h4>Actualizaci\u00f3n de sus datos<\/h4>\n<p>Si tenemos alg\u00fan dato suyo que no es correo, o si sus datos cambian, av\u00edsenos para que podamos corregir y actualizar nuestros registros. Puede avisarnos a trav\u00e9s de la p\u00e1gina &#8220;Cont\u00e1ctenos&#8221; de nuestros sitios web.<\/p>\n<hr>\n<h4>Sus derechos<\/h4>\n<p>Si quiere acceder a los datos personales (de los que usted sea titular) que tengamos en nuestro poder, escriba a la direcci\u00f3n que aparece m\u00e1s abajo y se le enviar\u00e1 un formulario de solicitud de acceso para titulares de los datos. En l\u00ednea con el est\u00e1ndar aceptado y descrito por el Comisionado de Informaci\u00f3n (Information Commissioner) del Reino Unido, hasta el 25 de mayo de 2018 las solicitudes de acceso implican un cargo de 10 libras esterlinas, que deben abonarse a APD Business Management Ltd., para cubrir los costes de tratamiento y administraci\u00f3n. Una vez hayamos recibido el formulario completo y el pago y hayamos aceptado su solicitud como v\u00e1lida, le facilitaremos la informaci\u00f3n en un plazo m\u00e1ximo de 40 d\u00edas. A partir de 25 de mayo de 2018, las solicitudes est\u00e1ndar ser\u00e1n gratuitas y la informaci\u00f3n se le facilitar\u00e1 en un plazo m\u00e1ximo de 30 d\u00edas.<\/p>\n<p>Los datos personales no se conservar\u00e1n por un periodo superior al necesario. Dicho periodo no ser\u00e1 superior a la duraci\u00f3n de nuestro contrato con el cliente en cuesti\u00f3n.<\/p>\n<p>En funci\u00f3n de la base leg\u00edtima del tratamiento, tendr\u00e1 los siguientes derechos sobre los datos (de los que usted sea titular) que obren en nuestro poder, adem\u00e1s del derecho de acceso que acabamos de explicar:<\/p>\n<ul>\n<li>Derecho de rectificaci\u00f3n: el derecho a corregir datos personales no exactos o incompletos que obren en nuestro poder;<\/li>\n<li>Derecho de supresi\u00f3n: puede solicitar la supresi\u00f3n de los datos personales (de los que usted sea titular) que obren en nuestro poder si ya no son necesarios para los fines con los cuales los recogimos; si ha retirado usted su consentimiento (si procede) o se ha negado al tratamiento de los datos y no tenemos ninguna otra justificaci\u00f3n para tratarlos; o si se han tratado de la manera ileg\u00edtima o tenemos la obligaci\u00f3n legal de eliminarlos. Si se da una de estas circunstancias y no tenemos motivos para retener o tratar sus datos personales, los eliminaremos sin demora.<\/li>\n<li>Derecho de limitaci\u00f3n: se aplicar\u00e1 si usted rebate la correcci\u00f3n de los datos personales (de los que usted sea titular) que obren en nuestro poder, hasta que podamos comprobar su correcci\u00f3n; si el tratamiento de los datos es ileg\u00edtimo; si desea que restrinjamos el acceso a los datos en caso de disputa legal, o si se niega al tratamiento bas\u00e1ndose o nuestros intereses leg\u00edtimos o en los intereses leg\u00edtimos de un tercero, hasta que determinemos qu\u00e9 intereses prevalecen. Antes de levantar una restricci\u00f3n, se lo notificaremos.<\/li>\n<li>Derecho de objeci\u00f3n: puede negarse al tratamiento de sus datos personales con fines estad\u00edsticos, pero esto afectar\u00e1 a los servicios que le podamos prestar; interrumpiremos el tratamiento a menos que tengamos un motivo leg\u00edtimo y convincente.<\/li>\n<\/ul>\n<hr>\n<h4>Enlaces a sitios web de terceros<\/h4>\n<p>Nuestro sitio web puede contener, de vez en cuanto, enlaces a y desde sitios web externos. No nos hacemos responsables del contenido que ning\u00fan sitio web vinculado al nuestro. Al acceder al sitio web de un tercero, es responsabilidad de usted leer la pol\u00edtica de privacidad y las condiciones de uso de ese sitio web.<\/p>\n<hr>\n<h4>\u00bfQu\u00e9 es una cookie?<\/h4>\n<p>Las cookies son fragmentos de c\u00f3digo inform\u00e1tico que se almacenan en su ordenador y que nos permiten reconocer que ha visitado usted nuestro sitio web. Estas cookies no son funcionales: las cookies no &#8220;hacen&#8221; nada en su ordenador; solo act\u00faan como una &#8220;etiqueta&#8221;.<\/p>\n<hr>\n<h4>Uso de cookies<\/h4>\n<p>Usamos cookies para reconocer a los visitantes del sitio web y para almacenar la manera en la que lo utilizan. Esto nos permite analizar la actividad del sitio web para optimizar la experiencia del usuario y asegurarnos de ofrecer el mejor contenido a sus visitantes. Usamos cookies para obtener informaci\u00f3n del n\u00famero de personas que visita cada una de las secciones de nuestros sitios web y hacer as\u00ed un seguimiento de los apartados m\u00e1s \u00fatiles.<\/p>\n<p>En nuestras aplicaciones web usamos cookies de sesi\u00f3n, necesarias para que su sesi\u00f3n de usuario permanezca abierta y pueda utilizar el sitio web.<\/p>\n<hr>\n<h4>Desactivar las cookies<\/h4>\n<p>Normalmente, puede desactivar la mayor\u00eda de las cookies ajustando la configuraci\u00f3n de su navegador para que ya no acepte cookies. La mayor\u00eda de los navegadores le permitir\u00e1n hacerlo desde el apartado de configuraci\u00f3n, ajustes u opciones.<\/p>\n<p>Puede impedir que Google recoja y trate sus datos (incluida su direcci\u00f3n IP) descargando el plug-in para navegadores disponible <a href=\"https:\/\/tools.google.com\/dlpage\/gaoptout?hl=es\" target=\"_blank\" rel=\"noopener\">aqu\u00ed.<\/a><\/p>\n<p>No obstante, esto puede implicar que alguna de las funciones de este sitio web (y otros) no funcionen correctamente, y puede limitar su experiencia de usuario.<\/p>\n<hr>\n<h4>Modificaciones de esta pol\u00edtica<\/h4>\n<p>Nuestra pol\u00edtica de privacidad puede cambiar en cualquier momento; se publicar\u00e1 la versi\u00f3n actualizada en esta p\u00e1gina. Le sugerimos comprobar la versi\u00f3n m\u00e1s reciente de nuestra pol\u00edtica cada vez que visite nuestro sitio web.<\/p>\t\t\t\t\t\t\t\t<\/div>\n\t\t\t\t<\/div>\n\t\t\t\t<div class=\"elementor-element elementor-element-3d496e4 elementor-widget elementor-widget-text-editor\" data-id=\"3d496e4\" data-element_type=\"widget\" data-e-type=\"widget\" data-widget_type=\"text-editor.default\">\n\t\t\t\t<div class=\"elementor-widget-container\">\n\t\t\t\t\t\t\t\t\t<h4>Datos de contacto<\/h4><p>Si tiene alguna duda o pregunta, puede ponerse en contacto con nuestro delegado de protecci\u00f3n de datos, responsable de todo lo relacionado con protecci\u00f3n de datos y privacidad.<\/p><p>Por correo postal:<\/p><address>Data Protection Officer<br \/>APD Group Limited<br \/>Arkwright House<br \/>Arkwright Road<br \/>Groundwell Industrial Estate<br \/>Swindon<br \/>Wiltshire<br \/>SN25 5AB<br \/>Reino Unido<p>\u00a0<\/p><p>Tel.: +44 (0)1793 832660<br \/>Correo electr\u00f3nico: <a href=\"mailto:dataprotection@apd-bm.com\">dataprotection@apd-bm.com<\/a><\/p><\/address><p><span style=\"caret-color: #000000; font-family: 'Calibri Light', sans-serif; font-size: 14.6667px;\">Nuevo representante de protecci\u00f3n de datos de la UE en espera &#8211; por favor, utilice el contacto del Reino Unido que se muestra arriba.<\/span><\/p><address>\u00a0<\/address>\t\t\t\t\t\t\t\t<\/div>\n\t\t\t\t<\/div>\n\t\t\t\t\t<\/div>\n\t\t<\/div>\n\t\t\t\t\t<\/div>\n\t\t<\/section>\n\t\t\t\t<\/div>\n\t\t","protected":false},"excerpt":{"rendered":"<p>Privacidad y cookies Privacidad y cookies Qui\u00e9nes somos Este sitio web lo gestiona APD Group Ltd. (n.\u00ba de empresa 07423847), una empresa constituida en Inglaterra, con sede en Arkwright House Arkwright Road, Groundwell Industrial Estate, Swindon, Wilts, Inglaterra, SN25 5AB. Toda referencia a APD Group Ltd. engloba tambi\u00e9n a APD Business Management Ltd. (n.\u00ba de [&hellip;]<\/p>\n","protected":false},"author":10,"featured_media":0,"parent":0,"menu_order":0,"comment_status":"closed","ping_status":"closed","template":"elementor_header_footer","meta":{"footnotes":""},"class_list":["post-3925","page","type-page","status-publish","hentry"],"yoast_head":"<!-- This site is optimized with the Yoast SEO plugin v26.9 - https:\/\/yoast.com\/product\/yoast-seo-wordpress\/ -->\n<title>Privacidad y cookies - APD Group Ltd<\/title>\n<meta name=\"robots\" content=\"index, follow, max-snippet:-1, max-image-preview:large, max-video-preview:-1\" \/>\n<link rel=\"canonical\" href=\"https:\/\/apd-group.com\/es\/privacidad-y-cookies\/\" \/>\n<meta property=\"og:locale\" content=\"es_ES\" \/>\n<meta property=\"og:type\" content=\"article\" \/>\n<meta property=\"og:title\" content=\"Privacidad y cookies - APD Group Ltd\" \/>\n<meta property=\"og:description\" content=\"Privacidad y cookies Privacidad y cookies Qui\u00e9nes somos Este sitio web lo gestiona APD Group Ltd. (n.\u00ba de empresa 07423847), una empresa constituida en Inglaterra, con sede en Arkwright House Arkwright Road, Groundwell Industrial Estate, Swindon, Wilts, Inglaterra, SN25 5AB. Toda referencia a APD Group Ltd. engloba tambi\u00e9n a APD Business Management Ltd. (n.\u00ba de [&hellip;]\" \/>\n<meta property=\"og:url\" content=\"https:\/\/apd-group.com\/es\/privacidad-y-cookies\/\" \/>\n<meta property=\"og:site_name\" content=\"APD Group Ltd\" \/>\n<meta property=\"article:modified_time\" content=\"2023-12-15T21:04:10+00:00\" \/>\n<meta name=\"twitter:card\" content=\"summary_large_image\" \/>\n<meta name=\"twitter:label1\" content=\"Tiempo de lectura\" \/>\n\t<meta name=\"twitter:data1\" content=\"8 minutes\" \/>\n<script type=\"application\/ld+json\" class=\"yoast-schema-graph\">{\"@context\":\"https:\/\/schema.org\",\"@graph\":[{\"@type\":\"WebPage\",\"@id\":\"https:\/\/apd-group.com\/es\/privacidad-y-cookies\/\",\"url\":\"https:\/\/apd-group.com\/es\/privacidad-y-cookies\/\",\"name\":\"Privacidad y cookies - APD Group Ltd\",\"isPartOf\":{\"@id\":\"https:\/\/apd-group.com\/es\/#website\"},\"datePublished\":\"2021-10-19T16:05:14+00:00\",\"dateModified\":\"2023-12-15T21:04:10+00:00\",\"breadcrumb\":{\"@id\":\"https:\/\/apd-group.com\/es\/privacidad-y-cookies\/#breadcrumb\"},\"inLanguage\":\"es-ES\",\"potentialAction\":[{\"@type\":\"ReadAction\",\"target\":[\"https:\/\/apd-group.com\/es\/privacidad-y-cookies\/\"]}]},{\"@type\":\"BreadcrumbList\",\"@id\":\"https:\/\/apd-group.com\/es\/privacidad-y-cookies\/#breadcrumb\",\"itemListElement\":[{\"@type\":\"ListItem\",\"position\":1,\"name\":\"Home\",\"item\":\"https:\/\/apd-group.com\/es\/\"},{\"@type\":\"ListItem\",\"position\":2,\"name\":\"Privacidad y cookies\"}]},{\"@type\":\"WebSite\",\"@id\":\"https:\/\/apd-group.com\/es\/#website\",\"url\":\"https:\/\/apd-group.com\/es\/\",\"name\":\"APD Group Ltd\",\"description\":\"Automotive Business Management\",\"publisher\":{\"@id\":\"https:\/\/apd-group.com\/es\/#organization\"},\"potentialAction\":[{\"@type\":\"SearchAction\",\"target\":{\"@type\":\"EntryPoint\",\"urlTemplate\":\"https:\/\/apd-group.com\/es\/?s={search_term_string}\"},\"query-input\":{\"@type\":\"PropertyValueSpecification\",\"valueRequired\":true,\"valueName\":\"search_term_string\"}}],\"inLanguage\":\"es-ES\"},{\"@type\":\"Organization\",\"@id\":\"https:\/\/apd-group.com\/es\/#organization\",\"name\":\"APD Group Ltd\",\"url\":\"https:\/\/apd-group.com\/es\/\",\"logo\":{\"@type\":\"ImageObject\",\"inLanguage\":\"es-ES\",\"@id\":\"https:\/\/apd-group.com\/es\/#\/schema\/logo\/image\/\",\"url\":\"https:\/\/apd-group.com\/wp-content\/uploads\/2021\/05\/Group-245.png\",\"contentUrl\":\"https:\/\/apd-group.com\/wp-content\/uploads\/2021\/05\/Group-245.png\",\"width\":208,\"height\":59,\"caption\":\"APD Group Ltd\"},\"image\":{\"@id\":\"https:\/\/apd-group.com\/es\/#\/schema\/logo\/image\/\"}}]}<\/script>\n<!-- \/ Yoast SEO plugin. -->","yoast_head_json":{"title":"Privacidad y cookies - APD Group Ltd","robots":{"index":"index","follow":"follow","max-snippet":"max-snippet:-1","max-image-preview":"max-image-preview:large","max-video-preview":"max-video-preview:-1"},"canonical":"https:\/\/apd-group.com\/es\/privacidad-y-cookies\/","og_locale":"es_ES","og_type":"article","og_title":"Privacidad y cookies - APD Group Ltd","og_description":"Privacidad y cookies Privacidad y cookies Qui\u00e9nes somos Este sitio web lo gestiona APD Group Ltd. (n.\u00ba de empresa 07423847), una empresa constituida en Inglaterra, con sede en Arkwright House Arkwright Road, Groundwell Industrial Estate, Swindon, Wilts, Inglaterra, SN25 5AB. Toda referencia a APD Group Ltd. engloba tambi\u00e9n a APD Business Management Ltd. (n.\u00ba de [&hellip;]","og_url":"https:\/\/apd-group.com\/es\/privacidad-y-cookies\/","og_site_name":"APD Group Ltd","article_modified_time":"2023-12-15T21:04:10+00:00","twitter_card":"summary_large_image","twitter_misc":{"Tiempo de lectura":"8 minutes"},"schema":{"@context":"https:\/\/schema.org","@graph":[{"@type":"WebPage","@id":"https:\/\/apd-group.com\/es\/privacidad-y-cookies\/","url":"https:\/\/apd-group.com\/es\/privacidad-y-cookies\/","name":"Privacidad y cookies - APD Group Ltd","isPartOf":{"@id":"https:\/\/apd-group.com\/es\/#website"},"datePublished":"2021-10-19T16:05:14+00:00","dateModified":"2023-12-15T21:04:10+00:00","breadcrumb":{"@id":"https:\/\/apd-group.com\/es\/privacidad-y-cookies\/#breadcrumb"},"inLanguage":"es-ES","potentialAction":[{"@type":"ReadAction","target":["https:\/\/apd-group.com\/es\/privacidad-y-cookies\/"]}]},{"@type":"BreadcrumbList","@id":"https:\/\/apd-group.com\/es\/privacidad-y-cookies\/#breadcrumb","itemListElement":[{"@type":"ListItem","position":1,"name":"Home","item":"https:\/\/apd-group.com\/es\/"},{"@type":"ListItem","position":2,"name":"Privacidad y cookies"}]},{"@type":"WebSite","@id":"https:\/\/apd-group.com\/es\/#website","url":"https:\/\/apd-group.com\/es\/","name":"APD Group Ltd","description":"Automotive Business Management","publisher":{"@id":"https:\/\/apd-group.com\/es\/#organization"},"potentialAction":[{"@type":"SearchAction","target":{"@type":"EntryPoint","urlTemplate":"https:\/\/apd-group.com\/es\/?s={search_term_string}"},"query-input":{"@type":"PropertyValueSpecification","valueRequired":true,"valueName":"search_term_string"}}],"inLanguage":"es-ES"},{"@type":"Organization","@id":"https:\/\/apd-group.com\/es\/#organization","name":"APD Group Ltd","url":"https:\/\/apd-group.com\/es\/","logo":{"@type":"ImageObject","inLanguage":"es-ES","@id":"https:\/\/apd-group.com\/es\/#\/schema\/logo\/image\/","url":"https:\/\/apd-group.com\/wp-content\/uploads\/2021\/05\/Group-245.png","contentUrl":"https:\/\/apd-group.com\/wp-content\/uploads\/2021\/05\/Group-245.png","width":208,"height":59,"caption":"APD Group Ltd"},"image":{"@id":"https:\/\/apd-group.com\/es\/#\/schema\/logo\/image\/"}}]}},"_links":{"self":[{"href":"https:\/\/apd-group.com\/es\/wp-json\/wp\/v2\/pages\/3925","targetHints":{"allow":["GET"]}}],"collection":[{"href":"https:\/\/apd-group.com\/es\/wp-json\/wp\/v2\/pages"}],"about":[{"href":"https:\/\/apd-group.com\/es\/wp-json\/wp\/v2\/types\/page"}],"author":[{"embeddable":true,"href":"https:\/\/apd-group.com\/es\/wp-json\/wp\/v2\/users\/10"}],"replies":[{"embeddable":true,"href":"https:\/\/apd-group.com\/es\/wp-json\/wp\/v2\/comments?post=3925"}],"version-history":[{"count":0,"href":"https:\/\/apd-group.com\/es\/wp-json\/wp\/v2\/pages\/3925\/revisions"}],"wp:attachment":[{"href":"https:\/\/apd-group.com\/es\/wp-json\/wp\/v2\/media?parent=3925"}],"curies":[{"name":"wp","href":"https:\/\/api.w.org\/{rel}","templated":true}]}}