{"id":3891,"date":"2021-10-19T16:06:07","date_gmt":"2021-10-19T15:06:07","guid":{"rendered":"https:\/\/apdworpress.azurewebsites.net\/datenschutz-und-cookies\/"},"modified":"2023-12-15T21:02:50","modified_gmt":"2023-12-15T21:02:50","slug":"datenschutz-und-cookies","status":"publish","type":"page","link":"https:\/\/apd-group.com\/de\/datenschutz-und-cookies\/","title":{"rendered":"Datenschutz und Cookies"},"content":{"rendered":"\t\t<div data-elementor-type=\"wp-page\" data-elementor-id=\"3891\" class=\"elementor elementor-3891 elementor-3590\" data-elementor-settings=\"{&quot;ha_cmc_init_switcher&quot;:&quot;no&quot;}\" data-elementor-post-type=\"page\">\n\t\t\t\t\t\t<section class=\"elementor-section elementor-top-section elementor-element elementor-element-52ea405 elementor-section-boxed elementor-section-height-default elementor-section-height-default\" data-id=\"52ea405\" data-element_type=\"section\" data-e-type=\"section\" data-settings=\"{&quot;background_background&quot;:&quot;classic&quot;,&quot;_ha_eqh_enable&quot;:false}\">\n\t\t\t\t\t\t<div class=\"elementor-container elementor-column-gap-default\">\n\t\t\t\t\t<div class=\"elementor-column elementor-col-100 elementor-top-column elementor-element elementor-element-78a58e9\" data-id=\"78a58e9\" data-element_type=\"column\" data-e-type=\"column\">\n\t\t\t<div class=\"elementor-widget-wrap elementor-element-populated\">\n\t\t\t\t\t\t<div class=\"elementor-element elementor-element-024fb36 elementor-widget elementor-widget-heading\" data-id=\"024fb36\" data-element_type=\"widget\" data-e-type=\"widget\" data-widget_type=\"heading.default\">\n\t\t\t\t<div class=\"elementor-widget-container\">\n\t\t\t\t\t<h1 class=\"elementor-heading-title elementor-size-default\">Datenschutz &amp; Cookies<\/h1>\t\t\t\t<\/div>\n\t\t\t\t<\/div>\n\t\t\t\t\t<\/div>\n\t\t<\/div>\n\t\t\t\t\t<\/div>\n\t\t<\/section>\n\t\t\t\t<section class=\"elementor-section elementor-top-section elementor-element elementor-element-eafe139 elementor-section-boxed elementor-section-height-default elementor-section-height-default\" data-id=\"eafe139\" data-element_type=\"section\" data-e-type=\"section\" data-settings=\"{&quot;_ha_eqh_enable&quot;:false}\">\n\t\t\t\t\t\t<div class=\"elementor-container elementor-column-gap-default\">\n\t\t\t\t\t<div class=\"elementor-column elementor-col-100 elementor-top-column elementor-element elementor-element-03c6e61\" data-id=\"03c6e61\" data-element_type=\"column\" data-e-type=\"column\">\n\t\t\t<div class=\"elementor-widget-wrap elementor-element-populated\">\n\t\t\t\t\t\t<div class=\"elementor-element elementor-element-b0ac4ac elementor-widget elementor-widget-heading\" data-id=\"b0ac4ac\" data-element_type=\"widget\" data-e-type=\"widget\" data-widget_type=\"heading.default\">\n\t\t\t\t<div class=\"elementor-widget-container\">\n\t\t\t\t\t<h1 class=\"elementor-heading-title elementor-size-default\">Datenschutz &amp; Cookies<\/h1>\t\t\t\t<\/div>\n\t\t\t\t<\/div>\n\t\t\t\t\t<\/div>\n\t\t<\/div>\n\t\t\t\t\t<\/div>\n\t\t<\/section>\n\t\t\t\t<section class=\"elementor-section elementor-top-section elementor-element elementor-element-40ea017 elementor-section-boxed elementor-section-height-default elementor-section-height-default\" data-id=\"40ea017\" data-element_type=\"section\" data-e-type=\"section\" data-settings=\"{&quot;_ha_eqh_enable&quot;:false}\">\n\t\t\t\t\t\t<div class=\"elementor-container elementor-column-gap-default\">\n\t\t\t\t\t<div class=\"elementor-column elementor-col-100 elementor-top-column elementor-element elementor-element-85610ec\" data-id=\"85610ec\" data-element_type=\"column\" data-e-type=\"column\">\n\t\t\t<div class=\"elementor-widget-wrap elementor-element-populated\">\n\t\t\t\t\t\t<div class=\"elementor-element elementor-element-172afac elementor-widget elementor-widget-text-editor\" data-id=\"172afac\" data-element_type=\"widget\" data-e-type=\"widget\" data-widget_type=\"text-editor.default\">\n\t\t\t\t<div class=\"elementor-widget-container\">\n\t\t\t\t\t\t\t\t\t<h4>Wer wir sind<\/h4>\n<p>Diese Website wird von APD Group Ltd. betrieben (Reg.-Nr. 07423847), ein in England gegr\u00fcndetes Unternehmen mit eingetragenem Sitz in Arkwright House Arkwright Road, Groundwell Industrial Estate, Swindon, Wilts, England, SN25 5AB. Verweise auf APD Group Ltd. schlie\u00dfen APD Business Management Ltd. ein (Reg.-Nr. 06005270). F\u00fcr die Zwecke des Data Protection Act 1998 (\u201edas Gesetz\u201c) ist der Datenverantwortliche die APD Business Management Ltd. (f\u00fcr die von ihr kontrollierten personenbezogenen Daten), die im Register der Datenverantwortlichen des \u201eInformation Commissioners Office\u201c unter der Registrierungsnummer ZA228275 eingetragen ist.<\/p>\n<p>Wir verpflichten uns Ihnen als Besucher unserer Websites oder Nutzer oder Abonnent unserer Dienste gegen\u00fcber, Ihre Privatsph\u00e4re zu sch\u00fctzen und klar und transparent darzulegen, wie wir Cookies und alle pers\u00f6nlichen Daten, die Sie uns \u00fcbermitteln, verwenden. In dieser Datenschutzerkl\u00e4rung wird dargelegt, wie wir mit pers\u00f6nlichen Daten umgehen, die wir durch die Nutzung dieser Website von Ihnen erhalten.<\/p>\n<hr>\n<h4>Erfassung von Informationen<\/h4>\n<p>Wenn Sie auf dieser Website ein Formular ausf\u00fcllen, werden Sie m\u00f6glicherweise aufgefordert, bestimmte Angaben zu Ihrer Person zu machen: Diese \u201epersonenbezogenen Daten\u201c sind z.&nbsp;B. Ihr Name, Ihr Standort, Ihre E-Mail-Adresse, Ihre Telefonnummer oder gesch\u00e4ftliche Informationen.<\/p>\n<p>Indem Sie uns Ihre personenbezogenen Daten mitteilen, erkl\u00e4ren Sie sich mit der Erfassung, Speicherung und Verarbeitung Ihrer Daten in der in dieser Datenschutzrichtlinie beschriebenen Weise einverstanden.<\/p>\n<hr>\n<h4>Wof\u00fcr wir Ihre Informationen verwenden<\/h4>\n<p>Wir verwenden Ihre personenbezogenen Daten, um Ihnen die angeforderten Informationen oder Dienstleistungen aus unserem Produktportfolio zur Verf\u00fcgung zu stellen, um Sie zu kontaktieren, um auf eine Supportanfrage zu antworten und um Sie \u00fcber die Ver\u00f6ffentlichung der von Ihnen abonnierten Produkte zu informieren. Wir k\u00f6nnen die von uns gesammelten Informationen auch verwenden und analysieren, um unsere Websites und die von uns angebotenen Dienstleistungen zu verwalten, zu unterst\u00fctzen und zu verbessern und um Sie \u00fcber \u00c4nderungen zu informieren.<\/p>\n<p>Wir k\u00f6nnen Ihre pers\u00f6nlichen Daten f\u00fcr unsere legitimen Gesch\u00e4ftsinteressen verarbeiten. Die legitimen Interessen sind die Erfassung, Analyse, das Benchmarking und das Verhalten der Besucher dieser Website, um unsere Dienstleistungen f\u00fcr unsere Kunden zu verbessern.<\/p>\n<p>Sie haben das Recht, dieser Verarbeitung zu widersprechen. Wenn Sie dies w\u00fcnschen, wenden Sie sich bitte an unseren Datenschutzbeauftragten (siehe unten). Wenn Sie der Verarbeitung Ihrer Daten widersprechen, k\u00f6nnen wir jedoch unsere Dienstleistungen oder Produkte nicht anbieten.<\/p>\n<p>Wenn wir Ihre personenbezogenen Daten im Rahmen unserer berechtigten Interessen verarbeiten, stellen wir sicher, dass wir alle potenziellen Auswirkungen auf Sie (sowohl positive als auch negative) und Ihre Rechte gem\u00e4\u00df den Datenschutzgesetzen ber\u00fccksichtigen und abw\u00e4gen. Unsere berechtigten Gesch\u00e4ftsinteressen haben nicht automatisch Vorrang vor Ihren Interessen.<\/p>\n<hr>\n<h4>Weitergabe Ihrer Informationen<\/h4>\n<p>Die \u00fcber diese Website gesammelten Informationen werden nicht an Dritte weitergegeben. Dar\u00fcber hinaus haben nur unsere befugten Mitarbeiter Zugang zu Ihren Daten, um diese zu verarbeiten, zu analysieren und die Dienstleistungen f\u00fcr die von Ihnen abonnierten Produkte und Dienstleistungen zu erbringen.<\/p>\n<p>Die \u00dcbermittlung personenbezogener Daten in L\u00e4nder au\u00dferhalb des Europ\u00e4ischen Wirtschaftsraums (EWR) erfolgt nur, wenn dieses Land Gegenstand eines Angemessenheitsbeschlusses der EU-Kommission ist oder auf andere Weise ein angemessenes Schutzniveau f\u00fcr die Rechte und Freiheiten der betroffenen Personen in Bezug auf die Verarbeitung personenbezogener Daten gew\u00e4hrleistet. Indem Sie uns Ihre personenbezogenen Daten zur Verf\u00fcgung stellen, erkl\u00e4ren Sie sich mit einer solchen \u00dcbermittlung einverstanden.<\/p>\n<hr>\n<h4>Wo wir Ihre pers\u00f6nlichen Daten speichern<\/h4>\n<p>Die Daten, die wir \u00fcber unsere Websites von Ihnen erheben, werden auf Servern in Westeuropa gespeichert. Wir sch\u00fctzen Ihre Daten durch geeignete technische und organisatorische Ma\u00dfnahmen vor unbefugter oder unrechtm\u00e4\u00dfiger Verarbeitung und vor versehentlichem Verlust, Zerst\u00f6rung oder Besch\u00e4digung. Leider ist das Internet nicht immer sicher. Obwohl wir unser Bestes tun, um Ihre pers\u00f6nlichen Daten zu sch\u00fctzen, k\u00f6nnen wir die Sicherheit Ihrer Daten, die \u00fcber eine Internet- oder \u00e4hnliche Verbindung an unsere Websites oder andere Produkte und Dienstleistungen \u00fcbertragen werden, nicht garantieren, und jede \u00dcbertragung erfolgt auf Ihr eigenes Risiko. Indem Sie Ihre pers\u00f6nlichen Daten \u00fcbermitteln, stimmen Sie der \u00dcbermittlung, Speicherung oder Verarbeitung auf diese Weise zu.<\/p>\n<hr>\n<h4>Aktualisieren Ihrer Informationen<\/h4>\n<p>Sollten wir Informationen \u00fcber Sie gespeichert haben, die nicht korrekt sind, oder sollten sich Ihre Angaben \u00e4ndern, teilen Sie uns dies bitte mit, damit wir unsere Unterlagen korrekt und auf dem neuesten Stand halten k\u00f6nnen. Sie k\u00f6nnen uns \u00c4nderungen an Ihren Daten auf der Seite \u201eKontakt\u201c auf unseren Websites mitteilen.<\/p>\n<hr>\n<h4>Ihre Rechte<\/h4>\n<p>Wenn Sie Zugang zu den personenbezogenen Daten haben m\u00f6chten, die wir \u00fcber Sie gespeichert haben, schreiben Sie uns bitte an die unten angegebene Adresse und fordern Sie eine Kopie unseres Formulars \u201eSubject Access Request\u201c (Antrag auf Auskunft \u00fcber personenbezogene Daten) an. In \u00dcbereinstimmung mit dem akzeptierten Standard des Informationsbeauftragten wird bis zum 25. Mai 2018 f\u00fcr Auskunftsantr\u00e4ge eine Geb\u00fchr von 10&nbsp;GBP zur Deckung der Verwaltungs- und Bearbeitungskosten erhoben, die an \u201eAPD Business Management Ltd.&#8221; zu zahlen ist. Sobald wir das ausgef\u00fcllte Formular und die Geb\u00fchr erhalten haben und Ihren Antrag als g\u00fcltig anerkennen, werden wir Ihnen die Informationen innerhalb von 40&nbsp;Tagen zukommen lassen. Ab dem 25. Mai 2018 ist der Auskunftsantrag kostenlos und es gilt eine Frist von 30&nbsp;Tagen.<\/p>\n<p>Personenbezogene Daten werden nicht l\u00e4nger als n\u00f6tig aufbewahrt. Die Aufbewahrungsdauer wird die Dauer unseres Vertrags mit dem betreffenden Kunden nicht \u00fcberschreiten.<\/p>\n<p>Je nach Rechtsgrundlage f\u00fcr die Verarbeitung haben Sie in Bezug auf Ihre bei uns gespeicherten personenbezogenen Daten neben dem oben genannten Auskunftsrecht die folgenden Rechte:<\/p>\n<ul>\n<li>Recht auf Berichtigung: Recht auf Berichtigung unrichtiger oder Vervollst\u00e4ndigung unvollst\u00e4ndiger personenbezogener Daten in unserem Besitz.<\/li>\n<li>Recht auf L\u00f6schung: Sie k\u00f6nnen die L\u00f6schung Ihrer bei uns gespeicherten personenbezogenen Daten verlangen, wenn sie f\u00fcr den Zweck, f\u00fcr den wir sie erhoben haben, nicht mehr erforderlich sind, wenn Sie Ihre Einwilligung widerrufen (falls zutreffend) oder der Verarbeitung widersprochen haben und wir keine andere Rechtfertigung f\u00fcr die Verarbeitung der Daten haben, wenn die Daten unrechtm\u00e4\u00dfig verarbeitet wurden oder wir gesetzlich verpflichtet sind, sie zu l\u00f6schen. Wenn einer dieser Gr\u00fcnde vorliegt und wir keine Gr\u00fcnde f\u00fcr die Aufbewahrung oder Verarbeitung Ihrer personenbezogenen Daten haben, l\u00f6schen wir sie unverz\u00fcglich.<\/li>\n<li>Recht auf Einschr\u00e4nkung. Dieses Recht gilt, wenn Sie die Richtigkeit der von uns gespeicherten personenbezogenen Daten bestreiten, bis wir deren Richtigkeit \u00fcberpr\u00fcfen k\u00f6nnen, wenn die Verarbeitung unrechtm\u00e4\u00dfig ist, wenn Sie w\u00fcnschen, dass wir die Daten f\u00fcr einen Rechtsanspruch aufbewahren, oder wenn Sie der Verarbeitung auf der Grundlage unserer berechtigten Interessen oder der eines Dritten widersprechen, bis wir entscheiden, welche Interessen \u00fcberwiegen. Wir werden Sie benachrichtigen, bevor wir eine Einschr\u00e4nkung aufheben.<\/li>\n<li>Widerspruchsrecht: Sie k\u00f6nnen der Verarbeitung Ihrer personenbezogenen Daten zu statistischen Zwecken widersprechen, was sich jedoch auf die von uns erbrachten Dienstleistungen auswirkt, und wir werden die Verarbeitung einstellen, es sei denn, wir k\u00f6nnen einen zwingenden legitimen Grund nachweisen.<\/li>\n<\/ul>\n<hr>\n<h4>Verkn\u00fcpfungen zu Websites von Dritten<\/h4>\n<p>Unsere Website kann von Zeit zu Zeit Verkn\u00fcpfungen zu und von externen Websites enthalten. Wir \u00fcbernehmen keine Verantwortung oder Haftung f\u00fcr den Inhalt von Websites, die mit dieser Website verkn\u00fcpft sind. Wenn Sie eine Website von Dritten besuchen, m\u00fcssen Sie sicherstellen, dass Sie die f\u00fcr diese Website geltenden Datenschutzrichtlinien und rechtlichen Bedingungen lesen.<\/p>\n<hr>\n<h4>Was ist ein Cookie?<\/h4>\n<p>Cookies sind Computercodes, die auf Ihrem Computer gespeichert werden und die es uns erm\u00f6glichen, zu erkennen, dass Sie unsere Website besucht haben. Diese Cookies sind nicht funktional, d.&nbsp;h. Cookies \u201etun\u201c nichts auf Ihrem Ger\u00e4t, sie dienen lediglich als \u201eEtikett\u201c.<\/p>\n<hr>\n<h4>Verwendung von Cookies<\/h4>\n<p>Wir verwenden Cookies, um Website-Besucher zu erkennen und die Art zu speichern, in der sie unsere Websites nutzen. Auf diese Weise k\u00f6nnen wir die Aktivit\u00e4ten auf der Website analysieren, um die Benutzerfreundlichkeit zu optimieren und sicherzustellen, dass wir den Besuchern die besten Inhalte bieten. Wir verwenden Cookies, um Informationen \u00fcber die Anzahl der Besucher auf den verschiedenen Bereichen unserer Websites zu erhalten und dadurch \u00fcberwachen, welche Bereiche besonders n\u00fctzlich sind.<\/p>\n<p>F\u00fcr unsere Webanwendungen verwenden wir Sitzungscookies, die erforderlich sind, damit Sie auf der Website eingeloggt bleiben und die Website nutzen k\u00f6nnen.<\/p>\n<p><br><\/p>\n<hr>\n<h4>Cookies deaktivieren<\/h4>\n<p>In der Regel k\u00f6nnen Sie die meisten Cookies deaktivieren, indem Sie Ihren Browser so einstellen, dass er keine Cookies mehr zul\u00e4sst. Bei den meisten Webbrowsern k\u00f6nnen Sie dies \u00fcber die Einstellungen Ihres Browsers tun.<\/p>\n<p>Sie k\u00f6nnen die Erfassung und Bearbeitung der Daten durch Google (einschlie\u00dflich Ihrer IP-Adresse) verhindern, indem Sie das <a href=\"https:\/\/tools.google.com\/dlpage\/gaoptout?hl=de\" target=\"_blank\" rel=\"noopener\">hier<\/a> verf\u00fcgbare Browser-Plugin herunterladen.<\/p>\n<p>Dies kann jedoch dazu f\u00fchren, dass einige Funktionen dieser Website (und anderer Websites) nicht korrekt funktionieren und dass Ihr Nutzungserlebnis beeintr\u00e4chtigt wird.<\/p>\n<hr>\n<h4>\u00c4nderungen an dieser Richtlinie<\/h4>\n<p>Unsere Datenschutzrichtlinie kann jederzeit ge\u00e4ndert werden. Die \u00fcberarbeitete Version wird dann auf dieser Seite ver\u00f6ffentlicht. Sie sollten sich bei jedem Besuch unserer Website \u00fcber die aktuelle Version unserer Richtlinie informieren.<\/p>\t\t\t\t\t\t\t\t<\/div>\n\t\t\t\t<\/div>\n\t\t\t\t<div class=\"elementor-element elementor-element-3d496e4 elementor-widget elementor-widget-text-editor\" data-id=\"3d496e4\" data-element_type=\"widget\" data-e-type=\"widget\" data-widget_type=\"text-editor.default\">\n\t\t\t\t<div class=\"elementor-widget-container\">\n\t\t\t\t\t\t\t\t\t<h4>Kontaktangaben<\/h4><p>Bei Fragen oder Unklarheiten k\u00f6nnen Sie sich an unseren Datenschutzbeauftragten wenden, der f\u00fcr Fragen des Datenschutzes und des Schutzes der Privatsph\u00e4re zust\u00e4ndig ist.<\/p><p>Per Post:<\/p><address>Data Protection Officer\/Datenschutzbeauftragter<br \/>APD Group Limited<br \/>Arkwright House<br \/>Arkwright Road<br \/>Groundwell Industrial Estate<br \/>Swindon<br \/>Wiltshire<br \/>SN25 5AB<br \/>Vereinigtes K\u00f6nigreich<p>\u00a0<\/p><p>Tel: +44 (0)1793 832660<br \/>E-Mail: <a href=\"mailto:dataprotection@apd-bm.com\">dataprotection@apd-bm.com<\/a><\/p><\/address><p><span style=\"caret-color: #000000; font-family: 'Calibri Light', sans-serif; font-size: 14.6667px;\">Neuer EU-Datenschutzbeauftragter in Vorbereitung &#8211; bitte verwenden Sie den oben genannten Kontakt im Vereinigten K\u00f6nigreich.<\/span><\/p><address>\u00a0<\/address>\t\t\t\t\t\t\t\t<\/div>\n\t\t\t\t<\/div>\n\t\t\t\t\t<\/div>\n\t\t<\/div>\n\t\t\t\t\t<\/div>\n\t\t<\/section>\n\t\t\t\t<\/div>\n\t\t","protected":false},"excerpt":{"rendered":"<p>Datenschutz &amp; Cookies Datenschutz &amp; Cookies Wer wir sind Diese Website wird von APD Group Ltd. betrieben (Reg.-Nr. 07423847), ein in England gegr\u00fcndetes Unternehmen mit eingetragenem Sitz in Arkwright House Arkwright Road, Groundwell Industrial Estate, Swindon, Wilts, England, SN25 5AB. Verweise auf APD Group Ltd. schlie\u00dfen APD Business Management Ltd. ein (Reg.-Nr. 06005270). F\u00fcr die [&hellip;]<\/p>\n","protected":false},"author":10,"featured_media":0,"parent":0,"menu_order":0,"comment_status":"closed","ping_status":"closed","template":"elementor_header_footer","meta":{"footnotes":""},"class_list":["post-3891","page","type-page","status-publish","hentry"],"yoast_head":"<!-- This site is optimized with the Yoast SEO plugin v26.9 - https:\/\/yoast.com\/product\/yoast-seo-wordpress\/ -->\n<title>Datenschutz und Cookies - APD Group Ltd<\/title>\n<meta name=\"robots\" content=\"index, follow, max-snippet:-1, max-image-preview:large, max-video-preview:-1\" \/>\n<link rel=\"canonical\" href=\"https:\/\/apd-group.com\/de\/datenschutz-und-cookies\/\" \/>\n<meta property=\"og:locale\" content=\"de_DE\" \/>\n<meta property=\"og:type\" content=\"article\" \/>\n<meta property=\"og:title\" content=\"Datenschutz und Cookies - APD Group Ltd\" \/>\n<meta property=\"og:description\" content=\"Datenschutz &amp; Cookies Datenschutz &amp; Cookies Wer wir sind Diese Website wird von APD Group Ltd. betrieben (Reg.-Nr. 07423847), ein in England gegr\u00fcndetes Unternehmen mit eingetragenem Sitz in Arkwright House Arkwright Road, Groundwell Industrial Estate, Swindon, Wilts, England, SN25 5AB. Verweise auf APD Group Ltd. schlie\u00dfen APD Business Management Ltd. ein (Reg.-Nr. 06005270). F\u00fcr die [&hellip;]\" \/>\n<meta property=\"og:url\" content=\"https:\/\/apd-group.com\/de\/datenschutz-und-cookies\/\" \/>\n<meta property=\"og:site_name\" content=\"APD Group Ltd\" \/>\n<meta property=\"article:modified_time\" content=\"2023-12-15T21:02:50+00:00\" \/>\n<meta name=\"twitter:card\" content=\"summary_large_image\" \/>\n<meta name=\"twitter:label1\" content=\"Gesch\u00e4tzte Lesezeit\" \/>\n\t<meta name=\"twitter:data1\" content=\"9 minutes\" \/>\n<script type=\"application\/ld+json\" class=\"yoast-schema-graph\">{\"@context\":\"https:\/\/schema.org\",\"@graph\":[{\"@type\":\"WebPage\",\"@id\":\"https:\/\/apd-group.com\/de\/datenschutz-und-cookies\/\",\"url\":\"https:\/\/apd-group.com\/de\/datenschutz-und-cookies\/\",\"name\":\"Datenschutz und Cookies - APD Group Ltd\",\"isPartOf\":{\"@id\":\"https:\/\/apd-group.com\/de\/#website\"},\"datePublished\":\"2021-10-19T15:06:07+00:00\",\"dateModified\":\"2023-12-15T21:02:50+00:00\",\"breadcrumb\":{\"@id\":\"https:\/\/apd-group.com\/de\/datenschutz-und-cookies\/#breadcrumb\"},\"inLanguage\":\"de-DE\",\"potentialAction\":[{\"@type\":\"ReadAction\",\"target\":[\"https:\/\/apd-group.com\/de\/datenschutz-und-cookies\/\"]}]},{\"@type\":\"BreadcrumbList\",\"@id\":\"https:\/\/apd-group.com\/de\/datenschutz-und-cookies\/#breadcrumb\",\"itemListElement\":[{\"@type\":\"ListItem\",\"position\":1,\"name\":\"Home\",\"item\":\"https:\/\/apd-group.com\/de\/\"},{\"@type\":\"ListItem\",\"position\":2,\"name\":\"Datenschutz und Cookies\"}]},{\"@type\":\"WebSite\",\"@id\":\"https:\/\/apd-group.com\/de\/#website\",\"url\":\"https:\/\/apd-group.com\/de\/\",\"name\":\"APD Group Ltd\",\"description\":\"Automotive Business Management\",\"publisher\":{\"@id\":\"https:\/\/apd-group.com\/de\/#organization\"},\"potentialAction\":[{\"@type\":\"SearchAction\",\"target\":{\"@type\":\"EntryPoint\",\"urlTemplate\":\"https:\/\/apd-group.com\/de\/?s={search_term_string}\"},\"query-input\":{\"@type\":\"PropertyValueSpecification\",\"valueRequired\":true,\"valueName\":\"search_term_string\"}}],\"inLanguage\":\"de-DE\"},{\"@type\":\"Organization\",\"@id\":\"https:\/\/apd-group.com\/de\/#organization\",\"name\":\"APD Group Ltd\",\"url\":\"https:\/\/apd-group.com\/de\/\",\"logo\":{\"@type\":\"ImageObject\",\"inLanguage\":\"de-DE\",\"@id\":\"https:\/\/apd-group.com\/de\/#\/schema\/logo\/image\/\",\"url\":\"https:\/\/apd-group.com\/wp-content\/uploads\/2021\/05\/Group-245.png\",\"contentUrl\":\"https:\/\/apd-group.com\/wp-content\/uploads\/2021\/05\/Group-245.png\",\"width\":208,\"height\":59,\"caption\":\"APD Group Ltd\"},\"image\":{\"@id\":\"https:\/\/apd-group.com\/de\/#\/schema\/logo\/image\/\"}}]}<\/script>\n<!-- \/ Yoast SEO plugin. -->","yoast_head_json":{"title":"Datenschutz und Cookies - APD Group Ltd","robots":{"index":"index","follow":"follow","max-snippet":"max-snippet:-1","max-image-preview":"max-image-preview:large","max-video-preview":"max-video-preview:-1"},"canonical":"https:\/\/apd-group.com\/de\/datenschutz-und-cookies\/","og_locale":"de_DE","og_type":"article","og_title":"Datenschutz und Cookies - APD Group Ltd","og_description":"Datenschutz &amp; Cookies Datenschutz &amp; Cookies Wer wir sind Diese Website wird von APD Group Ltd. betrieben (Reg.-Nr. 07423847), ein in England gegr\u00fcndetes Unternehmen mit eingetragenem Sitz in Arkwright House Arkwright Road, Groundwell Industrial Estate, Swindon, Wilts, England, SN25 5AB. Verweise auf APD Group Ltd. schlie\u00dfen APD Business Management Ltd. ein (Reg.-Nr. 06005270). F\u00fcr die [&hellip;]","og_url":"https:\/\/apd-group.com\/de\/datenschutz-und-cookies\/","og_site_name":"APD Group Ltd","article_modified_time":"2023-12-15T21:02:50+00:00","twitter_card":"summary_large_image","twitter_misc":{"Gesch\u00e4tzte Lesezeit":"9 minutes"},"schema":{"@context":"https:\/\/schema.org","@graph":[{"@type":"WebPage","@id":"https:\/\/apd-group.com\/de\/datenschutz-und-cookies\/","url":"https:\/\/apd-group.com\/de\/datenschutz-und-cookies\/","name":"Datenschutz und Cookies - APD Group Ltd","isPartOf":{"@id":"https:\/\/apd-group.com\/de\/#website"},"datePublished":"2021-10-19T15:06:07+00:00","dateModified":"2023-12-15T21:02:50+00:00","breadcrumb":{"@id":"https:\/\/apd-group.com\/de\/datenschutz-und-cookies\/#breadcrumb"},"inLanguage":"de-DE","potentialAction":[{"@type":"ReadAction","target":["https:\/\/apd-group.com\/de\/datenschutz-und-cookies\/"]}]},{"@type":"BreadcrumbList","@id":"https:\/\/apd-group.com\/de\/datenschutz-und-cookies\/#breadcrumb","itemListElement":[{"@type":"ListItem","position":1,"name":"Home","item":"https:\/\/apd-group.com\/de\/"},{"@type":"ListItem","position":2,"name":"Datenschutz und Cookies"}]},{"@type":"WebSite","@id":"https:\/\/apd-group.com\/de\/#website","url":"https:\/\/apd-group.com\/de\/","name":"APD Group Ltd","description":"Automotive Business Management","publisher":{"@id":"https:\/\/apd-group.com\/de\/#organization"},"potentialAction":[{"@type":"SearchAction","target":{"@type":"EntryPoint","urlTemplate":"https:\/\/apd-group.com\/de\/?s={search_term_string}"},"query-input":{"@type":"PropertyValueSpecification","valueRequired":true,"valueName":"search_term_string"}}],"inLanguage":"de-DE"},{"@type":"Organization","@id":"https:\/\/apd-group.com\/de\/#organization","name":"APD Group Ltd","url":"https:\/\/apd-group.com\/de\/","logo":{"@type":"ImageObject","inLanguage":"de-DE","@id":"https:\/\/apd-group.com\/de\/#\/schema\/logo\/image\/","url":"https:\/\/apd-group.com\/wp-content\/uploads\/2021\/05\/Group-245.png","contentUrl":"https:\/\/apd-group.com\/wp-content\/uploads\/2021\/05\/Group-245.png","width":208,"height":59,"caption":"APD Group Ltd"},"image":{"@id":"https:\/\/apd-group.com\/de\/#\/schema\/logo\/image\/"}}]}},"_links":{"self":[{"href":"https:\/\/apd-group.com\/de\/wp-json\/wp\/v2\/pages\/3891","targetHints":{"allow":["GET"]}}],"collection":[{"href":"https:\/\/apd-group.com\/de\/wp-json\/wp\/v2\/pages"}],"about":[{"href":"https:\/\/apd-group.com\/de\/wp-json\/wp\/v2\/types\/page"}],"author":[{"embeddable":true,"href":"https:\/\/apd-group.com\/de\/wp-json\/wp\/v2\/users\/10"}],"replies":[{"embeddable":true,"href":"https:\/\/apd-group.com\/de\/wp-json\/wp\/v2\/comments?post=3891"}],"version-history":[{"count":0,"href":"https:\/\/apd-group.com\/de\/wp-json\/wp\/v2\/pages\/3891\/revisions"}],"wp:attachment":[{"href":"https:\/\/apd-group.com\/de\/wp-json\/wp\/v2\/media?parent=3891"}],"curies":[{"name":"wp","href":"https:\/\/api.w.org\/{rel}","templated":true}]}}