{"id":3887,"date":"2021-10-19T16:06:06","date_gmt":"2021-10-19T15:06:06","guid":{"rendered":"https:\/\/apdworpress.azurewebsites.net\/moderne-sklaverei\/"},"modified":"2021-10-19T16:06:16","modified_gmt":"2021-10-19T15:06:16","slug":"moderne-sklaverei","status":"publish","type":"page","link":"https:\/\/apd-group.com\/de\/moderne-sklaverei\/","title":{"rendered":"Moderne Sklaverei"},"content":{"rendered":"\t\t<div data-elementor-type=\"wp-page\" data-elementor-id=\"3887\" class=\"elementor elementor-3887 elementor-3646\" data-elementor-settings=\"{&quot;ha_cmc_init_switcher&quot;:&quot;no&quot;}\" data-elementor-post-type=\"page\">\n\t\t\t\t\t\t<section class=\"elementor-section elementor-top-section elementor-element elementor-element-52ea405 elementor-section-boxed elementor-section-height-default elementor-section-height-default\" data-id=\"52ea405\" data-element_type=\"section\" data-e-type=\"section\" data-settings=\"{&quot;background_background&quot;:&quot;classic&quot;,&quot;_ha_eqh_enable&quot;:false}\">\n\t\t\t\t\t\t<div class=\"elementor-container elementor-column-gap-default\">\n\t\t\t\t\t<div class=\"elementor-column elementor-col-100 elementor-top-column elementor-element elementor-element-78a58e9\" data-id=\"78a58e9\" data-element_type=\"column\" data-e-type=\"column\">\n\t\t\t<div class=\"elementor-widget-wrap elementor-element-populated\">\n\t\t\t\t\t\t<div class=\"elementor-element elementor-element-024fb36 elementor-widget elementor-widget-heading\" data-id=\"024fb36\" data-element_type=\"widget\" data-e-type=\"widget\" data-widget_type=\"heading.default\">\n\t\t\t\t<div class=\"elementor-widget-container\">\n\t\t\t\t\t<h1 class=\"elementor-heading-title elementor-size-default\">Moderne Sklaverei<\/h1>\t\t\t\t<\/div>\n\t\t\t\t<\/div>\n\t\t\t\t\t<\/div>\n\t\t<\/div>\n\t\t\t\t\t<\/div>\n\t\t<\/section>\n\t\t\t\t<section class=\"elementor-section elementor-top-section elementor-element elementor-element-eafe139 elementor-section-boxed elementor-section-height-default elementor-section-height-default\" data-id=\"eafe139\" data-element_type=\"section\" data-e-type=\"section\" data-settings=\"{&quot;_ha_eqh_enable&quot;:false}\">\n\t\t\t\t\t\t<div class=\"elementor-container elementor-column-gap-default\">\n\t\t\t\t\t<div class=\"elementor-column elementor-col-100 elementor-top-column elementor-element elementor-element-03c6e61\" data-id=\"03c6e61\" data-element_type=\"column\" data-e-type=\"column\">\n\t\t\t<div class=\"elementor-widget-wrap elementor-element-populated\">\n\t\t\t\t\t\t<div class=\"elementor-element elementor-element-b0ac4ac elementor-widget elementor-widget-heading\" data-id=\"b0ac4ac\" data-element_type=\"widget\" data-e-type=\"widget\" data-widget_type=\"heading.default\">\n\t\t\t\t<div class=\"elementor-widget-container\">\n\t\t\t\t\t<h1 class=\"elementor-heading-title elementor-size-default\">Erkl\u00e4rung zur Bek\u00e4mpfung von Sklaverei und Menschenhandel 2019<\/h1>\t\t\t\t<\/div>\n\t\t\t\t<\/div>\n\t\t\t\t\t<\/div>\n\t\t<\/div>\n\t\t\t\t\t<\/div>\n\t\t<\/section>\n\t\t\t\t<section class=\"elementor-section elementor-top-section elementor-element elementor-element-40ea017 elementor-section-boxed elementor-section-height-default elementor-section-height-default\" data-id=\"40ea017\" data-element_type=\"section\" data-e-type=\"section\" data-settings=\"{&quot;_ha_eqh_enable&quot;:false}\">\n\t\t\t\t\t\t<div class=\"elementor-container elementor-column-gap-default\">\n\t\t\t\t\t<div class=\"elementor-column elementor-col-100 elementor-top-column elementor-element elementor-element-85610ec\" data-id=\"85610ec\" data-element_type=\"column\" data-e-type=\"column\">\n\t\t\t<div class=\"elementor-widget-wrap elementor-element-populated\">\n\t\t\t\t\t\t<div class=\"elementor-element elementor-element-172afac elementor-widget elementor-widget-text-editor\" data-id=\"172afac\" data-element_type=\"widget\" data-e-type=\"widget\" data-widget_type=\"text-editor.default\">\n\t\t\t\t<div class=\"elementor-widget-container\">\n\t\t\t\t\t\t\t\t\t<p><b>Einf\u00fchrung<\/b><\/p>\n<p><span style=\"font-weight: 400;\">Diese Erkl\u00e4rung wird im Namen der britischen Unternehmen APD Group Limited und APD Business Management Limited, im Folgenden als \u201eAPD\u201c bezeichnet, in Bezug auf Abschnitt 45 (1) des \u201eModern Slavery Act 2015\u201c abgegeben.<\/span><\/p>\n<p><span style=\"font-weight: 400;\">Eingetragener Sitz: 10 Queen Street Place, London, EC4R 1AG.<\/span><\/p>\n<p><span style=\"font-weight: 400;\">APD hat sich verpflichtet, seine Praktiken zur Bek\u00e4mpfung von Sklaverei und Menschenhandel st\u00e4ndig zu verbessern und toleriert in seinem Unternehmen wie auch in seiner Lieferkette keine wie auch immer geartete Form von moderner Sklaverei.<\/span><\/p>\n<p><span style=\"font-weight: 400;\">Dies ist unsere erste Erkl\u00e4rung zur modernen Sklaverei nach der Einf\u00fchrung des Modern Slavery Act 2015. <\/span><span style=\"font-weight: 400;\">APD unterliegt mit einem Jahresumsatz von weniger als 36 Millionen Pfund<\/span><span style=\"font-weight: 400;\">,<\/span><span style=\"font-weight: 400;\"> nicht dem Abschnitt 54(6) des Gesetzes, aber als verantwortungsbewusster Lieferant und Arbeitgeber hat sich das Unternehmen entschieden, f\u00fcr das am 31. Dezember 2018 endende Berichtsjahr <\/span><span style=\"font-weight: 400;\">die folgende Erkl\u00e4rung zur Bek\u00e4mpfung von Sklaverei und Menschenhandel abzugeben.<\/span><\/p>\n<p><span style=\"font-weight: 400;\">APD ist bestrebt, seinen Ansatz in Bezug auf moderne Sklaverei transparent zu machen, und die vorliegende Erkl\u00e4rung beschreibt, wie das Unternehmen moderne Sklaverei wo immer m\u00f6glich bek\u00e4mpft.<\/span><\/p>\n<p><b>Unser Gesch\u00e4ft &#8211; Struktur, Gesch\u00e4ft und Lieferketten<\/b><\/p>\n<p><span style=\"font-weight: 400;\">APD Group Limited ist die Holdinggesellschaft von APD Business Management Limited, ein Unternehmen, das sich auf die Bereitstellung von Business-Management-Services, Technologien und Schulungen f\u00fcr die Automobil- und Freizeitindustrie spezialisiert hat. Das Unternehmen konzentriert sich auf die Zusammenarbeit mit Herstellern, Distributoren und deren H\u00e4ndlernetzen und liefert bew\u00e4hrte, innovative L\u00f6sungen in mehr als 80&nbsp;L\u00e4ndern.<\/span><\/p>\n<p><span style=\"font-weight: 400;\">APD ist in Europa, Afrika, Asien und S\u00fcdamerika t\u00e4tig, wobei sich die Hauptgesch\u00e4ftsstelle im Vereinigten K\u00f6nigreich befindet.<\/span><\/p>\n<p><b>Management der Lieferkette<\/b><\/p>\n<p><span style=\"font-weight: 400;\">Als Anbieter von Software und professionellen Dienstleistungen verf\u00fcgt APD \u00fcber keine (lokale oder internationale) Lieferkette, in der das Risiko von moderner Sklaverei oder Menschenhandel besteht. Die vom APD eingesetzten Auftragnehmer und Lieferanten sind daher in der Regel nicht anf\u00e4llig f\u00fcr dieses Risiko.<\/span><\/p>\n<p><span style=\"font-weight: 400;\">APD verpflichtet sich, in allen Gesch\u00e4ftsbeziehungen ethisch und integer zu handeln und wirksame Systeme und Kontrollen einzuf\u00fchren und durchzusetzen, um sicherzustellen, dass Sklaverei und Menschenhandel nirgendwo im Unternehmen oder in der Lieferkette vorkommen.<\/span><\/p>\n<p><b>Richtlinien in Bezug auf Sklaverei und Menschenhandel<\/b><\/p>\n<p><span style=\"font-weight: 400;\">Die diesbez\u00fcgliche Richtlinie von APD ist in den Handb\u00fcchern f\u00fcr Mitarbeiter und Unterauftragnehmer enthalten:<\/span><\/p>\n<ul>\n<li style=\"font-weight: 400;\" aria-level=\"1\"><span style=\"font-weight: 400;\">Die Erkl\u00e4rung zur sozialen Verantwortung der Unternehmen<\/span><\/li>\n<li style=\"font-weight: 400;\" aria-level=\"1\"><span style=\"font-weight: 400;\">Die Richtlinie zur Bek\u00e4mpfung von Bestechung und Korruption<\/span><\/li>\n<li style=\"font-weight: 400;\" aria-level=\"1\"><span style=\"font-weight: 400;\">Unsere Richtlinie zur Chancengleichheit<\/span><\/li>\n<\/ul>\n<p><span style=\"font-weight: 400;\"><br \/>Die Mitarbeiter haben \u00fcber unsere internen Systeme Zugang zu diesen Richtlinien, die bei \u00c4nderungen neu ver\u00f6ffentlicht werden.<\/span><\/p>\n<p><b>Ermittelte Risiken und ergriffene Ma\u00dfnahmen zur Risikovermeidung und -bew\u00e4ltigung<\/b><\/p>\n<p><span style=\"font-weight: 400;\">APD pr\u00fcft derzeit folgende Bereiche: <\/span><span style=\"font-weight: 400;\">Die Systeme und Kontrollen zur Bek\u00e4mpfung der Sklaverei:<\/span><\/p>\n<ul>\n<li style=\"font-weight: 400;\" aria-level=\"1\"><span style=\"font-weight: 400;\">Identifizierung, Bewertung und \u00dcberwachung potenzieller Risikobereiche in den Lieferketten.<\/span><\/li>\n<li style=\"font-weight: 400;\" aria-level=\"1\"><span style=\"font-weight: 400;\">Verringerung des Risikos von Sklaverei und Menschenhandel in den Lieferketten der globalen Gruppe.<\/span><\/li>\n<li style=\"font-weight: 400;\" aria-level=\"1\"><span style=\"font-weight: 400;\">Entwicklung einer spezifischen Richtlinie zur modernen Sklaverei und Aufnahme in alle globalen Handb\u00fccher.<\/span><\/li>\n<li style=\"font-weight: 400;\" aria-level=\"1\"><span style=\"font-weight: 400;\">Einf\u00fchrung einer Whistleblowing-Richtilinie, um die Mitarbeiter zu ermutigen, ihre Meinung zu \u00e4u\u00dfern und Fehlverhalten zu melden.<\/span><\/li>\n<\/ul>\n<p><span style=\"font-weight: 400;\"><br \/>Dies unterst\u00fctzt die bestehenden Strategien, die den Ansatz von APD in Bezug auf Integration und Vielfalt, das Wohlbefinden der Mitarbeiter sowie die Konsultation und das Engagement der Mitarbeiter festlegen.<\/span><\/p>\n<p><b>Due-Diligence-Verfahren f\u00fcr Sklaverei und Menschenhandel in unseren Unternehmen und Lieferketten<\/b><\/p>\n<p><span style=\"font-weight: 400;\">Im Rahmen unserer Bem\u00fchungen, Risiken zu erkennen und zu mindern, f\u00fchren wir folgende Ma\u00dfnahmen durch:<\/span><\/p>\n<ul>\n<li style=\"font-weight: 400;\" aria-level=\"1\"><span style=\"font-weight: 400;\">APD wird auch weiterhin potenzielle Risiken im gesamten Unternehmen und in unseren Lieferketten \u00fcberwachen und bewerten.<\/span><\/li>\n<li style=\"font-weight: 400;\" aria-level=\"1\"><span style=\"font-weight: 400;\">Das Beschaffungs- und das Verkaufsteam werden Risikobewertungen in ihre Prozesse einbeziehen und alle potenziellen Risiken melden.<\/span><\/li>\n<li style=\"font-weight: 400;\" aria-level=\"1\"><span style=\"font-weight: 400;\">Umsetzung unserer Whistleblowing-Richtlinie und Schutz f\u00fcr Whistleblower.<\/span><\/li>\n<li style=\"font-weight: 400;\" aria-level=\"1\"><span style=\"font-weight: 400;\">Umsetzung der Richtlinie \u00fcber moderne Sklaverei in allen Handb\u00fcchern.<\/span><\/li>\n<\/ul>\n<p><b><br \/>Mitarbeiteranwerbung und Auswahl<\/b><\/p>\n<p><span style=\"font-weight: 400;\">APD folgt einem klar definierten Einstellungs- und Auswahlverfahren, das sicherstellt, dass nur seri\u00f6se Agenturen f\u00fcr die Suche nach Mitarbeitern eingesetzt werden.<\/span><\/p>\n<p><span style=\"font-weight: 400;\">Alle Tochtergesellschaften von APD tragen dazu bei, dass angemessene Kontrollen durchgef\u00fchrt werden, um sicherzustellen, dass Mitarbeiter ihr Recht auf Arbeit wahrnehmen k\u00f6nnen und somit durch die einschl\u00e4gigen arbeitsrechtlichen Vorschriften gesch\u00fctzt sind.<\/span><\/p>\n<p><b>Effektivit\u00e4t bei der Bek\u00e4mpfung von Sklaverei und Menschenhandel<\/b><\/p>\n<p><span style=\"font-weight: 400;\">APD ist sich seiner Verantwortung bewusst, das Risiko der modernen Sklaverei weiterhin einzusch\u00e4tzen und zu mindern. W\u00e4hrend APD in diesem Bereich weiterhin Fortschritte macht, wird es in Zukunft darauf ankommen, die Art dieses Risikos zu verstehen, Strategien festzulegen und Kontrollen einzuf\u00fchren, um jedes auftretende Risiko zu bew\u00e4ltigen.<\/span><\/p>\n<p><span style=\"font-weight: 400;\">APD beabsichtigt, folgende Ma\u00dfnahmen durchzuf\u00fchren:<\/span><\/p>\n<ul>\n<li style=\"font-weight: 400;\" aria-level=\"1\"><span style=\"font-weight: 400;\">Ausweitung der Schulungen \u00fcber moderne Sklaverei auf alle Mitarbeiter.<\/span><\/li>\n<li style=\"font-weight: 400;\" aria-level=\"1\"><span style=\"font-weight: 400;\">\u00dcberwachung von Best-Practice-Perspektiven und -Ans\u00e4tzen zur modernen Sklaverei, einschlie\u00dflich derjenigen der APD-Kunden, und Sicherstellung, dass APD mit diesen Ans\u00e4tzen \u00fcbereinstimmt, sofern sie auf unser Gesch\u00e4ft anwendbar sind.<\/span><\/li>\n<\/ul>\n<p><b><br \/>Schulungen zu Sklaverei und Menschenhandel<\/b><\/p>\n<ul>\n<li style=\"font-weight: 400;\" aria-level=\"1\"><span style=\"font-weight: 400;\">Eingehende aktualisierte Schulungen f\u00fcr alle relevanten Mitarbeiter in den Beschaffungs-\/Verkaufsteams<\/span><\/li>\n<li style=\"font-weight: 400;\" aria-level=\"1\"><span style=\"font-weight: 400;\">Aktualisierung unserer internen Schulungsplattform, um die Kenntnisse aller Mitarbeiter weltweit in diesem kritischen Bereich zu erweitern<\/span><\/li>\n<\/ul>\n<p><span style=\"font-weight: 400;\"><br \/>Diese Erkl\u00e4rung wird gem\u00e4\u00df Abschnitt 54(1) des Modern Slavery Act 2015 abgegeben und stellt die Erkl\u00e4rung des Unternehmens zu Sklaverei und Menschenhandel <\/span><span style=\"font-weight: 400;\">f\u00fcr das am 31. Dezember 2018 endende Berichtsjahr dar.<\/span><\/p>\n<p><span style=\"font-weight: 400;\">Unterzeichnet von Jonno Francis, Operations Director<\/span><\/p>\n\t\t\t\t\t\t\t\t<\/div>\n\t\t\t\t<\/div>\n\t\t\t\t\t<\/div>\n\t\t<\/div>\n\t\t\t\t\t<\/div>\n\t\t<\/section>\n\t\t\t\t<\/div>\n\t\t","protected":false},"excerpt":{"rendered":"<p>Moderne Sklaverei Erkl\u00e4rung zur Bek\u00e4mpfung von Sklaverei und Menschenhandel 2019 Einf\u00fchrung Diese Erkl\u00e4rung wird im Namen der britischen Unternehmen APD Group Limited und APD Business Management Limited, im Folgenden als \u201eAPD\u201c bezeichnet, in Bezug auf Abschnitt 45 (1) des \u201eModern Slavery Act 2015\u201c abgegeben. Eingetragener Sitz: 10 Queen Street Place, London, EC4R 1AG. APD hat [&hellip;]<\/p>\n","protected":false},"author":10,"featured_media":0,"parent":0,"menu_order":0,"comment_status":"closed","ping_status":"closed","template":"elementor_header_footer","meta":{"footnotes":""},"class_list":["post-3887","page","type-page","status-publish","hentry"],"yoast_head":"<!-- This site is optimized with the Yoast SEO plugin v26.9 - https:\/\/yoast.com\/product\/yoast-seo-wordpress\/ -->\n<title>Moderne Sklaverei - APD Group Ltd<\/title>\n<meta name=\"robots\" content=\"index, follow, max-snippet:-1, max-image-preview:large, max-video-preview:-1\" \/>\n<link rel=\"canonical\" href=\"https:\/\/apd-group.com\/de\/moderne-sklaverei\/\" \/>\n<meta property=\"og:locale\" content=\"de_DE\" \/>\n<meta property=\"og:type\" content=\"article\" \/>\n<meta property=\"og:title\" content=\"Moderne Sklaverei - APD Group Ltd\" \/>\n<meta property=\"og:description\" content=\"Moderne Sklaverei Erkl\u00e4rung zur Bek\u00e4mpfung von Sklaverei und Menschenhandel 2019 Einf\u00fchrung Diese Erkl\u00e4rung wird im Namen der britischen Unternehmen APD Group Limited und APD Business Management Limited, im Folgenden als \u201eAPD\u201c bezeichnet, in Bezug auf Abschnitt 45 (1) des \u201eModern Slavery Act 2015\u201c abgegeben. Eingetragener Sitz: 10 Queen Street Place, London, EC4R 1AG. APD hat [&hellip;]\" \/>\n<meta property=\"og:url\" content=\"https:\/\/apd-group.com\/de\/moderne-sklaverei\/\" \/>\n<meta property=\"og:site_name\" content=\"APD Group Ltd\" \/>\n<meta property=\"article:modified_time\" content=\"2021-10-19T15:06:16+00:00\" \/>\n<meta name=\"twitter:card\" content=\"summary_large_image\" \/>\n<meta name=\"twitter:label1\" content=\"Gesch\u00e4tzte Lesezeit\" \/>\n\t<meta name=\"twitter:data1\" content=\"4 minutes\" \/>\n<script type=\"application\/ld+json\" class=\"yoast-schema-graph\">{\"@context\":\"https:\/\/schema.org\",\"@graph\":[{\"@type\":\"WebPage\",\"@id\":\"https:\/\/apd-group.com\/de\/moderne-sklaverei\/\",\"url\":\"https:\/\/apd-group.com\/de\/moderne-sklaverei\/\",\"name\":\"Moderne Sklaverei - APD Group Ltd\",\"isPartOf\":{\"@id\":\"https:\/\/apd-group.com\/de\/#website\"},\"datePublished\":\"2021-10-19T15:06:06+00:00\",\"dateModified\":\"2021-10-19T15:06:16+00:00\",\"breadcrumb\":{\"@id\":\"https:\/\/apd-group.com\/de\/moderne-sklaverei\/#breadcrumb\"},\"inLanguage\":\"de-DE\",\"potentialAction\":[{\"@type\":\"ReadAction\",\"target\":[\"https:\/\/apd-group.com\/de\/moderne-sklaverei\/\"]}]},{\"@type\":\"BreadcrumbList\",\"@id\":\"https:\/\/apd-group.com\/de\/moderne-sklaverei\/#breadcrumb\",\"itemListElement\":[{\"@type\":\"ListItem\",\"position\":1,\"name\":\"Home\",\"item\":\"https:\/\/apd-group.com\/de\/\"},{\"@type\":\"ListItem\",\"position\":2,\"name\":\"Moderne Sklaverei\"}]},{\"@type\":\"WebSite\",\"@id\":\"https:\/\/apd-group.com\/de\/#website\",\"url\":\"https:\/\/apd-group.com\/de\/\",\"name\":\"APD Group Ltd\",\"description\":\"Automotive Business Management\",\"publisher\":{\"@id\":\"https:\/\/apd-group.com\/de\/#organization\"},\"potentialAction\":[{\"@type\":\"SearchAction\",\"target\":{\"@type\":\"EntryPoint\",\"urlTemplate\":\"https:\/\/apd-group.com\/de\/?s={search_term_string}\"},\"query-input\":{\"@type\":\"PropertyValueSpecification\",\"valueRequired\":true,\"valueName\":\"search_term_string\"}}],\"inLanguage\":\"de-DE\"},{\"@type\":\"Organization\",\"@id\":\"https:\/\/apd-group.com\/de\/#organization\",\"name\":\"APD Group Ltd\",\"url\":\"https:\/\/apd-group.com\/de\/\",\"logo\":{\"@type\":\"ImageObject\",\"inLanguage\":\"de-DE\",\"@id\":\"https:\/\/apd-group.com\/de\/#\/schema\/logo\/image\/\",\"url\":\"https:\/\/apd-group.com\/wp-content\/uploads\/2021\/05\/Group-245.png\",\"contentUrl\":\"https:\/\/apd-group.com\/wp-content\/uploads\/2021\/05\/Group-245.png\",\"width\":208,\"height\":59,\"caption\":\"APD Group Ltd\"},\"image\":{\"@id\":\"https:\/\/apd-group.com\/de\/#\/schema\/logo\/image\/\"}}]}<\/script>\n<!-- \/ Yoast SEO plugin. -->","yoast_head_json":{"title":"Moderne Sklaverei - APD Group Ltd","robots":{"index":"index","follow":"follow","max-snippet":"max-snippet:-1","max-image-preview":"max-image-preview:large","max-video-preview":"max-video-preview:-1"},"canonical":"https:\/\/apd-group.com\/de\/moderne-sklaverei\/","og_locale":"de_DE","og_type":"article","og_title":"Moderne Sklaverei - APD Group Ltd","og_description":"Moderne Sklaverei Erkl\u00e4rung zur Bek\u00e4mpfung von Sklaverei und Menschenhandel 2019 Einf\u00fchrung Diese Erkl\u00e4rung wird im Namen der britischen Unternehmen APD Group Limited und APD Business Management Limited, im Folgenden als \u201eAPD\u201c bezeichnet, in Bezug auf Abschnitt 45 (1) des \u201eModern Slavery Act 2015\u201c abgegeben. Eingetragener Sitz: 10 Queen Street Place, London, EC4R 1AG. APD hat [&hellip;]","og_url":"https:\/\/apd-group.com\/de\/moderne-sklaverei\/","og_site_name":"APD Group Ltd","article_modified_time":"2021-10-19T15:06:16+00:00","twitter_card":"summary_large_image","twitter_misc":{"Gesch\u00e4tzte Lesezeit":"4 minutes"},"schema":{"@context":"https:\/\/schema.org","@graph":[{"@type":"WebPage","@id":"https:\/\/apd-group.com\/de\/moderne-sklaverei\/","url":"https:\/\/apd-group.com\/de\/moderne-sklaverei\/","name":"Moderne Sklaverei - APD Group Ltd","isPartOf":{"@id":"https:\/\/apd-group.com\/de\/#website"},"datePublished":"2021-10-19T15:06:06+00:00","dateModified":"2021-10-19T15:06:16+00:00","breadcrumb":{"@id":"https:\/\/apd-group.com\/de\/moderne-sklaverei\/#breadcrumb"},"inLanguage":"de-DE","potentialAction":[{"@type":"ReadAction","target":["https:\/\/apd-group.com\/de\/moderne-sklaverei\/"]}]},{"@type":"BreadcrumbList","@id":"https:\/\/apd-group.com\/de\/moderne-sklaverei\/#breadcrumb","itemListElement":[{"@type":"ListItem","position":1,"name":"Home","item":"https:\/\/apd-group.com\/de\/"},{"@type":"ListItem","position":2,"name":"Moderne Sklaverei"}]},{"@type":"WebSite","@id":"https:\/\/apd-group.com\/de\/#website","url":"https:\/\/apd-group.com\/de\/","name":"APD Group Ltd","description":"Automotive Business Management","publisher":{"@id":"https:\/\/apd-group.com\/de\/#organization"},"potentialAction":[{"@type":"SearchAction","target":{"@type":"EntryPoint","urlTemplate":"https:\/\/apd-group.com\/de\/?s={search_term_string}"},"query-input":{"@type":"PropertyValueSpecification","valueRequired":true,"valueName":"search_term_string"}}],"inLanguage":"de-DE"},{"@type":"Organization","@id":"https:\/\/apd-group.com\/de\/#organization","name":"APD Group Ltd","url":"https:\/\/apd-group.com\/de\/","logo":{"@type":"ImageObject","inLanguage":"de-DE","@id":"https:\/\/apd-group.com\/de\/#\/schema\/logo\/image\/","url":"https:\/\/apd-group.com\/wp-content\/uploads\/2021\/05\/Group-245.png","contentUrl":"https:\/\/apd-group.com\/wp-content\/uploads\/2021\/05\/Group-245.png","width":208,"height":59,"caption":"APD Group Ltd"},"image":{"@id":"https:\/\/apd-group.com\/de\/#\/schema\/logo\/image\/"}}]}},"_links":{"self":[{"href":"https:\/\/apd-group.com\/de\/wp-json\/wp\/v2\/pages\/3887","targetHints":{"allow":["GET"]}}],"collection":[{"href":"https:\/\/apd-group.com\/de\/wp-json\/wp\/v2\/pages"}],"about":[{"href":"https:\/\/apd-group.com\/de\/wp-json\/wp\/v2\/types\/page"}],"author":[{"embeddable":true,"href":"https:\/\/apd-group.com\/de\/wp-json\/wp\/v2\/users\/10"}],"replies":[{"embeddable":true,"href":"https:\/\/apd-group.com\/de\/wp-json\/wp\/v2\/comments?post=3887"}],"version-history":[{"count":0,"href":"https:\/\/apd-group.com\/de\/wp-json\/wp\/v2\/pages\/3887\/revisions"}],"wp:attachment":[{"href":"https:\/\/apd-group.com\/de\/wp-json\/wp\/v2\/media?parent=3887"}],"curies":[{"name":"wp","href":"https:\/\/api.w.org\/{rel}","templated":true}]}}