{"id":3871,"date":"2021-10-19T16:05:45","date_gmt":"2021-10-19T15:05:45","guid":{"rendered":"https:\/\/apdworpress.azurewebsites.net\/systemanforderungen\/"},"modified":"2021-10-19T16:06:10","modified_gmt":"2021-10-19T15:06:10","slug":"systemanforderungen","status":"publish","type":"page","link":"https:\/\/apd-group.com\/de\/systemanforderungen\/","title":{"rendered":"Systemanforderungen"},"content":{"rendered":"\t\t<div data-elementor-type=\"wp-page\" data-elementor-id=\"3871\" class=\"elementor elementor-3871 elementor-3599\" data-elementor-settings=\"{&quot;ha_cmc_init_switcher&quot;:&quot;no&quot;}\" data-elementor-post-type=\"page\">\n\t\t\t\t\t\t<section class=\"elementor-section elementor-top-section elementor-element elementor-element-52ea405 elementor-section-boxed elementor-section-height-default elementor-section-height-default\" data-id=\"52ea405\" data-element_type=\"section\" data-e-type=\"section\" data-settings=\"{&quot;background_background&quot;:&quot;classic&quot;,&quot;_ha_eqh_enable&quot;:false}\">\n\t\t\t\t\t\t<div class=\"elementor-container elementor-column-gap-default\">\n\t\t\t\t\t<div class=\"elementor-column elementor-col-100 elementor-top-column elementor-element elementor-element-78a58e9\" data-id=\"78a58e9\" data-element_type=\"column\" data-e-type=\"column\">\n\t\t\t<div class=\"elementor-widget-wrap elementor-element-populated\">\n\t\t\t\t\t\t<div class=\"elementor-element elementor-element-024fb36 elementor-widget elementor-widget-heading\" data-id=\"024fb36\" data-element_type=\"widget\" data-e-type=\"widget\" data-widget_type=\"heading.default\">\n\t\t\t\t<div class=\"elementor-widget-container\">\n\t\t\t\t\t<h1 class=\"elementor-heading-title elementor-size-default\">Systemanforderungen<\/h1>\t\t\t\t<\/div>\n\t\t\t\t<\/div>\n\t\t\t\t\t<\/div>\n\t\t<\/div>\n\t\t\t\t\t<\/div>\n\t\t<\/section>\n\t\t\t\t<section class=\"elementor-section elementor-top-section elementor-element elementor-element-eafe139 elementor-section-boxed elementor-section-height-default elementor-section-height-default\" data-id=\"eafe139\" data-element_type=\"section\" data-e-type=\"section\" data-settings=\"{&quot;_ha_eqh_enable&quot;:false}\">\n\t\t\t\t\t\t<div class=\"elementor-container elementor-column-gap-default\">\n\t\t\t\t\t<div class=\"elementor-column elementor-col-100 elementor-top-column elementor-element elementor-element-03c6e61\" data-id=\"03c6e61\" data-element_type=\"column\" data-e-type=\"column\">\n\t\t\t<div class=\"elementor-widget-wrap elementor-element-populated\">\n\t\t\t\t\t\t<div class=\"elementor-element elementor-element-b0ac4ac elementor-widget elementor-widget-heading\" data-id=\"b0ac4ac\" data-element_type=\"widget\" data-e-type=\"widget\" data-widget_type=\"heading.default\">\n\t\t\t\t<div class=\"elementor-widget-container\">\n\t\t\t\t\t<h1 class=\"elementor-heading-title elementor-size-default\">Unterst\u00fctzte Browser<\/h1>\t\t\t\t<\/div>\n\t\t\t\t<\/div>\n\t\t\t\t\t<\/div>\n\t\t<\/div>\n\t\t\t\t\t<\/div>\n\t\t<\/section>\n\t\t\t\t<section class=\"elementor-section elementor-top-section elementor-element elementor-element-40ea017 elementor-section-boxed elementor-section-height-default elementor-section-height-default\" data-id=\"40ea017\" data-element_type=\"section\" data-e-type=\"section\" data-settings=\"{&quot;_ha_eqh_enable&quot;:false}\">\n\t\t\t\t\t\t<div class=\"elementor-container elementor-column-gap-default\">\n\t\t\t\t\t<div class=\"elementor-column elementor-col-100 elementor-top-column elementor-element elementor-element-85610ec\" data-id=\"85610ec\" data-element_type=\"column\" data-e-type=\"column\">\n\t\t\t<div class=\"elementor-widget-wrap elementor-element-populated\">\n\t\t\t\t\t\t<div class=\"elementor-element elementor-element-172afac elementor-widget elementor-widget-text-editor\" data-id=\"172afac\" data-element_type=\"widget\" data-e-type=\"widget\" data-widget_type=\"text-editor.default\">\n\t\t\t\t<div class=\"elementor-widget-container\">\n\t\t\t\t\t\t\t\t\t<p>Die Websites und Webanwendungen von APD unterst\u00fctzen die folgenden Desktop-Browser:<\/p>\n\t\t\t\t\t\t\t\t<\/div>\n\t\t\t\t<\/div>\n\t\t\t\t<div class=\"elementor-element elementor-element-098250c elementor-icon-list--layout-traditional elementor-list-item-link-full_width elementor-widget elementor-widget-icon-list\" data-id=\"098250c\" data-element_type=\"widget\" data-e-type=\"widget\" data-widget_type=\"icon-list.default\">\n\t\t\t\t<div class=\"elementor-widget-container\">\n\t\t\t\t\t\t\t<ul class=\"elementor-icon-list-items\">\n\t\t\t\t\t\t\t<li class=\"elementor-icon-list-item\">\n\t\t\t\t\t\t\t\t\t\t\t<span class=\"elementor-icon-list-icon\">\n\t\t\t\t\t\t\t<i aria-hidden=\"true\" class=\"fab fa-internet-explorer\"><\/i>\t\t\t\t\t\t<\/span>\n\t\t\t\t\t\t\t\t\t\t<span class=\"elementor-icon-list-text\">Microsoft Internet Explorer - Die aktuellste unterst\u00fctzte Version des Microsoft Windows-Betriebssystems<br>Der Microsoft Internet Explorer wird automatisch auf die neueste Version aktualisiert.<\/span>\n\t\t\t\t\t\t\t\t\t<\/li>\n\t\t\t\t\t\t\t\t<li class=\"elementor-icon-list-item\">\n\t\t\t\t\t\t\t\t\t\t\t<span class=\"elementor-icon-list-icon\">\n\t\t\t\t\t\t\t<i aria-hidden=\"true\" class=\"fab fa-edge\"><\/i>\t\t\t\t\t\t<\/span>\n\t\t\t\t\t\t\t\t\t\t<span class=\"elementor-icon-list-text\">Microsoft Edge - Die aktuellste unterst\u00fctzte Version des Microsoft Windows-Betriebssystems<br> Microsoft Edge wird automatisch auf die neueste Version aktualisiert.<\/span>\n\t\t\t\t\t\t\t\t\t<\/li>\n\t\t\t\t\t\t\t\t<li class=\"elementor-icon-list-item\">\n\t\t\t\t\t\t\t\t\t\t\t<span class=\"elementor-icon-list-icon\">\n\t\t\t\t\t\t\t<i aria-hidden=\"true\" class=\"fab fa-firefox-browser\"><\/i>\t\t\t\t\t\t<\/span>\n\t\t\t\t\t\t\t\t\t\t<span class=\"elementor-icon-list-text\">Mozilla Firefox - Die aktuellste unterst\u00fctzte Version des Microsoft Windows-Betriebssystems<br> Mozilla Firefox wird automatisch auf die neueste Version aktualisiert.<\/span>\n\t\t\t\t\t\t\t\t\t<\/li>\n\t\t\t\t\t\t\t\t<li class=\"elementor-icon-list-item\">\n\t\t\t\t\t\t\t\t\t\t\t<span class=\"elementor-icon-list-icon\">\n\t\t\t\t\t\t\t<i aria-hidden=\"true\" class=\"fab fa-chrome\"><\/i>\t\t\t\t\t\t<\/span>\n\t\t\t\t\t\t\t\t\t\t<span class=\"elementor-icon-list-text\">Google Chrome - Die aktuellste unterst\u00fctzte Version des Microsoft Windows-Betriebssystems<br> Google Chrome wird automatisch auf die neueste Version aktualisiert.<\/span>\n\t\t\t\t\t\t\t\t\t<\/li>\n\t\t\t\t\t\t\t\t<li class=\"elementor-icon-list-item\">\n\t\t\t\t\t\t\t\t\t\t\t<span class=\"elementor-icon-list-icon\">\n\t\t\t\t\t\t\t<i aria-hidden=\"true\" class=\"fab fa-safari\"><\/i>\t\t\t\t\t\t<\/span>\n\t\t\t\t\t\t\t\t\t\t<span class=\"elementor-icon-list-text\">Apple Safari - Die aktuellste unterst\u00fctzte Version des Apple MacOS-Betriebssystems<br> Apple Safari wird automatisch auf die neueste Version aktualisiert.<\/span>\n\t\t\t\t\t\t\t\t\t<\/li>\n\t\t\t\t\t\t\t\t<li class=\"elementor-icon-list-item\">\n\t\t\t\t\t\t\t\t\t\t\t<span class=\"elementor-icon-list-icon\">\n\t\t\t\t\t\t\t<i aria-hidden=\"true\" class=\"fab fa-opera\"><\/i>\t\t\t\t\t\t<\/span>\n\t\t\t\t\t\t\t\t\t\t<span class=\"elementor-icon-list-text\">Opera - Die aktuellste unterst\u00fctzte Version des Microsoft Windows-Betriebssystems<br> Opera wird automatisch auf die neueste Version aktualisiert.<\/span>\n\t\t\t\t\t\t\t\t\t<\/li>\n\t\t\t\t\t\t<\/ul>\n\t\t\t\t\t\t<\/div>\n\t\t\t\t<\/div>\n\t\t\t\t<div class=\"elementor-element elementor-element-d54903e elementor-widget elementor-widget-text-editor\" data-id=\"d54903e\" data-element_type=\"widget\" data-e-type=\"widget\" data-widget_type=\"text-editor.default\">\n\t\t\t\t<div class=\"elementor-widget-container\">\n\t\t\t\t\t\t\t\t\t<p>Sie m\u00fcssen f\u00fcr alle Browser JavaScript, Cookies und TLS 1.2 aktivieren. Wir empfehlen eine Internetverbindung mit einer Download-Geschwindigkeit von mindestens 4 Mbit\/s.<\/p>\n<p><strong>Mobilger\u00e4te &amp; Tablets<\/strong><\/p>\n<ul>\n<li>\n<p>Die Dashboards-Webanwendung von APD ist so konzipiert, dass sie mit Tablet- und Mobilger\u00e4ten kompatibel ist<\/p>\n<\/li>\n<li>\n<p>Es wird empfohlen, APD-Webanwendungen mit einem vollst\u00e4ndigen Desktop-Browser zu verwenden.<\/p>\n<\/li>\n<\/ul>\n\t\t\t\t\t\t\t\t<\/div>\n\t\t\t\t<\/div>\n\t\t\t\t\t<\/div>\n\t\t<\/div>\n\t\t\t\t\t<\/div>\n\t\t<\/section>\n\t\t\t\t<section class=\"elementor-section elementor-top-section elementor-element elementor-element-191a855 elementor-section-boxed elementor-section-height-default elementor-section-height-default\" data-id=\"191a855\" data-element_type=\"section\" data-e-type=\"section\" data-settings=\"{&quot;_ha_eqh_enable&quot;:false}\">\n\t\t\t\t\t\t<div class=\"elementor-container elementor-column-gap-default\">\n\t\t\t\t\t<div class=\"elementor-column elementor-col-100 elementor-top-column elementor-element elementor-element-c4b5199\" data-id=\"c4b5199\" data-element_type=\"column\" data-e-type=\"column\">\n\t\t\t<div class=\"elementor-widget-wrap elementor-element-populated\">\n\t\t\t\t\t\t<div class=\"elementor-element elementor-element-6b5d463 elementor-widget elementor-widget-heading\" data-id=\"6b5d463\" data-element_type=\"widget\" data-e-type=\"widget\" data-widget_type=\"heading.default\">\n\t\t\t\t<div class=\"elementor-widget-container\">\n\t\t\t\t\t<h1 class=\"elementor-heading-title elementor-size-default\">Desktop-Anwendungen<\/h1>\t\t\t\t<\/div>\n\t\t\t\t<\/div>\n\t\t\t\t<div class=\"elementor-element elementor-element-6ac2f69 elementor-widget elementor-widget-text-editor\" data-id=\"6ac2f69\" data-element_type=\"widget\" data-e-type=\"widget\" data-widget_type=\"text-editor.default\">\n\t\t\t\t<div class=\"elementor-widget-container\">\n\t\t\t\t\t\t\t\t\t<p>Die von APD bereitgestellten Desktop-Anwendungen m\u00fcssen auf einem Microsoft Windows-Betriebssystem installiert werden. Die Mindestanforderungen an das System sind unten aufgef\u00fchrt, aber wie bei den meisten Anwendungen steigt die Leistung, je h\u00f6her die Spezifikationen des Host-Computers sind:<\/p>\n<ul>\n<li>Betriebssystem: Microsoft Windows 10 (die neueste unterst\u00fctzte Version)<\/li>\n<li>CPU: Intel Pentium 1,2 GHz<\/li>\n<li>Arbeitsspeicher: 2 GB RAM<\/li>\n<li>Speicher: 1 GB<\/li>\n<\/ul>\n\t\t\t\t\t\t\t\t<\/div>\n\t\t\t\t<\/div>\n\t\t\t\t\t<\/div>\n\t\t<\/div>\n\t\t\t\t\t<\/div>\n\t\t<\/section>\n\t\t\t\t<section class=\"elementor-section elementor-top-section elementor-element elementor-element-4e1459f elementor-section-boxed elementor-section-height-default elementor-section-height-default\" data-id=\"4e1459f\" data-element_type=\"section\" data-e-type=\"section\" data-settings=\"{&quot;_ha_eqh_enable&quot;:false}\">\n\t\t\t\t\t\t<div class=\"elementor-container elementor-column-gap-default\">\n\t\t\t\t\t<div class=\"elementor-column elementor-col-100 elementor-top-column elementor-element elementor-element-0413421\" data-id=\"0413421\" data-element_type=\"column\" data-e-type=\"column\">\n\t\t\t<div class=\"elementor-widget-wrap elementor-element-populated\">\n\t\t\t\t\t\t<div class=\"elementor-element elementor-element-49681f1 elementor-widget elementor-widget-heading\" data-id=\"49681f1\" data-element_type=\"widget\" data-e-type=\"widget\" data-widget_type=\"heading.default\">\n\t\t\t\t<div class=\"elementor-widget-container\">\n\t\t\t\t\t<h1 class=\"elementor-heading-title elementor-size-default\">Berichte<\/h1>\t\t\t\t<\/div>\n\t\t\t\t<\/div>\n\t\t\t\t<div class=\"elementor-element elementor-element-689db04 elementor-widget elementor-widget-text-editor\" data-id=\"689db04\" data-element_type=\"widget\" data-e-type=\"widget\" data-widget_type=\"text-editor.default\">\n\t\t\t\t<div class=\"elementor-widget-container\">\n\t\t\t\t\t\t\t\t\t<p>Die Composite Reports und Management Accounts Reports werden in den folgenden Formaten ver\u00f6ffentlicht:<\/p>\n<ul>\n<li>Microsoft Excel<\/li>\n<li>Adobe PDF<\/li>\n<\/ul>\n<p>Um Composite Reports anzeigen zu k\u00f6nnen, ben\u00f6tigen Sie:<\/p>\n<ul>\n<li>Packprogramm (z. B. WinZip)<\/li>\n<li>Microsoft Excel 2010 und h\u00f6her, in einer Microsoft Windows-Betriebsumgebung<\/li>\n<\/ul>\n<p><em>Beachten Sie, dass die dynamische Funktionalit\u00e4t der Microsoft Excel-basierten Composite Reports auf einer Microsoft Windows-Betriebssystemplattform vollst\u00e4ndig unterst\u00fctzt wird. APD kann nicht daf\u00fcr garantieren, dass die dynamische Funktionalit\u00e4t auf nicht von Microsoft stammenden Windows-Betriebssystemen funktioniert.<\/em><\/p>\n\t\t\t\t\t\t\t\t<\/div>\n\t\t\t\t<\/div>\n\t\t\t\t\t<\/div>\n\t\t<\/div>\n\t\t\t\t\t<\/div>\n\t\t<\/section>\n\t\t\t\t<\/div>\n\t\t","protected":false},"excerpt":{"rendered":"<p>Systemanforderungen Unterst\u00fctzte Browser Die Websites und Webanwendungen von APD unterst\u00fctzen die folgenden Desktop-Browser: Microsoft Internet Explorer &#8211; Die aktuellste unterst\u00fctzte Version des Microsoft Windows-BetriebssystemsDer Microsoft Internet Explorer wird automatisch auf die neueste Version aktualisiert. Microsoft Edge &#8211; Die aktuellste unterst\u00fctzte Version des Microsoft Windows-Betriebssystems Microsoft Edge wird automatisch auf die neueste Version aktualisiert. Mozilla Firefox [&hellip;]<\/p>\n","protected":false},"author":10,"featured_media":0,"parent":0,"menu_order":0,"comment_status":"closed","ping_status":"closed","template":"elementor_header_footer","meta":{"footnotes":""},"class_list":["post-3871","page","type-page","status-publish","hentry"],"yoast_head":"<!-- This site is optimized with the Yoast SEO plugin v26.9 - https:\/\/yoast.com\/product\/yoast-seo-wordpress\/ -->\n<title>Systemanforderungen - APD Group Ltd<\/title>\n<meta name=\"robots\" content=\"index, follow, max-snippet:-1, max-image-preview:large, max-video-preview:-1\" \/>\n<link rel=\"canonical\" href=\"https:\/\/apd-group.com\/de\/systemanforderungen\/\" \/>\n<meta property=\"og:locale\" content=\"de_DE\" \/>\n<meta property=\"og:type\" content=\"article\" \/>\n<meta property=\"og:title\" content=\"Systemanforderungen - APD Group Ltd\" \/>\n<meta property=\"og:description\" content=\"Systemanforderungen Unterst\u00fctzte Browser Die Websites und Webanwendungen von APD unterst\u00fctzen die folgenden Desktop-Browser: Microsoft Internet Explorer &#8211; Die aktuellste unterst\u00fctzte Version des Microsoft Windows-BetriebssystemsDer Microsoft Internet Explorer wird automatisch auf die neueste Version aktualisiert. Microsoft Edge &#8211; Die aktuellste unterst\u00fctzte Version des Microsoft Windows-Betriebssystems Microsoft Edge wird automatisch auf die neueste Version aktualisiert. Mozilla Firefox [&hellip;]\" \/>\n<meta property=\"og:url\" content=\"https:\/\/apd-group.com\/de\/systemanforderungen\/\" \/>\n<meta property=\"og:site_name\" content=\"APD Group Ltd\" \/>\n<meta property=\"article:modified_time\" content=\"2021-10-19T15:06:10+00:00\" \/>\n<meta name=\"twitter:card\" content=\"summary_large_image\" \/>\n<meta name=\"twitter:label1\" content=\"Gesch\u00e4tzte Lesezeit\" \/>\n\t<meta name=\"twitter:data1\" content=\"2 minutes\" \/>\n<script type=\"application\/ld+json\" class=\"yoast-schema-graph\">{\"@context\":\"https:\/\/schema.org\",\"@graph\":[{\"@type\":\"WebPage\",\"@id\":\"https:\/\/apd-group.com\/de\/systemanforderungen\/\",\"url\":\"https:\/\/apd-group.com\/de\/systemanforderungen\/\",\"name\":\"Systemanforderungen - APD Group Ltd\",\"isPartOf\":{\"@id\":\"https:\/\/apd-group.com\/de\/#website\"},\"datePublished\":\"2021-10-19T15:05:45+00:00\",\"dateModified\":\"2021-10-19T15:06:10+00:00\",\"breadcrumb\":{\"@id\":\"https:\/\/apd-group.com\/de\/systemanforderungen\/#breadcrumb\"},\"inLanguage\":\"de-DE\",\"potentialAction\":[{\"@type\":\"ReadAction\",\"target\":[\"https:\/\/apd-group.com\/de\/systemanforderungen\/\"]}]},{\"@type\":\"BreadcrumbList\",\"@id\":\"https:\/\/apd-group.com\/de\/systemanforderungen\/#breadcrumb\",\"itemListElement\":[{\"@type\":\"ListItem\",\"position\":1,\"name\":\"Home\",\"item\":\"https:\/\/apd-group.com\/de\/\"},{\"@type\":\"ListItem\",\"position\":2,\"name\":\"Systemanforderungen\"}]},{\"@type\":\"WebSite\",\"@id\":\"https:\/\/apd-group.com\/de\/#website\",\"url\":\"https:\/\/apd-group.com\/de\/\",\"name\":\"APD Group Ltd\",\"description\":\"Automotive Business Management\",\"publisher\":{\"@id\":\"https:\/\/apd-group.com\/de\/#organization\"},\"potentialAction\":[{\"@type\":\"SearchAction\",\"target\":{\"@type\":\"EntryPoint\",\"urlTemplate\":\"https:\/\/apd-group.com\/de\/?s={search_term_string}\"},\"query-input\":{\"@type\":\"PropertyValueSpecification\",\"valueRequired\":true,\"valueName\":\"search_term_string\"}}],\"inLanguage\":\"de-DE\"},{\"@type\":\"Organization\",\"@id\":\"https:\/\/apd-group.com\/de\/#organization\",\"name\":\"APD Group Ltd\",\"url\":\"https:\/\/apd-group.com\/de\/\",\"logo\":{\"@type\":\"ImageObject\",\"inLanguage\":\"de-DE\",\"@id\":\"https:\/\/apd-group.com\/de\/#\/schema\/logo\/image\/\",\"url\":\"https:\/\/apd-group.com\/wp-content\/uploads\/2021\/05\/Group-245.png\",\"contentUrl\":\"https:\/\/apd-group.com\/wp-content\/uploads\/2021\/05\/Group-245.png\",\"width\":208,\"height\":59,\"caption\":\"APD Group Ltd\"},\"image\":{\"@id\":\"https:\/\/apd-group.com\/de\/#\/schema\/logo\/image\/\"}}]}<\/script>\n<!-- \/ Yoast SEO plugin. -->","yoast_head_json":{"title":"Systemanforderungen - APD Group Ltd","robots":{"index":"index","follow":"follow","max-snippet":"max-snippet:-1","max-image-preview":"max-image-preview:large","max-video-preview":"max-video-preview:-1"},"canonical":"https:\/\/apd-group.com\/de\/systemanforderungen\/","og_locale":"de_DE","og_type":"article","og_title":"Systemanforderungen - APD Group Ltd","og_description":"Systemanforderungen Unterst\u00fctzte Browser Die Websites und Webanwendungen von APD unterst\u00fctzen die folgenden Desktop-Browser: Microsoft Internet Explorer &#8211; Die aktuellste unterst\u00fctzte Version des Microsoft Windows-BetriebssystemsDer Microsoft Internet Explorer wird automatisch auf die neueste Version aktualisiert. Microsoft Edge &#8211; Die aktuellste unterst\u00fctzte Version des Microsoft Windows-Betriebssystems Microsoft Edge wird automatisch auf die neueste Version aktualisiert. Mozilla Firefox [&hellip;]","og_url":"https:\/\/apd-group.com\/de\/systemanforderungen\/","og_site_name":"APD Group Ltd","article_modified_time":"2021-10-19T15:06:10+00:00","twitter_card":"summary_large_image","twitter_misc":{"Gesch\u00e4tzte Lesezeit":"2 minutes"},"schema":{"@context":"https:\/\/schema.org","@graph":[{"@type":"WebPage","@id":"https:\/\/apd-group.com\/de\/systemanforderungen\/","url":"https:\/\/apd-group.com\/de\/systemanforderungen\/","name":"Systemanforderungen - APD Group Ltd","isPartOf":{"@id":"https:\/\/apd-group.com\/de\/#website"},"datePublished":"2021-10-19T15:05:45+00:00","dateModified":"2021-10-19T15:06:10+00:00","breadcrumb":{"@id":"https:\/\/apd-group.com\/de\/systemanforderungen\/#breadcrumb"},"inLanguage":"de-DE","potentialAction":[{"@type":"ReadAction","target":["https:\/\/apd-group.com\/de\/systemanforderungen\/"]}]},{"@type":"BreadcrumbList","@id":"https:\/\/apd-group.com\/de\/systemanforderungen\/#breadcrumb","itemListElement":[{"@type":"ListItem","position":1,"name":"Home","item":"https:\/\/apd-group.com\/de\/"},{"@type":"ListItem","position":2,"name":"Systemanforderungen"}]},{"@type":"WebSite","@id":"https:\/\/apd-group.com\/de\/#website","url":"https:\/\/apd-group.com\/de\/","name":"APD Group Ltd","description":"Automotive Business Management","publisher":{"@id":"https:\/\/apd-group.com\/de\/#organization"},"potentialAction":[{"@type":"SearchAction","target":{"@type":"EntryPoint","urlTemplate":"https:\/\/apd-group.com\/de\/?s={search_term_string}"},"query-input":{"@type":"PropertyValueSpecification","valueRequired":true,"valueName":"search_term_string"}}],"inLanguage":"de-DE"},{"@type":"Organization","@id":"https:\/\/apd-group.com\/de\/#organization","name":"APD Group Ltd","url":"https:\/\/apd-group.com\/de\/","logo":{"@type":"ImageObject","inLanguage":"de-DE","@id":"https:\/\/apd-group.com\/de\/#\/schema\/logo\/image\/","url":"https:\/\/apd-group.com\/wp-content\/uploads\/2021\/05\/Group-245.png","contentUrl":"https:\/\/apd-group.com\/wp-content\/uploads\/2021\/05\/Group-245.png","width":208,"height":59,"caption":"APD Group Ltd"},"image":{"@id":"https:\/\/apd-group.com\/de\/#\/schema\/logo\/image\/"}}]}},"_links":{"self":[{"href":"https:\/\/apd-group.com\/de\/wp-json\/wp\/v2\/pages\/3871","targetHints":{"allow":["GET"]}}],"collection":[{"href":"https:\/\/apd-group.com\/de\/wp-json\/wp\/v2\/pages"}],"about":[{"href":"https:\/\/apd-group.com\/de\/wp-json\/wp\/v2\/types\/page"}],"author":[{"embeddable":true,"href":"https:\/\/apd-group.com\/de\/wp-json\/wp\/v2\/users\/10"}],"replies":[{"embeddable":true,"href":"https:\/\/apd-group.com\/de\/wp-json\/wp\/v2\/comments?post=3871"}],"version-history":[{"count":0,"href":"https:\/\/apd-group.com\/de\/wp-json\/wp\/v2\/pages\/3871\/revisions"}],"wp:attachment":[{"href":"https:\/\/apd-group.com\/de\/wp-json\/wp\/v2\/media?parent=3871"}],"curies":[{"name":"wp","href":"https:\/\/api.w.org\/{rel}","templated":true}]}}