{"id":3864,"date":"2021-10-19T16:05:44","date_gmt":"2021-10-19T15:05:44","guid":{"rendered":"https:\/\/apdworpress.azurewebsites.net\/dsgvo\/"},"modified":"2021-11-03T11:23:19","modified_gmt":"2021-11-03T11:23:19","slug":"dsgvo","status":"publish","type":"page","link":"https:\/\/apd-group.com\/de\/dsgvo\/","title":{"rendered":"DSGVO"},"content":{"rendered":"\t\t<div data-elementor-type=\"wp-page\" data-elementor-id=\"3864\" class=\"elementor elementor-3864 elementor-3548\" data-elementor-settings=\"{&quot;ha_cmc_init_switcher&quot;:&quot;no&quot;}\" data-elementor-post-type=\"page\">\n\t\t\t\t\t\t<section class=\"elementor-section elementor-top-section elementor-element elementor-element-52ea405 elementor-section-boxed elementor-section-height-default elementor-section-height-default\" data-id=\"52ea405\" data-element_type=\"section\" data-e-type=\"section\" data-settings=\"{&quot;background_background&quot;:&quot;classic&quot;,&quot;_ha_eqh_enable&quot;:false}\">\n\t\t\t\t\t\t<div class=\"elementor-container elementor-column-gap-default\">\n\t\t\t\t\t<div class=\"elementor-column elementor-col-100 elementor-top-column elementor-element elementor-element-78a58e9\" data-id=\"78a58e9\" data-element_type=\"column\" data-e-type=\"column\">\n\t\t\t<div class=\"elementor-widget-wrap elementor-element-populated\">\n\t\t\t\t\t\t<div class=\"elementor-element elementor-element-024fb36 elementor-widget elementor-widget-heading\" data-id=\"024fb36\" data-element_type=\"widget\" data-e-type=\"widget\" data-widget_type=\"heading.default\">\n\t\t\t\t<div class=\"elementor-widget-container\">\n\t\t\t\t\t<h1 class=\"elementor-heading-title elementor-size-default\">DSGVO<\/h1>\t\t\t\t<\/div>\n\t\t\t\t<\/div>\n\t\t\t\t\t<\/div>\n\t\t<\/div>\n\t\t\t\t\t<\/div>\n\t\t<\/section>\n\t\t\t\t<section class=\"elementor-section elementor-top-section elementor-element elementor-element-eafe139 elementor-section-boxed elementor-section-height-default elementor-section-height-default\" data-id=\"eafe139\" data-element_type=\"section\" data-e-type=\"section\" data-settings=\"{&quot;_ha_eqh_enable&quot;:false}\">\n\t\t\t\t\t\t<div class=\"elementor-container elementor-column-gap-default\">\n\t\t\t\t\t<div class=\"elementor-column elementor-col-100 elementor-top-column elementor-element elementor-element-03c6e61\" data-id=\"03c6e61\" data-element_type=\"column\" data-e-type=\"column\">\n\t\t\t<div class=\"elementor-widget-wrap elementor-element-populated\">\n\t\t\t\t\t\t<div class=\"elementor-element elementor-element-b0ac4ac elementor-widget elementor-widget-heading\" data-id=\"b0ac4ac\" data-element_type=\"widget\" data-e-type=\"widget\" data-widget_type=\"heading.default\">\n\t\t\t\t<div class=\"elementor-widget-container\">\n\t\t\t\t\t<h1 class=\"elementor-heading-title elementor-size-default\">EU-Datenschutzgrundverordnung (DSGVO)<\/h1>\t\t\t\t<\/div>\n\t\t\t\t<\/div>\n\t\t\t\t\t<\/div>\n\t\t<\/div>\n\t\t\t\t\t<\/div>\n\t\t<\/section>\n\t\t\t\t<section class=\"elementor-section elementor-top-section elementor-element elementor-element-40ea017 elementor-section-boxed elementor-section-height-default elementor-section-height-default\" data-id=\"40ea017\" data-element_type=\"section\" data-e-type=\"section\" data-settings=\"{&quot;_ha_eqh_enable&quot;:false}\">\n\t\t\t\t\t\t<div class=\"elementor-container elementor-column-gap-default\">\n\t\t\t\t\t<div class=\"elementor-column elementor-col-100 elementor-top-column elementor-element elementor-element-85610ec\" data-id=\"85610ec\" data-element_type=\"column\" data-e-type=\"column\">\n\t\t\t<div class=\"elementor-widget-wrap elementor-element-populated\">\n\t\t\t\t\t\t<div class=\"elementor-element elementor-element-172afac elementor-widget elementor-widget-text-editor\" data-id=\"172afac\" data-element_type=\"widget\" data-e-type=\"widget\" data-widget_type=\"text-editor.default\">\n\t\t\t\t<div class=\"elementor-widget-container\">\n\t\t\t\t\t\t\t\t\t<p><span style=\"font-weight: 400;\">Bei APD sind wir bestrebt, das Vertrauen aller, die uns ihre pers\u00f6nlichen Daten bereitstellen, zu bewahren, indem wir ihre Privatsph\u00e4re sch\u00fctzen. Als globales Unternehmen stellen wir stets sicher, dass alle personenbezogenen Daten, die wir von Kunden, Besuchern und unseren eigenen Mitarbeitern erhalten, im Einklang mit der im Mai 2018 eingef\u00fchrten EU-Datenschutzgrundverordnung (DSGVO) behandelt werden.<\/span><\/p>\n<p><span style=\"font-weight: 400;\">Die DSGVO verk\u00f6rpert die anerkannten Datenschutzgrunds\u00e4tze der Transparenz, Fairness und Nachvollziehbarkeit. Sie erm\u00f6glicht Innovation und Teilhabe an der globalen digitalen Wirtschaft unter Wahrung der Rechte des Einzelnen.<\/span><\/p>\n<p><span style=\"font-weight: 400;\">Im Rahmen unserer st\u00e4ndigen Bem\u00fchungen um Informationssicherheit und Datenschutz haben wir hier dargelegt, wie wir die Vorschriften einhalten:<\/span><\/p>\n\t\t\t\t\t\t\t\t<\/div>\n\t\t\t\t<\/div>\n\t\t\t\t\t<\/div>\n\t\t<\/div>\n\t\t\t\t\t<\/div>\n\t\t<\/section>\n\t\t\t\t<section class=\"elementor-section elementor-top-section elementor-element elementor-element-916726e elementor-section-boxed elementor-section-height-default elementor-section-height-default\" data-id=\"916726e\" data-element_type=\"section\" data-e-type=\"section\" data-settings=\"{&quot;_ha_eqh_enable&quot;:false}\">\n\t\t\t\t\t\t<div class=\"elementor-container elementor-column-gap-default\">\n\t\t\t\t\t<div class=\"elementor-column elementor-col-50 elementor-top-column elementor-element elementor-element-2dc1d8e\" data-id=\"2dc1d8e\" data-element_type=\"column\" data-e-type=\"column\">\n\t\t\t<div class=\"elementor-widget-wrap elementor-element-populated\">\n\t\t\t\t\t\t<div class=\"elementor-element elementor-element-a1f934e elementor-widget elementor-widget-accordion\" data-id=\"a1f934e\" data-element_type=\"widget\" data-e-type=\"widget\" data-widget_type=\"accordion.default\">\n\t\t\t\t<div class=\"elementor-widget-container\">\n\t\t\t\t\t\t\t<div class=\"elementor-accordion\">\n\t\t\t\t\t\t\t<div class=\"elementor-accordion-item\">\n\t\t\t\t\t<div id=\"elementor-tab-title-1691\" class=\"elementor-tab-title\" data-tab=\"1\" role=\"button\" aria-controls=\"elementor-tab-content-1691\" aria-expanded=\"false\">\n\t\t\t\t\t\t\t\t\t\t\t\t\t<span class=\"elementor-accordion-icon elementor-accordion-icon-right\" aria-hidden=\"true\">\n\t\t\t\t\t\t\t\t\t\t\t\t\t\t\t<span class=\"elementor-accordion-icon-closed\"><i class=\"fas fa-caret-down\"><\/i><\/span>\n\t\t\t\t\t\t\t\t<span class=\"elementor-accordion-icon-opened\"><i class=\"fas fa-caret-up\"><\/i><\/span>\n\t\t\t\t\t\t\t\t\t\t\t\t\t\t<\/span>\n\t\t\t\t\t\t\t\t\t\t\t\t<a class=\"elementor-accordion-title\" tabindex=\"0\">Richtlinien und Verfahren<\/a>\n\t\t\t\t\t<\/div>\n\t\t\t\t\t<div id=\"elementor-tab-content-1691\" class=\"elementor-tab-content elementor-clearfix\" data-tab=\"1\" role=\"region\" aria-labelledby=\"elementor-tab-title-1691\"><p><span style=\"font-weight: 400;\">Alle unsere Standards und Prozesse erm\u00f6glichen es uns, den Lebenszyklus personenbezogener Daten zu definieren und die Transparenz, Genauigkeit, Zug\u00e4nglichkeit, Vollst\u00e4ndigkeit, Sicherheit und Konsistenz der Daten zu gew\u00e4hrleisten. Unsere Datenschutzrichtlinien spiegeln die Anforderungen der DSGVO wider und bilden den Rahmen daf\u00fcr, wie wir Informationen \u00fcber unsere Kunden und unsere eigenen Mitarbeiter erhalten, speichern und nutzen.<\/span><\/p>\n<\/div>\n\t\t\t\t<\/div>\n\t\t\t\t\t\t\t<div class=\"elementor-accordion-item\">\n\t\t\t\t\t<div id=\"elementor-tab-title-1692\" class=\"elementor-tab-title\" data-tab=\"2\" role=\"button\" aria-controls=\"elementor-tab-content-1692\" aria-expanded=\"false\">\n\t\t\t\t\t\t\t\t\t\t\t\t\t<span class=\"elementor-accordion-icon elementor-accordion-icon-right\" aria-hidden=\"true\">\n\t\t\t\t\t\t\t\t\t\t\t\t\t\t\t<span class=\"elementor-accordion-icon-closed\"><i class=\"fas fa-caret-down\"><\/i><\/span>\n\t\t\t\t\t\t\t\t<span class=\"elementor-accordion-icon-opened\"><i class=\"fas fa-caret-up\"><\/i><\/span>\n\t\t\t\t\t\t\t\t\t\t\t\t\t\t<\/span>\n\t\t\t\t\t\t\t\t\t\t\t\t<a class=\"elementor-accordion-title\" tabindex=\"0\">Datenschutz durch Design<\/a>\n\t\t\t\t\t<\/div>\n\t\t\t\t\t<div id=\"elementor-tab-content-1692\" class=\"elementor-tab-content elementor-clearfix\" data-tab=\"2\" role=\"region\" aria-labelledby=\"elementor-tab-title-1692\"><p><span style=\"font-weight: 400;\">Datenschutz-, Privatsph\u00e4re- und Sicherheitsanforderungen sind integraler Bestandteil unseres Produktdesigns und unserer Entwicklungsmethoden. Die Datenschutzanforderungen sind in den Entwicklungszyklus eingebettet, von der Ideenfindung \u00fcber die Konstruktion bis hin zur Einf\u00fchrung und Validierung.<\/span><\/p>\n<\/div>\n\t\t\t\t<\/div>\n\t\t\t\t\t\t\t<div class=\"elementor-accordion-item\">\n\t\t\t\t\t<div id=\"elementor-tab-title-1693\" class=\"elementor-tab-title\" data-tab=\"3\" role=\"button\" aria-controls=\"elementor-tab-content-1693\" aria-expanded=\"false\">\n\t\t\t\t\t\t\t\t\t\t\t\t\t<span class=\"elementor-accordion-icon elementor-accordion-icon-right\" aria-hidden=\"true\">\n\t\t\t\t\t\t\t\t\t\t\t\t\t\t\t<span class=\"elementor-accordion-icon-closed\"><i class=\"fas fa-caret-down\"><\/i><\/span>\n\t\t\t\t\t\t\t\t<span class=\"elementor-accordion-icon-opened\"><i class=\"fas fa-caret-up\"><\/i><\/span>\n\t\t\t\t\t\t\t\t\t\t\t\t\t\t<\/span>\n\t\t\t\t\t\t\t\t\t\t\t\t<a class=\"elementor-accordion-title\" tabindex=\"0\">Informationssicherheit<\/a>\n\t\t\t\t\t<\/div>\n\t\t\t\t\t<div id=\"elementor-tab-content-1693\" class=\"elementor-tab-content elementor-clearfix\" data-tab=\"3\" role=\"region\" aria-labelledby=\"elementor-tab-title-1693\"><p><span style=\"font-weight: 400;\">Wir sind bestrebt, unseren Rahmen f\u00fcr die Informationssicherheit st\u00e4ndig zu verbessern, um sicherzustellen, dass die Verfahren zur Reaktion auf Vorf\u00e4lle wirksam bleiben und die Vertraulichkeit, Integrit\u00e4t und Verf\u00fcgbarkeit personenbezogener Daten durch geeignete technische und organisatorische Ma\u00dfnahmen gew\u00e4hrleistet ist.<\/span><\/p>\n<\/div>\n\t\t\t\t<\/div>\n\t\t\t\t\t\t\t<div class=\"elementor-accordion-item\">\n\t\t\t\t\t<div id=\"elementor-tab-title-1694\" class=\"elementor-tab-title\" data-tab=\"4\" role=\"button\" aria-controls=\"elementor-tab-content-1694\" aria-expanded=\"false\">\n\t\t\t\t\t\t\t\t\t\t\t\t\t<span class=\"elementor-accordion-icon elementor-accordion-icon-right\" aria-hidden=\"true\">\n\t\t\t\t\t\t\t\t\t\t\t\t\t\t\t<span class=\"elementor-accordion-icon-closed\"><i class=\"fas fa-caret-down\"><\/i><\/span>\n\t\t\t\t\t\t\t\t<span class=\"elementor-accordion-icon-opened\"><i class=\"fas fa-caret-up\"><\/i><\/span>\n\t\t\t\t\t\t\t\t\t\t\t\t\t\t<\/span>\n\t\t\t\t\t\t\t\t\t\t\t\t<a class=\"elementor-accordion-title\" tabindex=\"0\">Informationsmanagement<\/a>\n\t\t\t\t\t<\/div>\n\t\t\t\t\t<div id=\"elementor-tab-content-1694\" class=\"elementor-tab-content elementor-clearfix\" data-tab=\"4\" role=\"region\" aria-labelledby=\"elementor-tab-title-1694\"><p><span style=\"font-weight: 400;\">Alle von uns gespeicherten Daten werden kategorisiert, sodass wir sofort wissen, was f\u00fcr Daten wir haben, was wir damit machen, wo sie sind, wohin sie weitergegeben werden und wer Zugriff darauf hat. Es werden Datenarten klassifiziert, Aufbewahrungsfristen festgelegt und in Systeme und Prozesse eingebaut.<\/span><\/p>\n<\/div>\n\t\t\t\t<\/div>\n\t\t\t\t\t\t\t\t<\/div>\n\t\t\t\t\t\t<\/div>\n\t\t\t\t<\/div>\n\t\t\t\t\t<\/div>\n\t\t<\/div>\n\t\t\t\t<div class=\"elementor-column elementor-col-50 elementor-top-column elementor-element elementor-element-f73ef6b\" data-id=\"f73ef6b\" data-element_type=\"column\" data-e-type=\"column\">\n\t\t\t<div class=\"elementor-widget-wrap elementor-element-populated\">\n\t\t\t\t\t\t<div class=\"elementor-element elementor-element-de46676 elementor-widget elementor-widget-accordion\" data-id=\"de46676\" data-element_type=\"widget\" data-e-type=\"widget\" data-widget_type=\"accordion.default\">\n\t\t\t\t<div class=\"elementor-widget-container\">\n\t\t\t\t\t\t\t<div class=\"elementor-accordion\">\n\t\t\t\t\t\t\t<div class=\"elementor-accordion-item\">\n\t\t\t\t\t<div id=\"elementor-tab-title-2331\" class=\"elementor-tab-title\" data-tab=\"1\" role=\"button\" aria-controls=\"elementor-tab-content-2331\" aria-expanded=\"false\">\n\t\t\t\t\t\t\t\t\t\t\t\t\t<span class=\"elementor-accordion-icon elementor-accordion-icon-right\" aria-hidden=\"true\">\n\t\t\t\t\t\t\t\t\t\t\t\t\t\t\t<span class=\"elementor-accordion-icon-closed\"><i class=\"fas fa-caret-down\"><\/i><\/span>\n\t\t\t\t\t\t\t\t<span class=\"elementor-accordion-icon-opened\"><i class=\"fas fa-caret-up\"><\/i><\/span>\n\t\t\t\t\t\t\t\t\t\t\t\t\t\t<\/span>\n\t\t\t\t\t\t\t\t\t\t\t\t<a class=\"elementor-accordion-title\" tabindex=\"0\">Antrag auf Auskunft \u00fcber personenbezogene Daten<\/a>\n\t\t\t\t\t<\/div>\n\t\t\t\t\t<div id=\"elementor-tab-content-2331\" class=\"elementor-tab-content elementor-clearfix\" data-tab=\"1\" role=\"region\" aria-labelledby=\"elementor-tab-title-2331\"><p><span style=\"font-weight: 400;\">Unser Verfahren f\u00fcr den Antrag auf Auskunft \u00fcber personenbezogene Daten wurde \u00fcberpr\u00fcft und verbessert. Alle Antr\u00e4ge auf Auskunft sind an den benannten Datenschutzbeauftragten zu richten, der das Verfahren zur Ausstellung eines entsprechenden Formulars f\u00fcr die betroffene Person einh\u00e4lt. Unsere Rechtsabteilung \u00fcberwacht jedes Auskunftsverlangen, um sicherzustellen, dass wir gem\u00e4\u00df den Anforderungen der DSGVO handeln.<\/span><\/p>\n<\/div>\n\t\t\t\t<\/div>\n\t\t\t\t\t\t\t<div class=\"elementor-accordion-item\">\n\t\t\t\t\t<div id=\"elementor-tab-title-2332\" class=\"elementor-tab-title\" data-tab=\"2\" role=\"button\" aria-controls=\"elementor-tab-content-2332\" aria-expanded=\"false\">\n\t\t\t\t\t\t\t\t\t\t\t\t\t<span class=\"elementor-accordion-icon elementor-accordion-icon-right\" aria-hidden=\"true\">\n\t\t\t\t\t\t\t\t\t\t\t\t\t\t\t<span class=\"elementor-accordion-icon-closed\"><i class=\"fas fa-caret-down\"><\/i><\/span>\n\t\t\t\t\t\t\t\t<span class=\"elementor-accordion-icon-opened\"><i class=\"fas fa-caret-up\"><\/i><\/span>\n\t\t\t\t\t\t\t\t\t\t\t\t\t\t<\/span>\n\t\t\t\t\t\t\t\t\t\t\t\t<a class=\"elementor-accordion-title\" tabindex=\"0\">Rechtliche Grundlage f\u00fcr die Verarbeitung personenbezogener Daten<\/a>\n\t\t\t\t\t<\/div>\n\t\t\t\t\t<div id=\"elementor-tab-content-2332\" class=\"elementor-tab-content elementor-clearfix\" data-tab=\"2\" role=\"region\" aria-labelledby=\"elementor-tab-title-2332\"><p><span style=\"font-weight: 400;\">Die Rechtsgrundlagen in der DSGVO entsprechen im Gro\u00dfen und Ganzen den Bedingungen f\u00fcr die Verarbeitung personenbezogener Daten im Data Protection Act (Gesetz zur Verarbeitung personenbezogener Daten in Gro\u00dfbritannien). Wir verf\u00fcgen \u00fcber eine g\u00fcltige Rechtsgrundlage f\u00fcr die Verarbeitung von Daten sowohl durch den Datenverantwortlichen als auch f\u00fcr Auftragsverarbeiter, und diese sind in unseren Datenpr\u00fcfungsdokumenten und in unseren Datenschutzerkl\u00e4rungen auf unseren Unternehmens- und Produktwebsites definiert.<\/span><\/p>\n<\/div>\n\t\t\t\t<\/div>\n\t\t\t\t\t\t\t<div class=\"elementor-accordion-item\">\n\t\t\t\t\t<div id=\"elementor-tab-title-2333\" class=\"elementor-tab-title\" data-tab=\"3\" role=\"button\" aria-controls=\"elementor-tab-content-2333\" aria-expanded=\"false\">\n\t\t\t\t\t\t\t\t\t\t\t\t\t<span class=\"elementor-accordion-icon elementor-accordion-icon-right\" aria-hidden=\"true\">\n\t\t\t\t\t\t\t\t\t\t\t\t\t\t\t<span class=\"elementor-accordion-icon-closed\"><i class=\"fas fa-caret-down\"><\/i><\/span>\n\t\t\t\t\t\t\t\t<span class=\"elementor-accordion-icon-opened\"><i class=\"fas fa-caret-up\"><\/i><\/span>\n\t\t\t\t\t\t\t\t\t\t\t\t\t\t<\/span>\n\t\t\t\t\t\t\t\t\t\t\t\t<a class=\"elementor-accordion-title\" tabindex=\"0\">Zustimmung<\/a>\n\t\t\t\t\t<\/div>\n\t\t\t\t\t<div id=\"elementor-tab-content-2333\" class=\"elementor-tab-content elementor-clearfix\" data-tab=\"3\" role=\"region\" aria-labelledby=\"elementor-tab-title-2333\"><p><span style=\"font-weight: 400;\">Die Zustimmung zur Verarbeitung personenbezogener Daten muss frei, konkret, in Kenntnis der Sachlage und unmissverst\u00e4ndlich erteilt werden. Die Zustimmung muss au\u00dferdem von anderen Bedingungen getrennt sein. Auf unseren Produkt-Websites werden unsere Datenschutzerkl\u00e4rungen den Benutzern aktiv angezeigt, um sicherzustellen, dass wir transparent machen, welche Daten wir speichern und was wir damit tun. Bei der \u00dcbermittlung der Daten k\u00f6nnen die Nutzer ein K\u00e4stchen ankreuzen, mit dem sie sich ausdr\u00fccklich damit einverstanden erkl\u00e4ren, dass sie kontaktiert werden. Die \u00fcber unsere Produktwebseiten erfassten personenbezogenen Daten sind das Minimum, das erforderlich ist, um ein Benutzerkonto sicher zu validieren und uns in die Lage zu versetzen, den Benutzer zu kontaktieren, wenn er Unterst\u00fctzung ben\u00f6tigt. Die personenbezogenen Daten, die wir von unseren Mitarbeitern erheben, stellen eine gesetzliche Voraussetzung f\u00fcr die Besch\u00e4ftigung dar. Unsere Datenschutzerkl\u00e4rungen machen deutlich, dass wir in jedem Fall eine g\u00fcltige Rechtsgrundlage f\u00fcr die Erhebung und Verarbeitung haben und dass personenbezogene Daten nicht f\u00fcr Profiling-\/Marketingzwecke verwendet und nicht an Dritte weiterverkauft oder \u00f6ffentlich zug\u00e4nglich gemacht werden.<\/span><\/p>\n<\/div>\n\t\t\t\t<\/div>\n\t\t\t\t\t\t\t\t<\/div>\n\t\t\t\t\t\t<\/div>\n\t\t\t\t<\/div>\n\t\t\t\t\t<\/div>\n\t\t<\/div>\n\t\t\t\t\t<\/div>\n\t\t<\/section>\n\t\t\t\t<section class=\"elementor-section elementor-top-section elementor-element elementor-element-960210c elementor-section-boxed elementor-section-height-default elementor-section-height-default\" data-id=\"960210c\" data-element_type=\"section\" data-e-type=\"section\" data-settings=\"{&quot;_ha_eqh_enable&quot;:false}\">\n\t\t\t\t\t\t<div class=\"elementor-container elementor-column-gap-default\">\n\t\t\t\t\t<div class=\"elementor-column elementor-col-100 elementor-top-column elementor-element elementor-element-2613aa6\" data-id=\"2613aa6\" data-element_type=\"column\" data-e-type=\"column\">\n\t\t\t<div class=\"elementor-widget-wrap elementor-element-populated\">\n\t\t\t\t\t\t<div class=\"elementor-element elementor-element-8e3a567 elementor-widget elementor-widget-html\" data-id=\"8e3a567\" data-element_type=\"widget\" data-e-type=\"widget\" data-widget_type=\"html.default\">\n\t\t\t\t<div class=\"elementor-widget-container\">\n\t\t\t\t\t<script> \r\njQuery(document).ready(function($) { \r\nvar delay = 100; setTimeout(function() { \r\n$('.elementor-tab-title').removeClass('elementor-active');\r\n $('.elementor-tab-content').css('display', 'none'); }, delay); \r\n}); \r\n<\/script>\t\t\t\t<\/div>\n\t\t\t\t<\/div>\n\t\t\t\t\t<\/div>\n\t\t<\/div>\n\t\t\t\t\t<\/div>\n\t\t<\/section>\n\t\t\t\t<\/div>\n\t\t","protected":false},"excerpt":{"rendered":"<p>DSGVO EU-Datenschutzgrundverordnung (DSGVO) Bei APD sind wir bestrebt, das Vertrauen aller, die uns ihre pers\u00f6nlichen Daten bereitstellen, zu bewahren, indem wir ihre Privatsph\u00e4re sch\u00fctzen. Als globales Unternehmen stellen wir stets sicher, dass alle personenbezogenen Daten, die wir von Kunden, Besuchern und unseren eigenen Mitarbeitern erhalten, im Einklang mit der im Mai 2018 eingef\u00fchrten EU-Datenschutzgrundverordnung (DSGVO) [&hellip;]<\/p>\n","protected":false},"author":10,"featured_media":0,"parent":0,"menu_order":0,"comment_status":"closed","ping_status":"closed","template":"elementor_header_footer","meta":{"footnotes":""},"class_list":["post-3864","page","type-page","status-publish","hentry"],"yoast_head":"<!-- This site is optimized with the Yoast SEO plugin v26.9 - https:\/\/yoast.com\/product\/yoast-seo-wordpress\/ -->\n<title>DSGVO - APD Group Ltd<\/title>\n<meta name=\"robots\" content=\"index, follow, max-snippet:-1, max-image-preview:large, max-video-preview:-1\" \/>\n<link rel=\"canonical\" href=\"https:\/\/apd-group.com\/de\/dsgvo\/\" \/>\n<meta property=\"og:locale\" content=\"de_DE\" \/>\n<meta property=\"og:type\" content=\"article\" \/>\n<meta property=\"og:title\" content=\"DSGVO - APD Group Ltd\" \/>\n<meta property=\"og:description\" content=\"DSGVO EU-Datenschutzgrundverordnung (DSGVO) Bei APD sind wir bestrebt, das Vertrauen aller, die uns ihre pers\u00f6nlichen Daten bereitstellen, zu bewahren, indem wir ihre Privatsph\u00e4re sch\u00fctzen. Als globales Unternehmen stellen wir stets sicher, dass alle personenbezogenen Daten, die wir von Kunden, Besuchern und unseren eigenen Mitarbeitern erhalten, im Einklang mit der im Mai 2018 eingef\u00fchrten EU-Datenschutzgrundverordnung (DSGVO) [&hellip;]\" \/>\n<meta property=\"og:url\" content=\"https:\/\/apd-group.com\/de\/dsgvo\/\" \/>\n<meta property=\"og:site_name\" content=\"APD Group Ltd\" \/>\n<meta property=\"article:modified_time\" content=\"2021-11-03T11:23:19+00:00\" \/>\n<meta name=\"twitter:card\" content=\"summary_large_image\" \/>\n<meta name=\"twitter:label1\" content=\"Gesch\u00e4tzte Lesezeit\" \/>\n\t<meta name=\"twitter:data1\" content=\"3 minutes\" \/>\n<script type=\"application\/ld+json\" class=\"yoast-schema-graph\">{\"@context\":\"https:\/\/schema.org\",\"@graph\":[{\"@type\":\"WebPage\",\"@id\":\"https:\/\/apd-group.com\/de\/dsgvo\/\",\"url\":\"https:\/\/apd-group.com\/de\/dsgvo\/\",\"name\":\"DSGVO - APD Group Ltd\",\"isPartOf\":{\"@id\":\"https:\/\/apd-group.com\/de\/#website\"},\"datePublished\":\"2021-10-19T15:05:44+00:00\",\"dateModified\":\"2021-11-03T11:23:19+00:00\",\"breadcrumb\":{\"@id\":\"https:\/\/apd-group.com\/de\/dsgvo\/#breadcrumb\"},\"inLanguage\":\"de-DE\",\"potentialAction\":[{\"@type\":\"ReadAction\",\"target\":[\"https:\/\/apd-group.com\/de\/dsgvo\/\"]}]},{\"@type\":\"BreadcrumbList\",\"@id\":\"https:\/\/apd-group.com\/de\/dsgvo\/#breadcrumb\",\"itemListElement\":[{\"@type\":\"ListItem\",\"position\":1,\"name\":\"Home\",\"item\":\"https:\/\/apd-group.com\/de\/\"},{\"@type\":\"ListItem\",\"position\":2,\"name\":\"DSGVO\"}]},{\"@type\":\"WebSite\",\"@id\":\"https:\/\/apd-group.com\/de\/#website\",\"url\":\"https:\/\/apd-group.com\/de\/\",\"name\":\"APD Group Ltd\",\"description\":\"Automotive Business Management\",\"publisher\":{\"@id\":\"https:\/\/apd-group.com\/de\/#organization\"},\"potentialAction\":[{\"@type\":\"SearchAction\",\"target\":{\"@type\":\"EntryPoint\",\"urlTemplate\":\"https:\/\/apd-group.com\/de\/?s={search_term_string}\"},\"query-input\":{\"@type\":\"PropertyValueSpecification\",\"valueRequired\":true,\"valueName\":\"search_term_string\"}}],\"inLanguage\":\"de-DE\"},{\"@type\":\"Organization\",\"@id\":\"https:\/\/apd-group.com\/de\/#organization\",\"name\":\"APD Group Ltd\",\"url\":\"https:\/\/apd-group.com\/de\/\",\"logo\":{\"@type\":\"ImageObject\",\"inLanguage\":\"de-DE\",\"@id\":\"https:\/\/apd-group.com\/de\/#\/schema\/logo\/image\/\",\"url\":\"https:\/\/apd-group.com\/wp-content\/uploads\/2021\/05\/Group-245.png\",\"contentUrl\":\"https:\/\/apd-group.com\/wp-content\/uploads\/2021\/05\/Group-245.png\",\"width\":208,\"height\":59,\"caption\":\"APD Group Ltd\"},\"image\":{\"@id\":\"https:\/\/apd-group.com\/de\/#\/schema\/logo\/image\/\"}}]}<\/script>\n<!-- \/ Yoast SEO plugin. -->","yoast_head_json":{"title":"DSGVO - APD Group Ltd","robots":{"index":"index","follow":"follow","max-snippet":"max-snippet:-1","max-image-preview":"max-image-preview:large","max-video-preview":"max-video-preview:-1"},"canonical":"https:\/\/apd-group.com\/de\/dsgvo\/","og_locale":"de_DE","og_type":"article","og_title":"DSGVO - APD Group Ltd","og_description":"DSGVO EU-Datenschutzgrundverordnung (DSGVO) Bei APD sind wir bestrebt, das Vertrauen aller, die uns ihre pers\u00f6nlichen Daten bereitstellen, zu bewahren, indem wir ihre Privatsph\u00e4re sch\u00fctzen. Als globales Unternehmen stellen wir stets sicher, dass alle personenbezogenen Daten, die wir von Kunden, Besuchern und unseren eigenen Mitarbeitern erhalten, im Einklang mit der im Mai 2018 eingef\u00fchrten EU-Datenschutzgrundverordnung (DSGVO) [&hellip;]","og_url":"https:\/\/apd-group.com\/de\/dsgvo\/","og_site_name":"APD Group Ltd","article_modified_time":"2021-11-03T11:23:19+00:00","twitter_card":"summary_large_image","twitter_misc":{"Gesch\u00e4tzte Lesezeit":"3 minutes"},"schema":{"@context":"https:\/\/schema.org","@graph":[{"@type":"WebPage","@id":"https:\/\/apd-group.com\/de\/dsgvo\/","url":"https:\/\/apd-group.com\/de\/dsgvo\/","name":"DSGVO - APD Group Ltd","isPartOf":{"@id":"https:\/\/apd-group.com\/de\/#website"},"datePublished":"2021-10-19T15:05:44+00:00","dateModified":"2021-11-03T11:23:19+00:00","breadcrumb":{"@id":"https:\/\/apd-group.com\/de\/dsgvo\/#breadcrumb"},"inLanguage":"de-DE","potentialAction":[{"@type":"ReadAction","target":["https:\/\/apd-group.com\/de\/dsgvo\/"]}]},{"@type":"BreadcrumbList","@id":"https:\/\/apd-group.com\/de\/dsgvo\/#breadcrumb","itemListElement":[{"@type":"ListItem","position":1,"name":"Home","item":"https:\/\/apd-group.com\/de\/"},{"@type":"ListItem","position":2,"name":"DSGVO"}]},{"@type":"WebSite","@id":"https:\/\/apd-group.com\/de\/#website","url":"https:\/\/apd-group.com\/de\/","name":"APD Group Ltd","description":"Automotive Business Management","publisher":{"@id":"https:\/\/apd-group.com\/de\/#organization"},"potentialAction":[{"@type":"SearchAction","target":{"@type":"EntryPoint","urlTemplate":"https:\/\/apd-group.com\/de\/?s={search_term_string}"},"query-input":{"@type":"PropertyValueSpecification","valueRequired":true,"valueName":"search_term_string"}}],"inLanguage":"de-DE"},{"@type":"Organization","@id":"https:\/\/apd-group.com\/de\/#organization","name":"APD Group Ltd","url":"https:\/\/apd-group.com\/de\/","logo":{"@type":"ImageObject","inLanguage":"de-DE","@id":"https:\/\/apd-group.com\/de\/#\/schema\/logo\/image\/","url":"https:\/\/apd-group.com\/wp-content\/uploads\/2021\/05\/Group-245.png","contentUrl":"https:\/\/apd-group.com\/wp-content\/uploads\/2021\/05\/Group-245.png","width":208,"height":59,"caption":"APD Group Ltd"},"image":{"@id":"https:\/\/apd-group.com\/de\/#\/schema\/logo\/image\/"}}]}},"_links":{"self":[{"href":"https:\/\/apd-group.com\/de\/wp-json\/wp\/v2\/pages\/3864","targetHints":{"allow":["GET"]}}],"collection":[{"href":"https:\/\/apd-group.com\/de\/wp-json\/wp\/v2\/pages"}],"about":[{"href":"https:\/\/apd-group.com\/de\/wp-json\/wp\/v2\/types\/page"}],"author":[{"embeddable":true,"href":"https:\/\/apd-group.com\/de\/wp-json\/wp\/v2\/users\/10"}],"replies":[{"embeddable":true,"href":"https:\/\/apd-group.com\/de\/wp-json\/wp\/v2\/comments?post=3864"}],"version-history":[{"count":0,"href":"https:\/\/apd-group.com\/de\/wp-json\/wp\/v2\/pages\/3864\/revisions"}],"wp:attachment":[{"href":"https:\/\/apd-group.com\/de\/wp-json\/wp\/v2\/media?parent=3864"}],"curies":[{"name":"wp","href":"https:\/\/api.w.org\/{rel}","templated":true}]}}