{"id":3850,"date":"2021-10-19T16:05:18","date_gmt":"2021-10-19T15:05:18","guid":{"rendered":"https:\/\/apdworpress.azurewebsites.net\/support\/"},"modified":"2022-04-08T10:25:48","modified_gmt":"2022-04-08T09:25:48","slug":"support","status":"publish","type":"page","link":"https:\/\/apd-group.com\/de\/support\/","title":{"rendered":"Support"},"content":{"rendered":"\t\t<div data-elementor-type=\"wp-page\" data-elementor-id=\"3850\" class=\"elementor elementor-3850 elementor-25\" data-elementor-settings=\"{&quot;ha_cmc_init_switcher&quot;:&quot;no&quot;}\" data-elementor-post-type=\"page\">\n\t\t\t\t\t\t<section class=\"elementor-section elementor-top-section elementor-element elementor-element-52ea405 elementor-section-boxed elementor-section-height-default elementor-section-height-default\" data-id=\"52ea405\" data-element_type=\"section\" data-e-type=\"section\" data-settings=\"{&quot;background_background&quot;:&quot;classic&quot;,&quot;_ha_eqh_enable&quot;:false}\">\n\t\t\t\t\t\t<div class=\"elementor-container elementor-column-gap-default\">\n\t\t\t\t\t<div class=\"elementor-column elementor-col-100 elementor-top-column elementor-element elementor-element-78a58e9\" data-id=\"78a58e9\" data-element_type=\"column\" data-e-type=\"column\">\n\t\t\t<div class=\"elementor-widget-wrap elementor-element-populated\">\n\t\t\t\t\t\t<div class=\"elementor-element elementor-element-024fb36 elementor-widget elementor-widget-heading\" data-id=\"024fb36\" data-element_type=\"widget\" data-e-type=\"widget\" data-widget_type=\"heading.default\">\n\t\t\t\t<div class=\"elementor-widget-container\">\n\t\t\t\t\t<h1 class=\"elementor-heading-title elementor-size-default\">Support<\/h1>\t\t\t\t<\/div>\n\t\t\t\t<\/div>\n\t\t\t\t\t<\/div>\n\t\t<\/div>\n\t\t\t\t\t<\/div>\n\t\t<\/section>\n\t\t\t\t<section class=\"elementor-section elementor-top-section elementor-element elementor-element-eafe139 elementor-section-boxed elementor-section-height-default elementor-section-height-default\" data-id=\"eafe139\" data-element_type=\"section\" data-e-type=\"section\" data-settings=\"{&quot;_ha_eqh_enable&quot;:false}\">\n\t\t\t\t\t\t<div class=\"elementor-container elementor-column-gap-default\">\n\t\t\t\t\t<div class=\"elementor-column elementor-col-100 elementor-top-column elementor-element elementor-element-03c6e61\" data-id=\"03c6e61\" data-element_type=\"column\" data-e-type=\"column\">\n\t\t\t<div class=\"elementor-widget-wrap elementor-element-populated\">\n\t\t\t\t\t\t<div class=\"elementor-element elementor-element-b0ac4ac elementor-widget elementor-widget-heading\" data-id=\"b0ac4ac\" data-element_type=\"widget\" data-e-type=\"widget\" data-widget_type=\"heading.default\">\n\t\t\t\t<div class=\"elementor-widget-container\">\n\t\t\t\t\t<h1 class=\"elementor-heading-title elementor-size-default\">Brauchen Sie Hilfe?<\/h1>\t\t\t\t<\/div>\n\t\t\t\t<\/div>\n\t\t\t\t\t<\/div>\n\t\t<\/div>\n\t\t\t\t\t<\/div>\n\t\t<\/section>\n\t\t\t\t<section class=\"elementor-section elementor-top-section elementor-element elementor-element-40ea017 elementor-section-boxed elementor-section-height-default elementor-section-height-default\" data-id=\"40ea017\" data-element_type=\"section\" data-e-type=\"section\" data-settings=\"{&quot;_ha_eqh_enable&quot;:false}\">\n\t\t\t\t\t\t<div class=\"elementor-container elementor-column-gap-default\">\n\t\t\t\t\t<div class=\"elementor-column elementor-col-100 elementor-top-column elementor-element elementor-element-85610ec\" data-id=\"85610ec\" data-element_type=\"column\" data-e-type=\"column\">\n\t\t\t<div class=\"elementor-widget-wrap elementor-element-populated\">\n\t\t\t\t\t\t<div class=\"elementor-element elementor-element-172afac elementor-widget elementor-widget-text-editor\" data-id=\"172afac\" data-element_type=\"widget\" data-e-type=\"widget\" data-widget_type=\"text-editor.default\">\n\t\t\t\t<div class=\"elementor-widget-container\">\n\t\t\t\t\t\t\t\t\t<p>Mit Ihrer Erlaubnis kann sich das technische Support-Team von APD direkt mit Ihrem Computer verbinden, um Ihnen Fernunterst\u00fctzung f\u00fcr unsere Produkte zu bieten.<\/p>\n<p>Rufen Sie dazu zun\u00e4chst unser Support-Team unter der Nummer an, die Sie auf der Seite <a href=\"\/de\/kontakt\/\">Kontakt<\/a> finden. Sie k\u00f6nnen dann unseren technischen Fernsupport anfordern und erkl\u00e4ren, zu welchem Produkt Sie Hilfe ben\u00f6tigen. Wenn Sie dazu aufgefordert werden, klicken Sie auf die entsprechende Verkn\u00fcpfung unten:<\/p>\n\t\t\t\t\t\t\t\t<\/div>\n\t\t\t\t<\/div>\n\t\t\t\t<div class=\"elementor-element elementor-element-13e8843 elementor-widget elementor-widget-text-editor\" data-id=\"13e8843\" data-element_type=\"widget\" data-e-type=\"widget\" data-widget_type=\"text-editor.default\">\n\t\t\t\t<div class=\"elementor-widget-container\">\n\t\t\t\t\t\t\t\t\t<p>Anleitungen<\/p>\n\t\t\t\t\t\t\t\t<\/div>\n\t\t\t\t<\/div>\n\t\t\t\t<div class=\"elementor-element elementor-element-9a5ccf9 elementor-widget elementor-widget-text-editor\" data-id=\"9a5ccf9\" data-element_type=\"widget\" data-e-type=\"widget\" data-widget_type=\"text-editor.default\">\n\t\t\t\t<div class=\"elementor-widget-container\">\n\t\t\t\t\t\t\t\t\t<p>Nachdem Sie auf die entsprechende Verkn\u00fcpfung geklickt und die Zip-Datei heruntergeladen haben, m\u00fcssen Sie die Datei ausf\u00fchren und die Lizenzvereinbarung akzeptieren. Dadurch wird das Feld \u201eTechnischer Support von APD\u201c angezeigt. Anschlie\u00dfend teilen Sie dem technischen Kundendienst von APD einfach die in dem Feld angezeigte ID-Nummer und die Kennwortnummer mit.<\/p>\n\t\t\t\t\t\t\t\t<\/div>\n\t\t\t\t<\/div>\n\t\t\t\t\t<\/div>\n\t\t<\/div>\n\t\t\t\t\t<\/div>\n\t\t<\/section>\n\t\t\t\t<section class=\"elementor-section elementor-top-section elementor-element elementor-element-795d966 elementor-section-boxed elementor-section-height-default elementor-section-height-default\" data-id=\"795d966\" data-element_type=\"section\" data-e-type=\"section\" data-settings=\"{&quot;_ha_eqh_enable&quot;:false}\">\n\t\t\t\t\t\t<div class=\"elementor-container elementor-column-gap-default\">\n\t\t\t\t\t<div class=\"elementor-column elementor-col-50 elementor-top-column elementor-element elementor-element-d5b366b\" data-id=\"d5b366b\" data-element_type=\"column\" data-e-type=\"column\" data-settings=\"{&quot;background_background&quot;:&quot;classic&quot;}\">\n\t\t\t<div class=\"elementor-widget-wrap elementor-element-populated\">\n\t\t\t\t\t\t<div class=\"elementor-element elementor-element-8cc6d8a elementor-widget elementor-widget-heading\" data-id=\"8cc6d8a\" data-element_type=\"widget\" data-e-type=\"widget\" data-widget_type=\"heading.default\">\n\t\t\t\t<div class=\"elementor-widget-container\">\n\t\t\t\t\t<h3 class=\"elementor-heading-title elementor-size-default\">Microsoft Windows<\/h3>\t\t\t\t<\/div>\n\t\t\t\t<\/div>\n\t\t\t\t<div class=\"elementor-element elementor-element-b4e8362 elementor-widget elementor-widget-text-editor\" data-id=\"b4e8362\" data-element_type=\"widget\" data-e-type=\"widget\" data-widget_type=\"text-editor.default\">\n\t\t\t\t<div class=\"elementor-widget-container\">\n\t\t\t\t\t\t\t\t\t<p><a href=\"\/wp-content\/uploads\/2021\/09\/TeamViewerQS.zip\">(TeamViewerQS.exe &#8211; 20\u00a0MB)<\/a><\/p>\n\t\t\t\t\t\t\t\t<\/div>\n\t\t\t\t<\/div>\n\t\t\t\t\t<\/div>\n\t\t<\/div>\n\t\t\t\t<div class=\"elementor-column elementor-col-50 elementor-top-column elementor-element elementor-element-cd8dca2\" data-id=\"cd8dca2\" data-element_type=\"column\" data-e-type=\"column\" data-settings=\"{&quot;background_background&quot;:&quot;classic&quot;}\">\n\t\t\t<div class=\"elementor-widget-wrap elementor-element-populated\">\n\t\t\t\t\t\t<div class=\"elementor-element elementor-element-b9e96c9 elementor-widget elementor-widget-heading\" data-id=\"b9e96c9\" data-element_type=\"widget\" data-e-type=\"widget\" data-widget_type=\"heading.default\">\n\t\t\t\t<div class=\"elementor-widget-container\">\n\t\t\t\t\t<h3 class=\"elementor-heading-title elementor-size-default\">Apple Mac<\/h3>\t\t\t\t<\/div>\n\t\t\t\t<\/div>\n\t\t\t\t<div class=\"elementor-element elementor-element-642d0c2 elementor-widget elementor-widget-text-editor\" data-id=\"642d0c2\" data-element_type=\"widget\" data-e-type=\"widget\" data-widget_type=\"text-editor.default\">\n\t\t\t\t<div class=\"elementor-widget-container\">\n\t\t\t\t\t\t\t\t\t<p><a href=\"\/wp-content\/uploads\/2021\/09\/TeamViewerQS_mac.zip\">(TeamViewerQS_Mac.dmg &#8211; 50\u00a0MB)<\/a><\/p>\n\t\t\t\t\t\t\t\t<\/div>\n\t\t\t\t<\/div>\n\t\t\t\t\t<\/div>\n\t\t<\/div>\n\t\t\t\t\t<\/div>\n\t\t<\/section>\n\t\t\t\t<\/div>\n\t\t","protected":false},"excerpt":{"rendered":"<p>Support Brauchen Sie Hilfe? Mit Ihrer Erlaubnis kann sich das technische Support-Team von APD direkt mit Ihrem Computer verbinden, um Ihnen Fernunterst\u00fctzung f\u00fcr unsere Produkte zu bieten. Rufen Sie dazu zun\u00e4chst unser Support-Team unter der Nummer an, die Sie auf der Seite Kontakt finden. Sie k\u00f6nnen dann unseren technischen Fernsupport anfordern und erkl\u00e4ren, zu welchem [&hellip;]<\/p>\n","protected":false},"author":10,"featured_media":0,"parent":0,"menu_order":0,"comment_status":"closed","ping_status":"closed","template":"elementor_header_footer","meta":{"footnotes":""},"class_list":["post-3850","page","type-page","status-publish","hentry"],"yoast_head":"<!-- This site is optimized with the Yoast SEO plugin v26.9 - https:\/\/yoast.com\/product\/yoast-seo-wordpress\/ -->\n<title>Support - APD Group Ltd<\/title>\n<meta name=\"robots\" content=\"index, follow, max-snippet:-1, max-image-preview:large, max-video-preview:-1\" \/>\n<link rel=\"canonical\" href=\"https:\/\/apd-group.com\/de\/support\/\" \/>\n<meta property=\"og:locale\" content=\"de_DE\" \/>\n<meta property=\"og:type\" content=\"article\" \/>\n<meta property=\"og:title\" content=\"Support - APD Group Ltd\" \/>\n<meta property=\"og:description\" content=\"Support Brauchen Sie Hilfe? Mit Ihrer Erlaubnis kann sich das technische Support-Team von APD direkt mit Ihrem Computer verbinden, um Ihnen Fernunterst\u00fctzung f\u00fcr unsere Produkte zu bieten. Rufen Sie dazu zun\u00e4chst unser Support-Team unter der Nummer an, die Sie auf der Seite Kontakt finden. Sie k\u00f6nnen dann unseren technischen Fernsupport anfordern und erkl\u00e4ren, zu welchem [&hellip;]\" \/>\n<meta property=\"og:url\" content=\"https:\/\/apd-group.com\/de\/support\/\" \/>\n<meta property=\"og:site_name\" content=\"APD Group Ltd\" \/>\n<meta property=\"article:modified_time\" content=\"2022-04-08T09:25:48+00:00\" \/>\n<meta name=\"twitter:card\" content=\"summary_large_image\" \/>\n<meta name=\"twitter:label1\" content=\"Gesch\u00e4tzte Lesezeit\" \/>\n\t<meta name=\"twitter:data1\" content=\"1 minute\" \/>\n<script type=\"application\/ld+json\" class=\"yoast-schema-graph\">{\"@context\":\"https:\/\/schema.org\",\"@graph\":[{\"@type\":\"WebPage\",\"@id\":\"https:\/\/apd-group.com\/de\/support\/\",\"url\":\"https:\/\/apd-group.com\/de\/support\/\",\"name\":\"Support - APD Group Ltd\",\"isPartOf\":{\"@id\":\"https:\/\/apd-group.com\/de\/#website\"},\"datePublished\":\"2021-10-19T15:05:18+00:00\",\"dateModified\":\"2022-04-08T09:25:48+00:00\",\"breadcrumb\":{\"@id\":\"https:\/\/apd-group.com\/de\/support\/#breadcrumb\"},\"inLanguage\":\"de-DE\",\"potentialAction\":[{\"@type\":\"ReadAction\",\"target\":[\"https:\/\/apd-group.com\/de\/support\/\"]}]},{\"@type\":\"BreadcrumbList\",\"@id\":\"https:\/\/apd-group.com\/de\/support\/#breadcrumb\",\"itemListElement\":[{\"@type\":\"ListItem\",\"position\":1,\"name\":\"Home\",\"item\":\"https:\/\/apd-group.com\/de\/\"},{\"@type\":\"ListItem\",\"position\":2,\"name\":\"Support\"}]},{\"@type\":\"WebSite\",\"@id\":\"https:\/\/apd-group.com\/de\/#website\",\"url\":\"https:\/\/apd-group.com\/de\/\",\"name\":\"APD Group Ltd\",\"description\":\"Automotive Business Management\",\"publisher\":{\"@id\":\"https:\/\/apd-group.com\/de\/#organization\"},\"potentialAction\":[{\"@type\":\"SearchAction\",\"target\":{\"@type\":\"EntryPoint\",\"urlTemplate\":\"https:\/\/apd-group.com\/de\/?s={search_term_string}\"},\"query-input\":{\"@type\":\"PropertyValueSpecification\",\"valueRequired\":true,\"valueName\":\"search_term_string\"}}],\"inLanguage\":\"de-DE\"},{\"@type\":\"Organization\",\"@id\":\"https:\/\/apd-group.com\/de\/#organization\",\"name\":\"APD Group Ltd\",\"url\":\"https:\/\/apd-group.com\/de\/\",\"logo\":{\"@type\":\"ImageObject\",\"inLanguage\":\"de-DE\",\"@id\":\"https:\/\/apd-group.com\/de\/#\/schema\/logo\/image\/\",\"url\":\"https:\/\/apd-group.com\/wp-content\/uploads\/2021\/05\/Group-245.png\",\"contentUrl\":\"https:\/\/apd-group.com\/wp-content\/uploads\/2021\/05\/Group-245.png\",\"width\":208,\"height\":59,\"caption\":\"APD Group Ltd\"},\"image\":{\"@id\":\"https:\/\/apd-group.com\/de\/#\/schema\/logo\/image\/\"}}]}<\/script>\n<!-- \/ Yoast SEO plugin. -->","yoast_head_json":{"title":"Support - APD Group Ltd","robots":{"index":"index","follow":"follow","max-snippet":"max-snippet:-1","max-image-preview":"max-image-preview:large","max-video-preview":"max-video-preview:-1"},"canonical":"https:\/\/apd-group.com\/de\/support\/","og_locale":"de_DE","og_type":"article","og_title":"Support - APD Group Ltd","og_description":"Support Brauchen Sie Hilfe? Mit Ihrer Erlaubnis kann sich das technische Support-Team von APD direkt mit Ihrem Computer verbinden, um Ihnen Fernunterst\u00fctzung f\u00fcr unsere Produkte zu bieten. Rufen Sie dazu zun\u00e4chst unser Support-Team unter der Nummer an, die Sie auf der Seite Kontakt finden. Sie k\u00f6nnen dann unseren technischen Fernsupport anfordern und erkl\u00e4ren, zu welchem [&hellip;]","og_url":"https:\/\/apd-group.com\/de\/support\/","og_site_name":"APD Group Ltd","article_modified_time":"2022-04-08T09:25:48+00:00","twitter_card":"summary_large_image","twitter_misc":{"Gesch\u00e4tzte Lesezeit":"1 minute"},"schema":{"@context":"https:\/\/schema.org","@graph":[{"@type":"WebPage","@id":"https:\/\/apd-group.com\/de\/support\/","url":"https:\/\/apd-group.com\/de\/support\/","name":"Support - APD Group Ltd","isPartOf":{"@id":"https:\/\/apd-group.com\/de\/#website"},"datePublished":"2021-10-19T15:05:18+00:00","dateModified":"2022-04-08T09:25:48+00:00","breadcrumb":{"@id":"https:\/\/apd-group.com\/de\/support\/#breadcrumb"},"inLanguage":"de-DE","potentialAction":[{"@type":"ReadAction","target":["https:\/\/apd-group.com\/de\/support\/"]}]},{"@type":"BreadcrumbList","@id":"https:\/\/apd-group.com\/de\/support\/#breadcrumb","itemListElement":[{"@type":"ListItem","position":1,"name":"Home","item":"https:\/\/apd-group.com\/de\/"},{"@type":"ListItem","position":2,"name":"Support"}]},{"@type":"WebSite","@id":"https:\/\/apd-group.com\/de\/#website","url":"https:\/\/apd-group.com\/de\/","name":"APD Group Ltd","description":"Automotive Business Management","publisher":{"@id":"https:\/\/apd-group.com\/de\/#organization"},"potentialAction":[{"@type":"SearchAction","target":{"@type":"EntryPoint","urlTemplate":"https:\/\/apd-group.com\/de\/?s={search_term_string}"},"query-input":{"@type":"PropertyValueSpecification","valueRequired":true,"valueName":"search_term_string"}}],"inLanguage":"de-DE"},{"@type":"Organization","@id":"https:\/\/apd-group.com\/de\/#organization","name":"APD Group Ltd","url":"https:\/\/apd-group.com\/de\/","logo":{"@type":"ImageObject","inLanguage":"de-DE","@id":"https:\/\/apd-group.com\/de\/#\/schema\/logo\/image\/","url":"https:\/\/apd-group.com\/wp-content\/uploads\/2021\/05\/Group-245.png","contentUrl":"https:\/\/apd-group.com\/wp-content\/uploads\/2021\/05\/Group-245.png","width":208,"height":59,"caption":"APD Group Ltd"},"image":{"@id":"https:\/\/apd-group.com\/de\/#\/schema\/logo\/image\/"}}]}},"_links":{"self":[{"href":"https:\/\/apd-group.com\/de\/wp-json\/wp\/v2\/pages\/3850","targetHints":{"allow":["GET"]}}],"collection":[{"href":"https:\/\/apd-group.com\/de\/wp-json\/wp\/v2\/pages"}],"about":[{"href":"https:\/\/apd-group.com\/de\/wp-json\/wp\/v2\/types\/page"}],"author":[{"embeddable":true,"href":"https:\/\/apd-group.com\/de\/wp-json\/wp\/v2\/users\/10"}],"replies":[{"embeddable":true,"href":"https:\/\/apd-group.com\/de\/wp-json\/wp\/v2\/comments?post=3850"}],"version-history":[{"count":0,"href":"https:\/\/apd-group.com\/de\/wp-json\/wp\/v2\/pages\/3850\/revisions"}],"wp:attachment":[{"href":"https:\/\/apd-group.com\/de\/wp-json\/wp\/v2\/media?parent=3850"}],"curies":[{"name":"wp","href":"https:\/\/api.w.org\/{rel}","templated":true}]}}